{"id":12595,"date":"2026-01-23T16:21:01","date_gmt":"2026-01-23T15:21:01","guid":{"rendered":"https:\/\/www.bobooaza.pl\/index.php\/produkt\/milly-mally-6434-mata-piankowa-skladana-play-woods-t1\/"},"modified":"2026-01-23T16:34:45","modified_gmt":"2026-01-23T15:34:45","slug":"milly-mally-6434-mata-piankowa-skladana-play-woods-t1","status":"publish","type":"product","link":"https:\/\/www.bobooaza.pl\/index.php\/produkt\/milly-mally-6434-mata-piankowa-skladana-play-woods-t1\/","title":{"rendered":"MILLY MALLY 6434 Mata piankowa sk\u0142adana Play Woods T1"},"content":{"rendered":"<p>Milly Mally Mata piankowa sk\u0142adana Play Woods T1 to dwustronna mata piankowa zapewniaj\u0105ca komfort i bezpiecze\u0144stwo dziecka podczas zabawy, raczkowania i nauki chodzenia. Posiada w\u0142a\u015bciwo\u015bci antypo\u015blizgowe i antyalergiczne, dzi\u0119ki czemu jest bezpieczna w u\u017cytkowaniu. Atrakcyjne nadruki sprawiaj\u0105, \u017ce mata pasuje do ka\u017cdego pokoju, zar\u00f3wno dla ch\u0142opca, jak i dziewczynki. Doskonale izoluje od ch\u0142odnej pod\u0142ogi, jest wodoodporna i \u0142atwa w czyszczeniu, a du\u017ca elastyczno\u015b\u0107 amortyzuje ewentualne upadki. Mo\u017cna jej u\u017cywa\u0107 tak\u017ce na zewn\u0105trz na g\u0142adkich powierzchniach, a dzi\u0119ki torbie z suwakiem \u0142atwo zabra\u0107 j\u0105 w podr\u00f3\u017c.<\/p>\n<p>Mata jest lekka i solidna, wykonana z pianki XPE, nie zawiera formamidu, ftalan\u00f3w, PVC ani Bisfenolu A i obj\u0119ta jest roczn\u0105 gwarancj\u0105 producenta.<\/p>\n<p>Dane techniczne: grubo\u015b\u0107 1 cm, d\u0142ugo\u015b\u0107 197 cm, szeroko\u015b\u0107 177 cm, waga 1,1 kg.<\/p>\n","protected":false},"excerpt":{"rendered":"<p>Milly Mally Mata piankowa sk\u0142adana Play Woods T1 to dwustronna mata piankowa zapewniaj\u0105ca komfort i bezpiecze\u0144stwo dziecka podczas zabawy, raczkowania i nauki chodzenia. Posiada w\u0142a\u015bciwo\u015bci antypo\u015blizgowe i antyalergiczne, dzi\u0119ki czemu jest bezpieczna w u\u017cytkowaniu. Atrakcyjne nadruki sprawiaj\u0105, \u017ce mata pasuje do ka\u017cdego pokoju, zar\u00f3wno dla ch\u0142opca, jak i dziewczynki. Doskonale izoluje od ch\u0142odnej pod\u0142ogi, jest [&hellip;]<\/p>\n","protected":false},"featured_media":12591,"comment_status":"open","ping_status":"closed","template":"","meta":[],"product_brand":[],"product_cat":[146,160,61],"product_tag":[],"class_list":{"0":"post-12595","1":"product","2":"type-product","3":"status-publish","4":"has-post-thumbnail","6":"product_cat-maty","7":"product_cat-maty-piankowe","8":"product_cat-zabawki","10":"first","11":"instock","12":"taxable","13":"shipping-taxable","14":"purchasable","15":"product-type-simple"},"_links":{"self":[{"href":"https:\/\/www.bobooaza.pl\/index.php\/wp-json\/wp\/v2\/product\/12595","targetHints":{"allow":["GET"]}}],"collection":[{"href":"https:\/\/www.bobooaza.pl\/index.php\/wp-json\/wp\/v2\/product"}],"about":[{"href":"https:\/\/www.bobooaza.pl\/index.php\/wp-json\/wp\/v2\/types\/product"}],"replies":[{"embeddable":true,"href":"https:\/\/www.bobooaza.pl\/index.php\/wp-json\/wp\/v2\/comments?post=12595"}],"wp:featuredmedia":[{"embeddable":true,"href":"https:\/\/www.bobooaza.pl\/index.php\/wp-json\/wp\/v2\/media\/12591"}],"wp:attachment":[{"href":"https:\/\/www.bobooaza.pl\/index.php\/wp-json\/wp\/v2\/media?parent=12595"}],"wp:term":[{"taxonomy":"product_brand","embeddable":true,"href":"https:\/\/www.bobooaza.pl\/index.php\/wp-json\/wp\/v2\/product_brand?post=12595"},{"taxonomy":"product_cat","embeddable":true,"href":"https:\/\/www.bobooaza.pl\/index.php\/wp-json\/wp\/v2\/product_cat?post=12595"},{"taxonomy":"product_tag","embeddable":true,"href":"https:\/\/www.bobooaza.pl\/index.php\/wp-json\/wp\/v2\/product_tag?post=12595"}],"curies":[{"name":"wp","href":"https:\/\/api.w.org\/{rel}","templated":true}]}}