{"id":12608,"date":"2026-01-23T16:27:20","date_gmt":"2026-01-23T15:27:20","guid":{"rendered":"https:\/\/www.bobooaza.pl\/index.php\/produkt\/milly-mally-mata-piankowa-skladana-play-giraffe\/"},"modified":"2026-01-23T16:34:50","modified_gmt":"2026-01-23T15:34:50","slug":"milly-mally-mata-piankowa-skladana-play-giraffe","status":"publish","type":"product","link":"https:\/\/www.bobooaza.pl\/index.php\/produkt\/milly-mally-mata-piankowa-skladana-play-giraffe\/","title":{"rendered":"MILLY MALLY Mata piankowa sk\u0142adana Play Giraffe"},"content":{"rendered":"<p>Milly Mally Mata piankowa sk\u0142adana Play Giraffe to dwustronna mata piankowa zapewniaj\u0105ca komfort i bezpiecze\u0144stwo dziecka podczas zabawy, raczkowania i nauki chodzenia. Posiada w\u0142a\u015bciwo\u015bci antypo\u015blizgowe i antyalergiczne, co zwi\u0119ksza bezpiecze\u0144stwo u\u017cytkowania. Nadruk w motywy \u017cyraf sprawia, \u017ce mata pasuje do ka\u017cdego pokoju, zar\u00f3wno dla ch\u0142opca, jak i dziewczynki. Doskonale izoluje od ch\u0142odnej pod\u0142ogi, jest wodoodporna i \u0142atwa w czyszczeniu. Du\u017ca elastyczno\u015b\u0107 dobrze amortyzuje upadki, a praktyczna torba z suwakiem umo\u017cliwia wygodne zabranie maty w podr\u00f3\u017c.<\/p>\n<p>Mata jest lekka i solidna, wykonana z pianki XPE, nie zawiera formamidu, ftalan\u00f3w, PVC ani Bisfenolu A i obj\u0119ta jest roczn\u0105 gwarancj\u0105 producenta.<\/p>\n<p>Dane techniczne: grubo\u015b\u0107 1 cm, d\u0142ugo\u015b\u0107 197 cm, szeroko\u015b\u0107 177 cm, waga 1,1 kg. Wymiary opakowania: wysoko\u015b\u0107 41,5 cm, szeroko\u015b\u0107 12 cm, d\u0142ugo\u015b\u0107 92,5 cm, waga z opakowaniem 1,4 kg.<\/p>\n","protected":false},"excerpt":{"rendered":"<p>Milly Mally Mata piankowa sk\u0142adana Play Giraffe to dwustronna mata piankowa zapewniaj\u0105ca komfort i bezpiecze\u0144stwo dziecka podczas zabawy, raczkowania i nauki chodzenia. Posiada w\u0142a\u015bciwo\u015bci antypo\u015blizgowe i antyalergiczne, co zwi\u0119ksza bezpiecze\u0144stwo u\u017cytkowania. Nadruk w motywy \u017cyraf sprawia, \u017ce mata pasuje do ka\u017cdego pokoju, zar\u00f3wno dla ch\u0142opca, jak i dziewczynki. Doskonale izoluje od ch\u0142odnej pod\u0142ogi, jest wodoodporna [&hellip;]<\/p>\n","protected":false},"featured_media":12601,"comment_status":"open","ping_status":"closed","template":"","meta":[],"product_brand":[],"product_cat":[146,160,61],"product_tag":[],"class_list":{"0":"post-12608","1":"product","2":"type-product","3":"status-publish","4":"has-post-thumbnail","6":"product_cat-maty","7":"product_cat-maty-piankowe","8":"product_cat-zabawki","10":"first","11":"outofstock","12":"taxable","13":"shipping-taxable","14":"purchasable","15":"product-type-simple"},"_links":{"self":[{"href":"https:\/\/www.bobooaza.pl\/index.php\/wp-json\/wp\/v2\/product\/12608","targetHints":{"allow":["GET"]}}],"collection":[{"href":"https:\/\/www.bobooaza.pl\/index.php\/wp-json\/wp\/v2\/product"}],"about":[{"href":"https:\/\/www.bobooaza.pl\/index.php\/wp-json\/wp\/v2\/types\/product"}],"replies":[{"embeddable":true,"href":"https:\/\/www.bobooaza.pl\/index.php\/wp-json\/wp\/v2\/comments?post=12608"}],"wp:featuredmedia":[{"embeddable":true,"href":"https:\/\/www.bobooaza.pl\/index.php\/wp-json\/wp\/v2\/media\/12601"}],"wp:attachment":[{"href":"https:\/\/www.bobooaza.pl\/index.php\/wp-json\/wp\/v2\/media?parent=12608"}],"wp:term":[{"taxonomy":"product_brand","embeddable":true,"href":"https:\/\/www.bobooaza.pl\/index.php\/wp-json\/wp\/v2\/product_brand?post=12608"},{"taxonomy":"product_cat","embeddable":true,"href":"https:\/\/www.bobooaza.pl\/index.php\/wp-json\/wp\/v2\/product_cat?post=12608"},{"taxonomy":"product_tag","embeddable":true,"href":"https:\/\/www.bobooaza.pl\/index.php\/wp-json\/wp\/v2\/product_tag?post=12608"}],"curies":[{"name":"wp","href":"https:\/\/api.w.org\/{rel}","templated":true}]}}