{"id":12650,"date":"2026-01-23T16:35:08","date_gmt":"2026-01-23T15:35:08","guid":{"rendered":"https:\/\/www.bobooaza.pl\/index.php\/produkt\/milly-mally-mata-piankowa-skladana-play-deer-t1\/"},"modified":"2026-01-23T16:44:08","modified_gmt":"2026-01-23T15:44:08","slug":"milly-mally-mata-piankowa-skladana-play-deer-t1","status":"publish","type":"product","link":"https:\/\/www.bobooaza.pl\/index.php\/produkt\/milly-mally-mata-piankowa-skladana-play-deer-t1\/","title":{"rendered":"MILLY MALLY Mata piankowa sk\u0142adana Play Deer T1"},"content":{"rendered":"<p>Milly Mally Mata piankowa sk\u0142adana to dwustronna mata zapewniaj\u0105ca komfort i bezpiecze\u0144stwo dziecka podczas zabawy, raczkowania i nauki chodzenia. Posiada w\u0142a\u015bciwo\u015bci antypo\u015blizgowe i antyalergiczne, dobrze izoluje od ch\u0142odnej pod\u0142ogi, jest wodoodporna i \u0142atwa w czyszczeniu. Ciekawe nadruki sprawiaj\u0105, \u017ce pasuje do ka\u017cdego pokoju, a du\u017ca elastyczno\u015b\u0107 skutecznie amortyzuje upadki. Mo\u017cna jej u\u017cywa\u0107 tak\u017ce na zewn\u0105trz, a torba z suwakiem umo\u017cliwia \u0142atwe przenoszenie w podr\u00f3\u017cy.<\/p>\n<p>Nie zawiera formamidu, ftalan\u00f3w, PVC ani Bisfenolu A. Gwarancja producenta wynosi 1 rok.<\/p>\n<p>Dane techniczne: grubo\u015b\u0107 1 cm, d\u0142ugo\u015b\u0107 197 cm, szeroko\u015b\u0107 177 cm, waga 1,1 kg. Wymiary opakowania: wysoko\u015b\u0107 41,5 cm, szeroko\u015b\u0107 12 cm, d\u0142ugo\u015b\u0107 92,5 cm, waga 1,4 kg.<\/p>\n","protected":false},"excerpt":{"rendered":"<p>Milly Mally Mata piankowa sk\u0142adana to dwustronna mata zapewniaj\u0105ca komfort i bezpiecze\u0144stwo dziecka podczas zabawy, raczkowania i nauki chodzenia. Posiada w\u0142a\u015bciwo\u015bci antypo\u015blizgowe i antyalergiczne, dobrze izoluje od ch\u0142odnej pod\u0142ogi, jest wodoodporna i \u0142atwa w czyszczeniu. Ciekawe nadruki sprawiaj\u0105, \u017ce pasuje do ka\u017cdego pokoju, a du\u017ca elastyczno\u015b\u0107 skutecznie amortyzuje upadki. Mo\u017cna jej u\u017cywa\u0107 tak\u017ce na zewn\u0105trz, [&hellip;]<\/p>\n","protected":false},"featured_media":12647,"comment_status":"open","ping_status":"closed","template":"","meta":[],"product_brand":[],"product_cat":[146,160,61],"product_tag":[],"class_list":{"0":"post-12650","1":"product","2":"type-product","3":"status-publish","4":"has-post-thumbnail","6":"product_cat-maty","7":"product_cat-maty-piankowe","8":"product_cat-zabawki","10":"first","11":"instock","12":"taxable","13":"shipping-taxable","14":"purchasable","15":"product-type-simple"},"_links":{"self":[{"href":"https:\/\/www.bobooaza.pl\/index.php\/wp-json\/wp\/v2\/product\/12650","targetHints":{"allow":["GET"]}}],"collection":[{"href":"https:\/\/www.bobooaza.pl\/index.php\/wp-json\/wp\/v2\/product"}],"about":[{"href":"https:\/\/www.bobooaza.pl\/index.php\/wp-json\/wp\/v2\/types\/product"}],"replies":[{"embeddable":true,"href":"https:\/\/www.bobooaza.pl\/index.php\/wp-json\/wp\/v2\/comments?post=12650"}],"wp:featuredmedia":[{"embeddable":true,"href":"https:\/\/www.bobooaza.pl\/index.php\/wp-json\/wp\/v2\/media\/12647"}],"wp:attachment":[{"href":"https:\/\/www.bobooaza.pl\/index.php\/wp-json\/wp\/v2\/media?parent=12650"}],"wp:term":[{"taxonomy":"product_brand","embeddable":true,"href":"https:\/\/www.bobooaza.pl\/index.php\/wp-json\/wp\/v2\/product_brand?post=12650"},{"taxonomy":"product_cat","embeddable":true,"href":"https:\/\/www.bobooaza.pl\/index.php\/wp-json\/wp\/v2\/product_cat?post=12650"},{"taxonomy":"product_tag","embeddable":true,"href":"https:\/\/www.bobooaza.pl\/index.php\/wp-json\/wp\/v2\/product_tag?post=12650"}],"curies":[{"name":"wp","href":"https:\/\/api.w.org\/{rel}","templated":true}]}}