{"id":9227,"date":"2025-12-28T00:19:35","date_gmt":"2025-12-27T23:19:35","guid":{"rendered":"https:\/\/bobooaza.pl\/index.php\/produkt\/lalka-natalia-z-pieskiem-interaktywny-zestaw-35-cm-z-melodyjkami-i-frazami\/"},"modified":"2026-01-14T12:05:28","modified_gmt":"2026-01-14T11:05:28","slug":"lalka-natalia-z-pieskiem-interaktywny-zestaw-35-cm-z-melodyjkami-i-frazami","status":"publish","type":"product","link":"https:\/\/www.bobooaza.pl\/index.php\/produkt\/lalka-natalia-z-pieskiem-interaktywny-zestaw-35-cm-z-melodyjkami-i-frazami\/","title":{"rendered":"Lalka Natalia z pieskiem &#8211; interaktywny zestaw 35 cm z melodyjkami i frazami"},"content":{"rendered":"<p>Odkryj magiczny \u015bwiat zabawy z lalk\u0105 Natalia, kt\u00f3ra ma 35 cm wysoko\u015bci i towarzyszy jej uroczy pluszowy piesek. W zestawie znajdziesz tak\u017ce modn\u0105 kurtk\u0119 oraz akcesoria: misk\u0119, pi\u0142k\u0119 i kostk\u0119. Natalia nie tylko wygl\u0105da uroczo, ale r\u00f3wnie\u017c bawi dzieci dzi\u0119ki swoim interaktywnym funkcjom. Potrafi za\u015bpiewa\u0107 dwie popularne piosenki: \u201eKosi, kosi \u0142apki\u201d oraz \u201eMisia A, Misia B\u201d, a tak\u017ce z rado\u015bci\u0105 wypowiada cztery serdeczne frazy: \u201eKocham ci\u0119 mamusiu\u201d, \u201ePrzytul mnie bardzo mocno\u201d, \u201eP\u00f3jdziemy na spacer\u201d oraz \u201eBardzo lubi\u0119 \u015bpiewa\u0107, to \u015bwietna zabawa\u201d. <\/p>\n<p>Zabawka dostarczana jest w estetycznym opakowaniu o wymiarach 32 x 38 x 11 cm, a do zabawy do\u0142\u0105czona jest bateria CR2032. Idealna dla dzieci powy\u017cej 2. roku \u017cycia, lalka Natalie zapewnia nie tylko rado\u015b\u0107, ale tak\u017ce rozwija wyobra\u017ani\u0119 oraz umiej\u0119tno\u015bci spo\u0142eczne najm\u0142odszych. Wzboga\u0107 chwile zabawy swojej pociechy z lalk\u0105 Natalia i jej uroczym pieskiem!<\/p>\n","protected":false},"excerpt":{"rendered":"<p>Odkryj magiczny \u015bwiat zabawy z lalk\u0105 Natalia, kt\u00f3ra ma 35 cm wysoko\u015bci i towarzyszy jej uroczy pluszowy piesek. W zestawie znajdziesz tak\u017ce modn\u0105 kurtk\u0119 oraz akcesoria: misk\u0119, pi\u0142k\u0119 i kostk\u0119. Natalia nie tylko wygl\u0105da uroczo, ale r\u00f3wnie\u017c bawi dzieci dzi\u0119ki swoim interaktywnym funkcjom. Potrafi za\u015bpiewa\u0107 dwie popularne piosenki: \u201eKosi, kosi \u0142apki\u201d oraz \u201eMisia A, Misia [&hellip;]<\/p>\n","protected":false},"featured_media":9226,"comment_status":"open","ping_status":"closed","template":"","meta":[],"product_brand":[],"product_cat":[131,61],"product_tag":[],"class_list":{"0":"post-9227","1":"product","2":"type-product","3":"status-publish","4":"has-post-thumbnail","6":"product_cat-lalki","7":"product_cat-zabawki","9":"first","10":"instock","11":"taxable","12":"shipping-taxable","13":"purchasable","14":"product-type-simple"},"_links":{"self":[{"href":"https:\/\/www.bobooaza.pl\/index.php\/wp-json\/wp\/v2\/product\/9227","targetHints":{"allow":["GET"]}}],"collection":[{"href":"https:\/\/www.bobooaza.pl\/index.php\/wp-json\/wp\/v2\/product"}],"about":[{"href":"https:\/\/www.bobooaza.pl\/index.php\/wp-json\/wp\/v2\/types\/product"}],"replies":[{"embeddable":true,"href":"https:\/\/www.bobooaza.pl\/index.php\/wp-json\/wp\/v2\/comments?post=9227"}],"wp:featuredmedia":[{"embeddable":true,"href":"https:\/\/www.bobooaza.pl\/index.php\/wp-json\/wp\/v2\/media\/9226"}],"wp:attachment":[{"href":"https:\/\/www.bobooaza.pl\/index.php\/wp-json\/wp\/v2\/media?parent=9227"}],"wp:term":[{"taxonomy":"product_brand","embeddable":true,"href":"https:\/\/www.bobooaza.pl\/index.php\/wp-json\/wp\/v2\/product_brand?post=9227"},{"taxonomy":"product_cat","embeddable":true,"href":"https:\/\/www.bobooaza.pl\/index.php\/wp-json\/wp\/v2\/product_cat?post=9227"},{"taxonomy":"product_tag","embeddable":true,"href":"https:\/\/www.bobooaza.pl\/index.php\/wp-json\/wp\/v2\/product_tag?post=9227"}],"curies":[{"name":"wp","href":"https:\/\/api.w.org\/{rel}","templated":true}]}}