{"id":9229,"date":"2025-12-28T00:19:39","date_gmt":"2025-12-27T23:19:39","guid":{"rendered":"https:\/\/bobooaza.pl\/index.php\/produkt\/wozek-spacerowy-z-lalka-bambolina-smily-play-bd2118\/"},"modified":"2025-12-28T00:24:31","modified_gmt":"2025-12-27T23:24:31","slug":"wozek-spacerowy-z-lalka-bambolina-smily-play-bd2118","status":"publish","type":"product","link":"https:\/\/www.bobooaza.pl\/index.php\/produkt\/wozek-spacerowy-z-lalka-bambolina-smily-play-bd2118\/","title":{"rendered":"W\u00f3zek Spacerowy z Lalk\u0105 Bambolina \u2013 Smily Play BD2118"},"content":{"rendered":"<p>W\u00f3zek spacerowy SMILY PLAY BD2118 to idealna zabawka dla ma\u0142ych opiekunek, kt\u00f3re pragn\u0105 dba\u0107 o swoje lalki. Zestaw obejmuje urokliw\u0105 lalk\u0119 z serii Bambolina, kt\u00f3ra wygl\u0105da jak prawdziwy bobasek, wykonana z wysokiej jako\u015bci materia\u0142\u00f3w. Lalka posiada gumow\u0105 g\u0142\u00f3wk\u0119, r\u0105czki i st\u00f3pki, a jej brzuszek jest z poyesteru, co nadaje jej realistyczny wygl\u0105d. W\u00f3zek spacerowy, z kt\u00f3rego mo\u017cna \u0142atwo wyjmowa\u0107 nosid\u0142o, jest doskona\u0142y zar\u00f3wno do zabawy w pomieszczeniach, jak i na \u015bwie\u017cym powietrzu. W zestawie znajduje si\u0119 r\u00f3wnie\u017c torba na akcesoria, kt\u00f3r\u0105 mo\u017cna zawiesi\u0107 na r\u0105czce w\u00f3zka, co zwi\u0119ksza wra\u017cenie prawdziwego u\u017cytkowania.<\/p>\n<p>Dzi\u0119ki tej zabawce maluchy mog\u0105 rozwija\u0107 zmys\u0142 opieku\u0144czy oraz umiej\u0119tno\u015bci kreatywnej zabawy. W\u00f3zek spacerowy SMILY PLAY sprzyja rozwijaniu ma\u0142ej motoryki, a tak\u017ce zach\u0119ca do wsp\u00f3lnych zabaw i interakcji. Produkt jest przeznaczony dla dzieci od 3. roku \u017cycia oraz spe\u0142nia wszystkie niezb\u0119dne normy bezpiecze\u0144stwa. <\/p>\n<p>Dzi\u0119ki odpowiednim wymiarom lalki (wysoko\u015b\u0107: 44 cm, szeroko\u015b\u0107: 28 cm, g\u0142\u0119boko\u015b\u0107: 11 cm) oraz starannemu wykonaniu, w\u00f3zek spacerowy BD2118 stanie si\u0119 ulubionym towarzyszem zabaw Twojego dziecka. Wybieraj\u0105c SMILY PLAY, inwestujesz w jako\u015b\u0107, bezpiecze\u0144stwo i rado\u015b\u0107 swojego dziecka.<\/p>\n","protected":false},"excerpt":{"rendered":"<p>W\u00f3zek spacerowy SMILY PLAY BD2118 to idealna zabawka dla ma\u0142ych opiekunek, kt\u00f3re pragn\u0105 dba\u0107 o swoje lalki. Zestaw obejmuje urokliw\u0105 lalk\u0119 z serii Bambolina, kt\u00f3ra wygl\u0105da jak prawdziwy bobasek, wykonana z wysokiej jako\u015bci materia\u0142\u00f3w. Lalka posiada gumow\u0105 g\u0142\u00f3wk\u0119, r\u0105czki i st\u00f3pki, a jej brzuszek jest z poyesteru, co nadaje jej realistyczny wygl\u0105d. W\u00f3zek spacerowy, z [&hellip;]<\/p>\n","protected":false},"featured_media":9228,"comment_status":"open","ping_status":"closed","template":"","meta":[],"product_brand":[],"product_cat":[131,61],"product_tag":[],"class_list":{"0":"post-9229","1":"product","2":"type-product","3":"status-publish","4":"has-post-thumbnail","6":"product_cat-lalki","7":"product_cat-zabawki","9":"first","10":"instock","11":"taxable","12":"shipping-taxable","13":"purchasable","14":"product-type-simple"},"_links":{"self":[{"href":"https:\/\/www.bobooaza.pl\/index.php\/wp-json\/wp\/v2\/product\/9229","targetHints":{"allow":["GET"]}}],"collection":[{"href":"https:\/\/www.bobooaza.pl\/index.php\/wp-json\/wp\/v2\/product"}],"about":[{"href":"https:\/\/www.bobooaza.pl\/index.php\/wp-json\/wp\/v2\/types\/product"}],"replies":[{"embeddable":true,"href":"https:\/\/www.bobooaza.pl\/index.php\/wp-json\/wp\/v2\/comments?post=9229"}],"wp:featuredmedia":[{"embeddable":true,"href":"https:\/\/www.bobooaza.pl\/index.php\/wp-json\/wp\/v2\/media\/9228"}],"wp:attachment":[{"href":"https:\/\/www.bobooaza.pl\/index.php\/wp-json\/wp\/v2\/media?parent=9229"}],"wp:term":[{"taxonomy":"product_brand","embeddable":true,"href":"https:\/\/www.bobooaza.pl\/index.php\/wp-json\/wp\/v2\/product_brand?post=9229"},{"taxonomy":"product_cat","embeddable":true,"href":"https:\/\/www.bobooaza.pl\/index.php\/wp-json\/wp\/v2\/product_cat?post=9229"},{"taxonomy":"product_tag","embeddable":true,"href":"https:\/\/www.bobooaza.pl\/index.php\/wp-json\/wp\/v2\/product_tag?post=9229"}],"curies":[{"name":"wp","href":"https:\/\/api.w.org\/{rel}","templated":true}]}}