{"id":9232,"date":"2025-12-28T00:19:42","date_gmt":"2025-12-27T23:19:42","guid":{"rendered":"https:\/\/bobooaza.pl\/index.php\/produkt\/lalka-julka-z-lozeczkiem-i-akcesoriami-idealna-towarzyszka-zabaw-dla-malych-opiekunek\/"},"modified":"2026-01-19T21:52:42","modified_gmt":"2026-01-19T20:52:42","slug":"lalka-julka-z-lozeczkiem-i-akcesoriami-idealna-towarzyszka-zabaw-dla-malych-opiekunek","status":"publish","type":"product","link":"https:\/\/www.bobooaza.pl\/index.php\/produkt\/lalka-julka-z-lozeczkiem-i-akcesoriami-idealna-towarzyszka-zabaw-dla-malych-opiekunek\/","title":{"rendered":"Lalka Julka z \u0142\u00f3\u017ceczkiem i akcesoriami &#8211; Idealna towarzyszka zabaw dla ma\u0142ych opiekunek"},"content":{"rendered":"<p>Lalka Julka z \u0142\u00f3\u017ceczkiem to doskona\u0142a zabawka dla ka\u017cdej ma\u0142ej opiekunki, kt\u00f3ra pragnie zyska\u0107 nowe umiej\u0119tno\u015bci opieku\u0144cze oraz rozwija\u0107 swoj\u0105 wyobra\u017ani\u0119. Zestaw zawiera urocze \u0142\u00f3\u017ceczko oraz akcesoria, kt\u00f3re umo\u017cliwiaj\u0105 pe\u0142ne zaanga\u017cowanie w rol\u0119 opiekuna. Z pomoc\u0105 lalki Julki dzieci ucz\u0105 si\u0119 dbania o innych, stawiaj\u0105c pierwsze kroki w budowaniu bliskich relacji. <\/p>\n<p>Wysokiej jako\u015bci materia\u0142y, z kt\u00f3rych wykonano lalk\u0119 i jej odzie\u017c, zapewniaj\u0105 trwa\u0142o\u015b\u0107 i bezpiecze\u0144stwo w trakcie zabawy. Dopracowane detale sprawiaj\u0105, \u017ce ka\u017cda chwila sp\u0119dzona z Julk\u0105 jest niezwykle realistyczna i satysfakcjonuj\u0105ca. Produkt przeznaczony jest dla dzieci w wieku powy\u017cej 2 lat. Marki Smily Play mo\u017cna zaufa\u0107, dzi\u0119ki jej wieloletniemu do\u015bwiadczeniu w tworzeniu zabawek, kt\u00f3re s\u0105 nie tylko rozrywkowe, ale tak\u017ce edukacyjne.<\/p>\n<p>Lalka Julka z \u0142\u00f3\u017ceczkiem to idealny prezent, kt\u00f3ry zach\u0119ca do zabawy, rozwija empati\u0119 i stymuluje kreatywno\u015b\u0107 najm\u0142odszych.<\/p>\n","protected":false},"excerpt":{"rendered":"<p>Lalka Julka z \u0142\u00f3\u017ceczkiem to doskona\u0142a zabawka dla ka\u017cdej ma\u0142ej opiekunki, kt\u00f3ra pragnie zyska\u0107 nowe umiej\u0119tno\u015bci opieku\u0144cze oraz rozwija\u0107 swoj\u0105 wyobra\u017ani\u0119. Zestaw zawiera urocze \u0142\u00f3\u017ceczko oraz akcesoria, kt\u00f3re umo\u017cliwiaj\u0105 pe\u0142ne zaanga\u017cowanie w rol\u0119 opiekuna. Z pomoc\u0105 lalki Julki dzieci ucz\u0105 si\u0119 dbania o innych, stawiaj\u0105c pierwsze kroki w budowaniu bliskich relacji. Wysokiej jako\u015bci materia\u0142y, z [&hellip;]<\/p>\n","protected":false},"featured_media":9230,"comment_status":"open","ping_status":"closed","template":"","meta":[],"product_brand":[],"product_cat":[131,61],"product_tag":[],"class_list":{"0":"post-9232","1":"product","2":"type-product","3":"status-publish","4":"has-post-thumbnail","6":"product_cat-lalki","7":"product_cat-zabawki","9":"first","10":"instock","11":"taxable","12":"shipping-taxable","13":"purchasable","14":"product-type-simple"},"_links":{"self":[{"href":"https:\/\/www.bobooaza.pl\/index.php\/wp-json\/wp\/v2\/product\/9232","targetHints":{"allow":["GET"]}}],"collection":[{"href":"https:\/\/www.bobooaza.pl\/index.php\/wp-json\/wp\/v2\/product"}],"about":[{"href":"https:\/\/www.bobooaza.pl\/index.php\/wp-json\/wp\/v2\/types\/product"}],"replies":[{"embeddable":true,"href":"https:\/\/www.bobooaza.pl\/index.php\/wp-json\/wp\/v2\/comments?post=9232"}],"wp:featuredmedia":[{"embeddable":true,"href":"https:\/\/www.bobooaza.pl\/index.php\/wp-json\/wp\/v2\/media\/9230"}],"wp:attachment":[{"href":"https:\/\/www.bobooaza.pl\/index.php\/wp-json\/wp\/v2\/media?parent=9232"}],"wp:term":[{"taxonomy":"product_brand","embeddable":true,"href":"https:\/\/www.bobooaza.pl\/index.php\/wp-json\/wp\/v2\/product_brand?post=9232"},{"taxonomy":"product_cat","embeddable":true,"href":"https:\/\/www.bobooaza.pl\/index.php\/wp-json\/wp\/v2\/product_cat?post=9232"},{"taxonomy":"product_tag","embeddable":true,"href":"https:\/\/www.bobooaza.pl\/index.php\/wp-json\/wp\/v2\/product_tag?post=9232"}],"curies":[{"name":"wp","href":"https:\/\/api.w.org\/{rel}","templated":true}]}}