{"id":9234,"date":"2025-12-28T00:19:43","date_gmt":"2025-12-27T23:19:43","guid":{"rendered":"https:\/\/bobooaza.pl\/index.php\/produkt\/lalka-balerina-smily-play-bd2001a-80-cm-interaktywna-przyjaciolka-dla-dzieci-3\/"},"modified":"2026-01-19T21:52:43","modified_gmt":"2026-01-19T20:52:43","slug":"lalka-balerina-smily-play-bd2001a-80-cm-interaktywna-przyjaciolka-dla-dzieci-3","status":"publish","type":"product","link":"https:\/\/www.bobooaza.pl\/index.php\/produkt\/lalka-balerina-smily-play-bd2001a-80-cm-interaktywna-przyjaciolka-dla-dzieci-3\/","title":{"rendered":"Lalka Balerina SMILY PLAY BD2001A &#8211; 80 cm, Interaktywna Przyjaci\u00f3\u0142ka dla Dzieci 3+"},"content":{"rendered":"<p>Odkryj niezwyk\u0142\u0105 lal\u0119 Balerin\u0119 SMILY PLAY BD2001A, kt\u00f3ra przeniesie Twoje dziecko do magicznego \u015bwiata ta\u0144ca i kreatywnej zabawy. Ta pi\u0119kna lalka, o wysoko\u015bci 80 cm, inspirowana postaci\u0105 z bajki \u201eJezioro \u0141ab\u0119dzie\u201d, zachwyca nie tylko swoim wygl\u0105dem, ale tak\u017ce sposobem, w jaki anga\u017cuje dzieci w interakcj\u0119 i rozwija ich wyobra\u017ani\u0119. <\/p>\n<p>Lalka nale\u017cy do serii Lalek Chodz\u0105cych, kt\u00f3re przedstawiaj\u0105 znane i lubiane bohaterki z bajek, takich jak Kopciuszek, Roszpunka czy Kr\u00f3lewna \u015anie\u017cka, ka\u017cdy z nich ubrane w charakterystyczne stroje, kt\u00f3re pot\u0119guj\u0105 ich urok. W trakcie zabawy dzieci mog\u0105 bawi\u0107 si\u0119 w odtwarzanie ulubionych historii, prowadz\u0105c lalk\u0119 za r\u0105czk\u0119 i przekszta\u0142caj\u0105c codzienno\u015b\u0107 w bajkowe przygody.<\/p>\n<p>Zabawa z lalk\u0105 pomaga dzieciom rozwija\u0107 empati\u0119, troskliwo\u015b\u0107 oraz wzmacnia\u0107 wi\u0119zi przemoc\u0105 wyobra\u017ani. Przytulanie, ko\u0142ysanie i wsp\u00f3lne \u015bmiechy tworz\u0105 wyj\u0105tkowe chwile, kt\u00f3re mog\u0105 sta\u0107 si\u0119 niezatarte w pami\u0119ci najm\u0142odszych. Lalka Balerina SMILY PLAY to idealny przyjaciel, kt\u00f3ry towarzyszy w niejednej przygodzie, kszta\u0142tuj\u0105c emocjonalny rozw\u00f3j dziecka.<\/p>\n<p>Produkt jest przeznaczony dla dzieci powy\u017cej 3. roku \u017cycia, a jego bezpiecze\u0144stwo potwierdzaj\u0105 normy EN71-1, EN71-2 oraz EN71-3. Kiedy wprowadzisz t\u0119 urocz\u0105 balerin\u0119 do \u015bwiata swojego dziecka, zapewnisz mu nie tylko przyjemno\u015b\u0107 z zabawy, ale r\u00f3wnie\u017c warto\u015bciowe lekcje \u017cyciowe.<\/p>\n","protected":false},"excerpt":{"rendered":"<p>Odkryj niezwyk\u0142\u0105 lal\u0119 Balerin\u0119 SMILY PLAY BD2001A, kt\u00f3ra przeniesie Twoje dziecko do magicznego \u015bwiata ta\u0144ca i kreatywnej zabawy. Ta pi\u0119kna lalka, o wysoko\u015bci 80 cm, inspirowana postaci\u0105 z bajki \u201eJezioro \u0141ab\u0119dzie\u201d, zachwyca nie tylko swoim wygl\u0105dem, ale tak\u017ce sposobem, w jaki anga\u017cuje dzieci w interakcj\u0119 i rozwija ich wyobra\u017ani\u0119. Lalka nale\u017cy do serii Lalek Chodz\u0105cych, [&hellip;]<\/p>\n","protected":false},"featured_media":9233,"comment_status":"open","ping_status":"closed","template":"","meta":[],"product_brand":[],"product_cat":[131,61],"product_tag":[],"class_list":{"0":"post-9234","1":"product","2":"type-product","3":"status-publish","4":"has-post-thumbnail","6":"product_cat-lalki","7":"product_cat-zabawki","9":"first","10":"instock","11":"taxable","12":"shipping-taxable","13":"purchasable","14":"product-type-simple"},"_links":{"self":[{"href":"https:\/\/www.bobooaza.pl\/index.php\/wp-json\/wp\/v2\/product\/9234","targetHints":{"allow":["GET"]}}],"collection":[{"href":"https:\/\/www.bobooaza.pl\/index.php\/wp-json\/wp\/v2\/product"}],"about":[{"href":"https:\/\/www.bobooaza.pl\/index.php\/wp-json\/wp\/v2\/types\/product"}],"replies":[{"embeddable":true,"href":"https:\/\/www.bobooaza.pl\/index.php\/wp-json\/wp\/v2\/comments?post=9234"}],"wp:featuredmedia":[{"embeddable":true,"href":"https:\/\/www.bobooaza.pl\/index.php\/wp-json\/wp\/v2\/media\/9233"}],"wp:attachment":[{"href":"https:\/\/www.bobooaza.pl\/index.php\/wp-json\/wp\/v2\/media?parent=9234"}],"wp:term":[{"taxonomy":"product_brand","embeddable":true,"href":"https:\/\/www.bobooaza.pl\/index.php\/wp-json\/wp\/v2\/product_brand?post=9234"},{"taxonomy":"product_cat","embeddable":true,"href":"https:\/\/www.bobooaza.pl\/index.php\/wp-json\/wp\/v2\/product_cat?post=9234"},{"taxonomy":"product_tag","embeddable":true,"href":"https:\/\/www.bobooaza.pl\/index.php\/wp-json\/wp\/v2\/product_tag?post=9234"}],"curies":[{"name":"wp","href":"https:\/\/api.w.org\/{rel}","templated":true}]}}