{"id":9236,"date":"2025-12-28T00:19:44","date_gmt":"2025-12-27T23:19:44","guid":{"rendered":"https:\/\/bobooaza.pl\/index.php\/produkt\/lalka-julka-interaktywna-ksiezniczka-chodzaca-80-cm-od-smily-play\/"},"modified":"2025-12-28T00:24:32","modified_gmt":"2025-12-27T23:24:32","slug":"lalka-julka-interaktywna-ksiezniczka-chodzaca-80-cm-od-smily-play","status":"publish","type":"product","link":"https:\/\/www.bobooaza.pl\/index.php\/produkt\/lalka-julka-interaktywna-ksiezniczka-chodzaca-80-cm-od-smily-play\/","title":{"rendered":"Lalka Julka &#8211; Interaktywna Ksi\u0119\u017cniczka Chodz\u0105ca 80 cm od SMILY PLAY"},"content":{"rendered":"<p>Lalka Julka chodz\u0105ca od SMILY PLAY to doskona\u0142y wyb\u00f3r dla m\u0142odych entuzjast\u00f3w zabawy. Przedstawiaj\u0105ca posta\u0107 znan\u0105 z bajki o Kr\u00f3lewnie \u015anie\u017cce, ta urokliwa lalka o wysoko\u015bci 80 cm zach\u0119ci dzieci do tw\u00f3rczej zabawy, przenosz\u0105c je do \u015bwiata ba\u015bni i magii. Dzi\u0119ki funkcji chodzenia, Julka mo\u017ce by\u0107 prowadzona za r\u0105czk\u0119, co umo\u017cliwia interaktywne odtwarzanie ulubionych scenek z bajek.<\/p>\n<p>Lalka nale\u017cy do popularnej serii Lalek Chodz\u0105cych, w kt\u00f3rej znajduj\u0105 si\u0119 tak\u017ce inne znane bohaterki, takie jak Kopciuszek, Roszpunka, Ksi\u0119\u017cniczka \u015aniegu oraz Balerina. Dzi\u0119ki nim dzieci mog\u0105 rozwija\u0107 swoje umiej\u0119tno\u015bci spo\u0142eczne, ucz\u0105c si\u0119 warto\u015bci takich jak przyja\u017a\u0144, troska i empatia. Zabawka wspiera emocjonalny rozw\u00f3j malucha, staj\u0105c si\u0119 jego bliskim przyjacielem na d\u0142ugie lata.<\/p>\n<p>Lalka Julka jest odpowiednia dla dzieci od 3. roku \u017cycia i spe\u0142nia europejskie normy bezpiecze\u0144stwa EN71-1, EN71-2 oraz EN71-3, co zapewnia rodzicom spokojn\u0105 g\u0142ow\u0119 w kwestii bezpiecze\u0144stwa zabawy. Dodatkowo, jej wymiary oraz przyjazny design czyni\u0105 j\u0105 idealnym towarzyszem zar\u00f3wno w domowych warunkach, jak i podczas podr\u00f3\u017cy. Odkryj \u015bwiat fantazji z lalka Julka i pozw\u00f3l, aby Twoje dziecko prze\u017cywa\u0142o niezapomniane chwile pe\u0142ne rado\u015bci i kreatywno\u015bci.<\/p>\n","protected":false},"excerpt":{"rendered":"<p>Lalka Julka chodz\u0105ca od SMILY PLAY to doskona\u0142y wyb\u00f3r dla m\u0142odych entuzjast\u00f3w zabawy. Przedstawiaj\u0105ca posta\u0107 znan\u0105 z bajki o Kr\u00f3lewnie \u015anie\u017cce, ta urokliwa lalka o wysoko\u015bci 80 cm zach\u0119ci dzieci do tw\u00f3rczej zabawy, przenosz\u0105c je do \u015bwiata ba\u015bni i magii. Dzi\u0119ki funkcji chodzenia, Julka mo\u017ce by\u0107 prowadzona za r\u0105czk\u0119, co umo\u017cliwia interaktywne odtwarzanie ulubionych scenek [&hellip;]<\/p>\n","protected":false},"featured_media":9235,"comment_status":"open","ping_status":"closed","template":"","meta":[],"product_brand":[],"product_cat":[131,61],"product_tag":[],"class_list":{"0":"post-9236","1":"product","2":"type-product","3":"status-publish","4":"has-post-thumbnail","6":"product_cat-lalki","7":"product_cat-zabawki","9":"first","10":"instock","11":"taxable","12":"shipping-taxable","13":"purchasable","14":"product-type-simple"},"_links":{"self":[{"href":"https:\/\/www.bobooaza.pl\/index.php\/wp-json\/wp\/v2\/product\/9236","targetHints":{"allow":["GET"]}}],"collection":[{"href":"https:\/\/www.bobooaza.pl\/index.php\/wp-json\/wp\/v2\/product"}],"about":[{"href":"https:\/\/www.bobooaza.pl\/index.php\/wp-json\/wp\/v2\/types\/product"}],"replies":[{"embeddable":true,"href":"https:\/\/www.bobooaza.pl\/index.php\/wp-json\/wp\/v2\/comments?post=9236"}],"wp:featuredmedia":[{"embeddable":true,"href":"https:\/\/www.bobooaza.pl\/index.php\/wp-json\/wp\/v2\/media\/9235"}],"wp:attachment":[{"href":"https:\/\/www.bobooaza.pl\/index.php\/wp-json\/wp\/v2\/media?parent=9236"}],"wp:term":[{"taxonomy":"product_brand","embeddable":true,"href":"https:\/\/www.bobooaza.pl\/index.php\/wp-json\/wp\/v2\/product_brand?post=9236"},{"taxonomy":"product_cat","embeddable":true,"href":"https:\/\/www.bobooaza.pl\/index.php\/wp-json\/wp\/v2\/product_cat?post=9236"},{"taxonomy":"product_tag","embeddable":true,"href":"https:\/\/www.bobooaza.pl\/index.php\/wp-json\/wp\/v2\/product_tag?post=9236"}],"curies":[{"name":"wp","href":"https:\/\/api.w.org\/{rel}","templated":true}]}}