{"id":9238,"date":"2025-12-28T00:19:46","date_gmt":"2025-12-27T23:19:46","guid":{"rendered":"https:\/\/bobooaza.pl\/index.php\/produkt\/lalka-natalia-39-cm-interaktywna-mowiaca-lalka-w-szarym-sweterku-funkcja-zamykania-oczu-dla-dzieci-od-3-lat\/"},"modified":"2025-12-28T00:24:33","modified_gmt":"2025-12-27T23:24:33","slug":"lalka-natalia-39-cm-interaktywna-mowiaca-lalka-w-szarym-sweterku-funkcja-zamykania-oczu-dla-dzieci-od-3-lat","status":"publish","type":"product","link":"https:\/\/www.bobooaza.pl\/index.php\/produkt\/lalka-natalia-39-cm-interaktywna-mowiaca-lalka-w-szarym-sweterku-funkcja-zamykania-oczu-dla-dzieci-od-3-lat\/","title":{"rendered":"Lalka Natalia 39 cm &#8211; Interaktywna M\u00f3wi\u0105ca Lalka w Szarym Sweterku, Funkcja Zamykania Oczu, Dla Dzieci od 3 lat"},"content":{"rendered":"<p>Lalka NATALIA od ARTYK to idealny towarzysz zabaw dla najm\u0142odszych. Z mi\u0119kkim cia\u0142em o wysoko\u015bci 39 cm, stworzona zosta\u0142a z my\u015bl\u0105 o dzieciach od 3. roku \u017cycia. Naci\u015bnij brzuch lalki, aby us\u0142ysze\u0107 jej przyjazne powitanie: &#8222;Cze\u015b\u0107, jestem Natalia!&#8221; oraz inne zach\u0119ty do wsp\u00f3lnej zabawy, takie jak &#8222;Pobawmy si\u0119&#8221; czy &#8222;Chod\u017amy razem na spacer&#8221;. Lalka potrafi zamyka\u0107 oczy, co dodaje jej uroku i realizmu. <\/p>\n<p>Produkt dostarczany jest w estetycznym opakowaniu o wymiarach 23 x 43 x 12 cm, kt\u00f3re doskonale sprawdzi si\u0119 jako prezent. W zestawie znajduj\u0105 si\u0119 baterie LR44\/AG13 (3 sztuki) w wersji demonstracyjnej, co umo\u017cliwia natychmiastowe rozpocz\u0119cie zabawy. Lalka NATALIA to doskona\u0142y wyb\u00f3r dla dzieci, kt\u00f3re pragn\u0105 poznawa\u0107 \u015bwiat i rozwija\u0107 swoj\u0105 wyobra\u017ani\u0119 poprzez interakcj\u0119 z przyjaznym przyjacielem.<\/p>\n","protected":false},"excerpt":{"rendered":"<p>Lalka NATALIA od ARTYK to idealny towarzysz zabaw dla najm\u0142odszych. Z mi\u0119kkim cia\u0142em o wysoko\u015bci 39 cm, stworzona zosta\u0142a z my\u015bl\u0105 o dzieciach od 3. roku \u017cycia. Naci\u015bnij brzuch lalki, aby us\u0142ysze\u0107 jej przyjazne powitanie: &#8222;Cze\u015b\u0107, jestem Natalia!&#8221; oraz inne zach\u0119ty do wsp\u00f3lnej zabawy, takie jak &#8222;Pobawmy si\u0119&#8221; czy &#8222;Chod\u017amy razem na spacer&#8221;. Lalka potrafi [&hellip;]<\/p>\n","protected":false},"featured_media":9237,"comment_status":"open","ping_status":"closed","template":"","meta":[],"product_brand":[],"product_cat":[131,61],"product_tag":[],"class_list":{"0":"post-9238","1":"product","2":"type-product","3":"status-publish","4":"has-post-thumbnail","6":"product_cat-lalki","7":"product_cat-zabawki","9":"first","10":"instock","11":"taxable","12":"shipping-taxable","13":"purchasable","14":"product-type-simple"},"_links":{"self":[{"href":"https:\/\/www.bobooaza.pl\/index.php\/wp-json\/wp\/v2\/product\/9238","targetHints":{"allow":["GET"]}}],"collection":[{"href":"https:\/\/www.bobooaza.pl\/index.php\/wp-json\/wp\/v2\/product"}],"about":[{"href":"https:\/\/www.bobooaza.pl\/index.php\/wp-json\/wp\/v2\/types\/product"}],"replies":[{"embeddable":true,"href":"https:\/\/www.bobooaza.pl\/index.php\/wp-json\/wp\/v2\/comments?post=9238"}],"wp:featuredmedia":[{"embeddable":true,"href":"https:\/\/www.bobooaza.pl\/index.php\/wp-json\/wp\/v2\/media\/9237"}],"wp:attachment":[{"href":"https:\/\/www.bobooaza.pl\/index.php\/wp-json\/wp\/v2\/media?parent=9238"}],"wp:term":[{"taxonomy":"product_brand","embeddable":true,"href":"https:\/\/www.bobooaza.pl\/index.php\/wp-json\/wp\/v2\/product_brand?post=9238"},{"taxonomy":"product_cat","embeddable":true,"href":"https:\/\/www.bobooaza.pl\/index.php\/wp-json\/wp\/v2\/product_cat?post=9238"},{"taxonomy":"product_tag","embeddable":true,"href":"https:\/\/www.bobooaza.pl\/index.php\/wp-json\/wp\/v2\/product_tag?post=9238"}],"curies":[{"name":"wp","href":"https:\/\/api.w.org\/{rel}","templated":true}]}}