{"id":9240,"date":"2025-12-28T00:19:47","date_gmt":"2025-12-27T23:19:47","guid":{"rendered":"https:\/\/bobooaza.pl\/index.php\/produkt\/lalka-baletnica-pola-szmacianka-23-cm\/"},"modified":"2025-12-28T00:24:33","modified_gmt":"2025-12-27T23:24:33","slug":"lalka-baletnica-pola-szmacianka-23-cm","status":"publish","type":"product","link":"https:\/\/www.bobooaza.pl\/index.php\/produkt\/lalka-baletnica-pola-szmacianka-23-cm\/","title":{"rendered":"Lalka Baletnica Pola &#8211; Szmacianka 23 cm"},"content":{"rendered":"<p>Oferujemy urokliw\u0105 laleczk\u0119 Pola, kt\u00f3ra zachwyci ka\u017cde dziecko i stanie si\u0119 towarzyszk\u0105 radosnych chwil. Ta baletnica o wysoko\u015bci 23 cm ubrana jest w starannie uszyt\u0105 sukienk\u0119 z r\u00f3\u017cnorodnych materia\u0142\u00f3w, co sprzyja rozwijaniu zmys\u0142u dotyku i pobudza ciekawo\u015b\u0107 maluszka. W\u0142osy Poli, wykonane z delikatnych niteczek, przypominaj\u0105 prawdziw\u0105 fryzur\u0119, co dodaje jej uroku. Laleczka zach\u0119ca dzieci do kreatywnej zabawy, stwarzaj\u0105c nieograniczone mo\u017cliwo\u015bci do tworzenia w\u0142asnych scenariuszy zabaw. Pola to idealny prezent dla najm\u0142odszych, a jej r\u00f3\u017cnorodno\u015b\u0107 sprawia, \u017ce mo\u017cna znale\u017a\u0107 idealny model dla ka\u017cdej dziewczynki. Produkt jest odpowiedni dla dzieci od pierwszych dni \u017cycia, co czyni j\u0105 doskona\u0142ym towarzyszem na ka\u017cdym etapie rozwoju. Poznaj te\u017c inne lalki z kolekcji Balibazoo i stw\u00f3rz wyj\u0105tkow\u0105 przygod\u0119 dla swojego dziecka!<\/p>\n","protected":false},"excerpt":{"rendered":"<p>Oferujemy urokliw\u0105 laleczk\u0119 Pola, kt\u00f3ra zachwyci ka\u017cde dziecko i stanie si\u0119 towarzyszk\u0105 radosnych chwil. Ta baletnica o wysoko\u015bci 23 cm ubrana jest w starannie uszyt\u0105 sukienk\u0119 z r\u00f3\u017cnorodnych materia\u0142\u00f3w, co sprzyja rozwijaniu zmys\u0142u dotyku i pobudza ciekawo\u015b\u0107 maluszka. W\u0142osy Poli, wykonane z delikatnych niteczek, przypominaj\u0105 prawdziw\u0105 fryzur\u0119, co dodaje jej uroku. Laleczka zach\u0119ca dzieci do [&hellip;]<\/p>\n","protected":false},"featured_media":9239,"comment_status":"open","ping_status":"closed","template":"","meta":[],"product_brand":[],"product_cat":[131,61],"product_tag":[],"class_list":{"0":"post-9240","1":"product","2":"type-product","3":"status-publish","4":"has-post-thumbnail","6":"product_cat-lalki","7":"product_cat-zabawki","9":"first","10":"instock","11":"taxable","12":"shipping-taxable","13":"purchasable","14":"product-type-simple"},"_links":{"self":[{"href":"https:\/\/www.bobooaza.pl\/index.php\/wp-json\/wp\/v2\/product\/9240","targetHints":{"allow":["GET"]}}],"collection":[{"href":"https:\/\/www.bobooaza.pl\/index.php\/wp-json\/wp\/v2\/product"}],"about":[{"href":"https:\/\/www.bobooaza.pl\/index.php\/wp-json\/wp\/v2\/types\/product"}],"replies":[{"embeddable":true,"href":"https:\/\/www.bobooaza.pl\/index.php\/wp-json\/wp\/v2\/comments?post=9240"}],"wp:featuredmedia":[{"embeddable":true,"href":"https:\/\/www.bobooaza.pl\/index.php\/wp-json\/wp\/v2\/media\/9239"}],"wp:attachment":[{"href":"https:\/\/www.bobooaza.pl\/index.php\/wp-json\/wp\/v2\/media?parent=9240"}],"wp:term":[{"taxonomy":"product_brand","embeddable":true,"href":"https:\/\/www.bobooaza.pl\/index.php\/wp-json\/wp\/v2\/product_brand?post=9240"},{"taxonomy":"product_cat","embeddable":true,"href":"https:\/\/www.bobooaza.pl\/index.php\/wp-json\/wp\/v2\/product_cat?post=9240"},{"taxonomy":"product_tag","embeddable":true,"href":"https:\/\/www.bobooaza.pl\/index.php\/wp-json\/wp\/v2\/product_tag?post=9240"}],"curies":[{"name":"wp","href":"https:\/\/api.w.org\/{rel}","templated":true}]}}