{"id":9243,"date":"2025-12-28T00:19:48","date_gmt":"2025-12-27T23:19:48","guid":{"rendered":"https:\/\/bobooaza.pl\/index.php\/produkt\/lalka-szmacianka-janka-23-cm-zlotowlosa-przyjaciolka\/"},"modified":"2025-12-28T00:24:34","modified_gmt":"2025-12-27T23:24:34","slug":"lalka-szmacianka-janka-23-cm-zlotowlosa-przyjaciolka","status":"publish","type":"product","link":"https:\/\/www.bobooaza.pl\/index.php\/produkt\/lalka-szmacianka-janka-23-cm-zlotowlosa-przyjaciolka\/","title":{"rendered":"Lalka szmacianka Janka 23 cm &#8211; Z\u0142otow\u0142osa przyjaci\u00f3\u0142ka"},"content":{"rendered":"<p>Lalka sensoryczna Janka \u2013 z\u0142otow\u0142osa przyjaci\u00f3\u0142ka od pierwszych dni \u017cycia<\/p>\n<p>Z\u0142otow\u0142osa lalka sensoryczna Janka z kolekcji Balibazoo to idealna towarzyszka malucha ju\u017c od pierwszych dni \u017cycia. Mi\u0119kka i bezpieczna w dotyku laleczka zosta\u0142a wykonana z r\u00f3\u017cnorodnych materia\u0142\u00f3w o odmiennych fakturach, kt\u00f3re pobudzaj\u0105 zmys\u0142y dziecka i wspieraj\u0105 jego rozw\u00f3j poznawczy.<\/p>\n<p>Charakterystyczne niteczkowe w\u0142osy imituj\u0105ce prawdziw\u0105 czuprynk\u0119 zach\u0119caj\u0105 malucha do chwytania i dotykania, rozwijaj\u0105c percepcj\u0119 sensoryczn\u0105 oraz koordynacj\u0119. Lalka mo\u017ce towarzyszy\u0107 dziecku podczas codziennych aktywno\u015bci i swobodnej zabawy, inspiruj\u0105c do kreatywnego tworzenia w\u0142asnych scenariuszy i wspieraj\u0105c rozw\u00f3j wyobra\u017ani.<\/p>\n<p>Janka jest dost\u0119pna w kilku wariantach i stanowi cz\u0119\u015b\u0107 rodziny Balibazoo, dzi\u0119ki czemu mo\u017cna skompletowa\u0107 ca\u0142\u0105 kolekcj\u0119 mi\u0119kkich laleczek, kt\u00f3re stan\u0105 si\u0119 pierwszymi przyjaci\u00f3\u0142mi dziecka.<\/p>\n","protected":false},"excerpt":{"rendered":"<p>Lalka sensoryczna Janka \u2013 z\u0142otow\u0142osa przyjaci\u00f3\u0142ka od pierwszych dni \u017cycia Z\u0142otow\u0142osa lalka sensoryczna Janka z kolekcji Balibazoo to idealna towarzyszka malucha ju\u017c od pierwszych dni \u017cycia. Mi\u0119kka i bezpieczna w dotyku laleczka zosta\u0142a wykonana z r\u00f3\u017cnorodnych materia\u0142\u00f3w o odmiennych fakturach, kt\u00f3re pobudzaj\u0105 zmys\u0142y dziecka i wspieraj\u0105 jego rozw\u00f3j poznawczy. Charakterystyczne niteczkowe w\u0142osy imituj\u0105ce prawdziw\u0105 czuprynk\u0119 [&hellip;]<\/p>\n","protected":false},"featured_media":9241,"comment_status":"open","ping_status":"closed","template":"","meta":[],"product_brand":[],"product_cat":[131,61],"product_tag":[],"class_list":{"0":"post-9243","1":"product","2":"type-product","3":"status-publish","4":"has-post-thumbnail","6":"product_cat-lalki","7":"product_cat-zabawki","9":"first","10":"instock","11":"taxable","12":"shipping-taxable","13":"purchasable","14":"product-type-simple"},"_links":{"self":[{"href":"https:\/\/www.bobooaza.pl\/index.php\/wp-json\/wp\/v2\/product\/9243","targetHints":{"allow":["GET"]}}],"collection":[{"href":"https:\/\/www.bobooaza.pl\/index.php\/wp-json\/wp\/v2\/product"}],"about":[{"href":"https:\/\/www.bobooaza.pl\/index.php\/wp-json\/wp\/v2\/types\/product"}],"replies":[{"embeddable":true,"href":"https:\/\/www.bobooaza.pl\/index.php\/wp-json\/wp\/v2\/comments?post=9243"}],"wp:featuredmedia":[{"embeddable":true,"href":"https:\/\/www.bobooaza.pl\/index.php\/wp-json\/wp\/v2\/media\/9241"}],"wp:attachment":[{"href":"https:\/\/www.bobooaza.pl\/index.php\/wp-json\/wp\/v2\/media?parent=9243"}],"wp:term":[{"taxonomy":"product_brand","embeddable":true,"href":"https:\/\/www.bobooaza.pl\/index.php\/wp-json\/wp\/v2\/product_brand?post=9243"},{"taxonomy":"product_cat","embeddable":true,"href":"https:\/\/www.bobooaza.pl\/index.php\/wp-json\/wp\/v2\/product_cat?post=9243"},{"taxonomy":"product_tag","embeddable":true,"href":"https:\/\/www.bobooaza.pl\/index.php\/wp-json\/wp\/v2\/product_tag?post=9243"}],"curies":[{"name":"wp","href":"https:\/\/api.w.org\/{rel}","templated":true}]}}