{"id":9253,"date":"2025-12-28T00:19:54","date_gmt":"2025-12-27T23:19:54","guid":{"rendered":"https:\/\/bobooaza.pl\/index.php\/produkt\/interaktywna-lalka-41cm-natalia-madra-przyjaciolka-mowi-spiewa-i-reaguje-na-dotyk\/"},"modified":"2026-01-14T12:05:30","modified_gmt":"2026-01-14T11:05:30","slug":"interaktywna-lalka-41cm-natalia-madra-przyjaciolka-mowi-spiewa-i-reaguje-na-dotyk","status":"publish","type":"product","link":"https:\/\/www.bobooaza.pl\/index.php\/produkt\/interaktywna-lalka-41cm-natalia-madra-przyjaciolka-mowi-spiewa-i-reaguje-na-dotyk\/","title":{"rendered":"Interaktywna lalka 41cm NATALIA, M\u0105dra Przyjaci\u00f3\u0142ka \u2013 m\u00f3wi, \u015bpiewa i reaguje na dotyk"},"content":{"rendered":"<p>Interaktywna lalka NATALIA M\u0105dra Przyjaci\u00f3\u0142ka 41 cm \u2013 m\u00f3wi, \u015bpiewa i reaguje na dotyk<\/p>\n<p>Interaktywna lalka Bobas o wysoko\u015bci 41 cm to mi\u0119kka lalka stworzona dla dzieci od 3 roku \u017cycia, kt\u00f3ra w naturalny spos\u00f3b zach\u0119ca do zabawy i nauki poprzez interakcj\u0119. Aby rozpocz\u0105\u0107 zabaw\u0119, wystarczy nacisn\u0105\u0107 brzuszek lalki, a nast\u0119pnie dotyka\u0107 wybrane cz\u0119\u015bci cia\u0142a \u2013 lalka posiada 10 sensor\u00f3w dotykowych, kt\u00f3re aktywuj\u0105 a\u017c 30 fraz po polsku.<\/p>\n<p>Na przyk\u0142ad po przy\u0142o\u017ceniu r\u0105czki do st\u00f3pki dziecko us\u0142yszy: \u201eTo moje st\u00f3pki!\u201d, \u201eHihihi, to \u0142askocze!\u201d czy \u201eCzy te\u017c masz \u0142askotki?\u201d, a po dotkni\u0119ciu brzuszka: \u201eTo m\u00f3j brzuszek!\u201d i \u201eMusz\u0119 je\u015b\u0107 du\u017co owoc\u00f3w i warzyw, \u017ceby urosn\u0105\u0107 du\u017ca!\u201d.<\/p>\n<p>Dodatkowo lalka \u015bpiewa piosenki i recytuje wierszyki, co rozwija wyobra\u017ani\u0119, zdolno\u015bci j\u0119zykowe oraz uczy empatii i opieku\u0144czo\u015bci. Zabawa z lalk\u0105 stymuluje zmys\u0142y i wspiera rozw\u00f3j dziecka, pozwalaj\u0105c mu tworzy\u0107 w\u0142asne scenariusze zabaw.<\/p>\n<p>Lalka zapakowana jest w estetyczne opakowanie o wymiarach 33 \u00d7 41 \u00d7 16 cm. Zabawka zasilana jest trzema bateriami AA do\u0142\u0105czonymi w wersji testowej, dzi\u0119ki czemu dziecko mo\u017ce od razu rozpocz\u0105\u0107 zabaw\u0119.<\/p>\n","protected":false},"excerpt":{"rendered":"<p>Interaktywna lalka NATALIA M\u0105dra Przyjaci\u00f3\u0142ka 41 cm \u2013 m\u00f3wi, \u015bpiewa i reaguje na dotyk Interaktywna lalka Bobas o wysoko\u015bci 41 cm to mi\u0119kka lalka stworzona dla dzieci od 3 roku \u017cycia, kt\u00f3ra w naturalny spos\u00f3b zach\u0119ca do zabawy i nauki poprzez interakcj\u0119. Aby rozpocz\u0105\u0107 zabaw\u0119, wystarczy nacisn\u0105\u0107 brzuszek lalki, a nast\u0119pnie dotyka\u0107 wybrane cz\u0119\u015bci cia\u0142a [&hellip;]<\/p>\n","protected":false},"featured_media":9252,"comment_status":"open","ping_status":"closed","template":"","meta":[],"product_brand":[],"product_cat":[131,61],"product_tag":[],"class_list":{"0":"post-9253","1":"product","2":"type-product","3":"status-publish","4":"has-post-thumbnail","6":"product_cat-lalki","7":"product_cat-zabawki","9":"first","10":"instock","11":"taxable","12":"shipping-taxable","13":"purchasable","14":"product-type-simple"},"_links":{"self":[{"href":"https:\/\/www.bobooaza.pl\/index.php\/wp-json\/wp\/v2\/product\/9253","targetHints":{"allow":["GET"]}}],"collection":[{"href":"https:\/\/www.bobooaza.pl\/index.php\/wp-json\/wp\/v2\/product"}],"about":[{"href":"https:\/\/www.bobooaza.pl\/index.php\/wp-json\/wp\/v2\/types\/product"}],"replies":[{"embeddable":true,"href":"https:\/\/www.bobooaza.pl\/index.php\/wp-json\/wp\/v2\/comments?post=9253"}],"wp:featuredmedia":[{"embeddable":true,"href":"https:\/\/www.bobooaza.pl\/index.php\/wp-json\/wp\/v2\/media\/9252"}],"wp:attachment":[{"href":"https:\/\/www.bobooaza.pl\/index.php\/wp-json\/wp\/v2\/media?parent=9253"}],"wp:term":[{"taxonomy":"product_brand","embeddable":true,"href":"https:\/\/www.bobooaza.pl\/index.php\/wp-json\/wp\/v2\/product_brand?post=9253"},{"taxonomy":"product_cat","embeddable":true,"href":"https:\/\/www.bobooaza.pl\/index.php\/wp-json\/wp\/v2\/product_cat?post=9253"},{"taxonomy":"product_tag","embeddable":true,"href":"https:\/\/www.bobooaza.pl\/index.php\/wp-json\/wp\/v2\/product_tag?post=9253"}],"curies":[{"name":"wp","href":"https:\/\/api.w.org\/{rel}","templated":true}]}}