{"id":9255,"date":"2025-12-28T00:19:55","date_gmt":"2025-12-27T23:19:55","guid":{"rendered":"https:\/\/bobooaza.pl\/index.php\/produkt\/lalka-bobas-33-cm-interaktywna-lalka-z-dinusiem\/"},"modified":"2025-12-28T00:24:36","modified_gmt":"2025-12-27T23:24:36","slug":"lalka-bobas-33-cm-interaktywna-lalka-z-dinusiem","status":"publish","type":"product","link":"https:\/\/www.bobooaza.pl\/index.php\/produkt\/lalka-bobas-33-cm-interaktywna-lalka-z-dinusiem\/","title":{"rendered":"Lalka Bobas 33 cm \u2013 interaktywna lalka z dinusiem"},"content":{"rendered":"<p>Lalka Bobas 33 cm \u2013 interaktywna lalka z dinusiem<\/p>\n<p>Lalka Bobas o wysoko\u015bci 33 cm to mi\u0119kka, twarda lalka stworzona dla dzieci od 3 roku \u017cycia, kt\u00f3ra w realistyczny spos\u00f3b pozwala odgrywa\u0107 scenki opieki nad niemowlakiem. Lalka pije i siusia, a tak\u017ce zamyka oczka, co sprawia, \u017ce zabawa staje si\u0119 bardziej naturalna i anga\u017cuj\u0105ca.<\/p>\n<p>W zestawie znajduj\u0105 si\u0119 wszystkie niezb\u0119dne akcesoria do codziennej piel\u0119gnacji: butelka, nocnik, krem, pude\u0142ko na chusteczki oraz zabawny dinozaur\/piszczek, kt\u00f3re urozmaicaj\u0105 zabaw\u0119 i rozwijaj\u0105 wyobra\u017ani\u0119 dziecka. Tak kompleksowa zabawa wspiera rozw\u00f3j empatii, kreatywno\u015bci i umiej\u0119tno\u015bci manualnych.<\/p>\n<p>Lalka zapakowana jest w estetyczne opakowanie o wymiarach 28 \u00d7 35 \u00d7 10 cm, gotowa do zabawy od razu po rozpakowaniu.<\/p>\n","protected":false},"excerpt":{"rendered":"<p>Lalka Bobas 33 cm \u2013 interaktywna lalka z dinusiem Lalka Bobas o wysoko\u015bci 33 cm to mi\u0119kka, twarda lalka stworzona dla dzieci od 3 roku \u017cycia, kt\u00f3ra w realistyczny spos\u00f3b pozwala odgrywa\u0107 scenki opieki nad niemowlakiem. Lalka pije i siusia, a tak\u017ce zamyka oczka, co sprawia, \u017ce zabawa staje si\u0119 bardziej naturalna i anga\u017cuj\u0105ca. W [&hellip;]<\/p>\n","protected":false},"featured_media":9254,"comment_status":"open","ping_status":"closed","template":"","meta":[],"product_brand":[],"product_cat":[131,61],"product_tag":[],"class_list":{"0":"post-9255","1":"product","2":"type-product","3":"status-publish","4":"has-post-thumbnail","6":"product_cat-lalki","7":"product_cat-zabawki","9":"first","10":"instock","11":"taxable","12":"shipping-taxable","13":"purchasable","14":"product-type-simple"},"_links":{"self":[{"href":"https:\/\/www.bobooaza.pl\/index.php\/wp-json\/wp\/v2\/product\/9255","targetHints":{"allow":["GET"]}}],"collection":[{"href":"https:\/\/www.bobooaza.pl\/index.php\/wp-json\/wp\/v2\/product"}],"about":[{"href":"https:\/\/www.bobooaza.pl\/index.php\/wp-json\/wp\/v2\/types\/product"}],"replies":[{"embeddable":true,"href":"https:\/\/www.bobooaza.pl\/index.php\/wp-json\/wp\/v2\/comments?post=9255"}],"wp:featuredmedia":[{"embeddable":true,"href":"https:\/\/www.bobooaza.pl\/index.php\/wp-json\/wp\/v2\/media\/9254"}],"wp:attachment":[{"href":"https:\/\/www.bobooaza.pl\/index.php\/wp-json\/wp\/v2\/media?parent=9255"}],"wp:term":[{"taxonomy":"product_brand","embeddable":true,"href":"https:\/\/www.bobooaza.pl\/index.php\/wp-json\/wp\/v2\/product_brand?post=9255"},{"taxonomy":"product_cat","embeddable":true,"href":"https:\/\/www.bobooaza.pl\/index.php\/wp-json\/wp\/v2\/product_cat?post=9255"},{"taxonomy":"product_tag","embeddable":true,"href":"https:\/\/www.bobooaza.pl\/index.php\/wp-json\/wp\/v2\/product_tag?post=9255"}],"curies":[{"name":"wp","href":"https:\/\/api.w.org\/{rel}","templated":true}]}}