{"id":9261,"date":"2025-12-28T00:19:59","date_gmt":"2025-12-27T23:19:59","guid":{"rendered":"https:\/\/bobooaza.pl\/index.php\/produkt\/lalka-natalia-40-cm-interaktywna-lalka-mowiaca-i-chodzaca\/"},"modified":"2025-12-28T00:24:38","modified_gmt":"2025-12-27T23:24:38","slug":"lalka-natalia-40-cm-interaktywna-lalka-mowiaca-i-chodzaca","status":"publish","type":"product","link":"https:\/\/www.bobooaza.pl\/index.php\/produkt\/lalka-natalia-40-cm-interaktywna-lalka-mowiaca-i-chodzaca\/","title":{"rendered":"Lalka Natalia 40 cm \u2013 interaktywna lalka m\u00f3wi\u0105ca i chodz\u0105ca"},"content":{"rendered":"<p>Lalka Natalia 40 cm \u2013 interaktywna lalka m\u00f3wi\u0105ca i chodz\u0105ca<\/p>\n<p>Lalka Natalia to interaktywna lalka o wysoko\u015bci 40 cm, stworzona dla dzieci od 3 roku \u017cycia, kt\u00f3ra \u0142\u0105czy zabaw\u0119 z nauk\u0105 mowy i muzyki. Natalia m\u00f3wi i \u015bpiewa po polsku, zach\u0119caj\u0105c dziecko do wsp\u00f3lnej zabawy i nauki nowych piosenek. W zestawie znajduje si\u0119 mi\u0119kka, twarda lalka gotowa do przytulania i zabawy.<\/p>\n<p>Lalka dzia\u0142a w trybie chodzenia i mowy \u2013 po dwukrotnym kla\u015bni\u0119ciu d\u0142oni lalka zaczyna samodzielnie chodzi\u0107, a po naci\u015bni\u0119ciu brzuszka \u015bpiewa i wypowiada 7 fraz po polsku, takich jak \u201eCze\u015b\u0107, jestem Natalia, pobawmy si\u0119 razem\u201d czy \u201eBardzo lubi\u0119 \u015bpiewa\u0107, to \u015bwietna zabawa\u201d. Natalia \u015bpiewa tak\u017ce 3 oryginalne piosenki: \u201eAutobus\u201d, \u201e\u015amiej si\u0119 w g\u0142os\u201d oraz \u201eRaz, dwa, trzy, czy wiesz ty?\u201d.<\/p>\n<p>Dodatkowo lalka zamyka oczy i posiada funkcj\u0119 TRY ME, a wszystkie funkcje aktywne s\u0105 po ustawieniu prze\u0142\u0105cznika na pleckach, co pozwala dziecku na intuicyjne korzystanie z interaktywnych funkcji. Zabawa z Natali\u0105 rozwija wyobra\u017ani\u0119, zdolno\u015bci j\u0119zykowe, empati\u0119 oraz kreatywno\u015b\u0107, ucz\u0105c dzieci opieku\u0144czo\u015bci i wsp\u00f3\u0142pracy.<\/p>\n<p>Specyfikacja produktu:<\/p>\n<p>Wysoko\u015b\u0107 lalki: 40 cm<br \/>\nWymiary opakowania: 20 \u00d7 45 \u00d7 13 cm<br \/>\nZasilanie: 3 \u00d7 AAA 1,5 V (baterie demonstracyjne w zestawie)<br \/>\nWiek: 3+<\/p>\n","protected":false},"excerpt":{"rendered":"<p>Lalka Natalia 40 cm \u2013 interaktywna lalka m\u00f3wi\u0105ca i chodz\u0105ca Lalka Natalia to interaktywna lalka o wysoko\u015bci 40 cm, stworzona dla dzieci od 3 roku \u017cycia, kt\u00f3ra \u0142\u0105czy zabaw\u0119 z nauk\u0105 mowy i muzyki. Natalia m\u00f3wi i \u015bpiewa po polsku, zach\u0119caj\u0105c dziecko do wsp\u00f3lnej zabawy i nauki nowych piosenek. W zestawie znajduje si\u0119 mi\u0119kka, twarda [&hellip;]<\/p>\n","protected":false},"featured_media":9260,"comment_status":"open","ping_status":"closed","template":"","meta":[],"product_brand":[],"product_cat":[131,61],"product_tag":[],"class_list":{"0":"post-9261","1":"product","2":"type-product","3":"status-publish","4":"has-post-thumbnail","6":"product_cat-lalki","7":"product_cat-zabawki","9":"first","10":"instock","11":"taxable","12":"shipping-taxable","13":"purchasable","14":"product-type-simple"},"_links":{"self":[{"href":"https:\/\/www.bobooaza.pl\/index.php\/wp-json\/wp\/v2\/product\/9261","targetHints":{"allow":["GET"]}}],"collection":[{"href":"https:\/\/www.bobooaza.pl\/index.php\/wp-json\/wp\/v2\/product"}],"about":[{"href":"https:\/\/www.bobooaza.pl\/index.php\/wp-json\/wp\/v2\/types\/product"}],"replies":[{"embeddable":true,"href":"https:\/\/www.bobooaza.pl\/index.php\/wp-json\/wp\/v2\/comments?post=9261"}],"wp:featuredmedia":[{"embeddable":true,"href":"https:\/\/www.bobooaza.pl\/index.php\/wp-json\/wp\/v2\/media\/9260"}],"wp:attachment":[{"href":"https:\/\/www.bobooaza.pl\/index.php\/wp-json\/wp\/v2\/media?parent=9261"}],"wp:term":[{"taxonomy":"product_brand","embeddable":true,"href":"https:\/\/www.bobooaza.pl\/index.php\/wp-json\/wp\/v2\/product_brand?post=9261"},{"taxonomy":"product_cat","embeddable":true,"href":"https:\/\/www.bobooaza.pl\/index.php\/wp-json\/wp\/v2\/product_cat?post=9261"},{"taxonomy":"product_tag","embeddable":true,"href":"https:\/\/www.bobooaza.pl\/index.php\/wp-json\/wp\/v2\/product_tag?post=9261"}],"curies":[{"name":"wp","href":"https:\/\/api.w.org\/{rel}","templated":true}]}}