{"id":9263,"date":"2025-12-28T00:20:01","date_gmt":"2025-12-27T23:20:01","guid":{"rendered":"https:\/\/bobooaza.pl\/index.php\/produkt\/lalka-julka-uczy-spiewa-i-opowiada-smily-play-32-cm\/"},"modified":"2025-12-28T00:24:38","modified_gmt":"2025-12-27T23:24:38","slug":"lalka-julka-uczy-spiewa-i-opowiada-smily-play-32-cm","status":"publish","type":"product","link":"https:\/\/www.bobooaza.pl\/index.php\/produkt\/lalka-julka-uczy-spiewa-i-opowiada-smily-play-32-cm\/","title":{"rendered":"Lalka Julka uczy, \u015bpiewa i opowiada \u2013 Smily Play 32 cm"},"content":{"rendered":"<p>Lalka Julka uczy, \u015bpiewa i opowiada \u2013 Smily Play 32 cm<\/p>\n<p>Lalka Julka marki Smily Play to interaktywna towarzyszka codziennych zabaw, stworzona z my\u015bl\u0105 o dzieciach od 2 roku \u017cycia. Idealnie sprawdzi si\u0119 podczas spacer\u00f3w, zabawy w dom, herbatk\u0119 czy opiek\u0119 nad bobaskiem \u2013 mo\u017cna w\u0142o\u017cy\u0107 j\u0105 do w\u00f3zka, przytuli\u0107 i wsp\u00f3lnie prze\u017cywa\u0107 pierwsze przygody. Lalka oraz jej ubranka zosta\u0142y wykonane z wysokiej jako\u015bci materia\u0142\u00f3w, a starannie dopracowane detale podnosz\u0105 realizm i estetyk\u0119 zabawy.<\/p>\n<p>Zabawa z Julk\u0105 nie tylko rozwija wyobra\u017ani\u0119, ale tak\u017ce wspiera nauk\u0119 poprzez zabaw\u0119. Lalka uczy j\u0119zyka angielskiego, prezentuj\u0105c ponad 60 s\u0142\u00f3w w j\u0119zyku polskim i angielskim, dzi\u0119ki czemu dziecko w naturalny spos\u00f3b oswaja si\u0119 z nowym s\u0142ownictwem. Julka \u015bpiewa trzy piosenki oraz opowiada dwie klasyczne bajki \u2013 \u201eZ\u0142otow\u0142osa i trzy misie\u201d oraz \u201eCzerwony Kapturek\u201d, kt\u00f3re pomagaj\u0105 rozwija\u0107 s\u0142uch, koncentracj\u0119 i zainteresowanie opowie\u015bciami.<\/p>\n<p>Opiekuj\u0105c si\u0119 lalk\u0105, dziecko uczy si\u0119 empatii, troski o innych oraz budowania wi\u0119zi emocjonalnych, co czyni zabawk\u0119 nie tylko atrakcyjn\u0105, ale r\u00f3wnie\u017c warto\u015bciow\u0105 edukacyjnie. Lalka ma 32 cm wysoko\u015bci, jest zasilana bateriami i zapakowana w foli\u0119, dzi\u0119ki czemu doskonale nadaje si\u0119 tak\u017ce na prezent.<\/p>\n","protected":false},"excerpt":{"rendered":"<p>Lalka Julka uczy, \u015bpiewa i opowiada \u2013 Smily Play 32 cm Lalka Julka marki Smily Play to interaktywna towarzyszka codziennych zabaw, stworzona z my\u015bl\u0105 o dzieciach od 2 roku \u017cycia. Idealnie sprawdzi si\u0119 podczas spacer\u00f3w, zabawy w dom, herbatk\u0119 czy opiek\u0119 nad bobaskiem \u2013 mo\u017cna w\u0142o\u017cy\u0107 j\u0105 do w\u00f3zka, przytuli\u0107 i wsp\u00f3lnie prze\u017cywa\u0107 pierwsze przygody. [&hellip;]<\/p>\n","protected":false},"featured_media":9262,"comment_status":"open","ping_status":"closed","template":"","meta":[],"product_brand":[],"product_cat":[131,61],"product_tag":[],"class_list":{"0":"post-9263","1":"product","2":"type-product","3":"status-publish","4":"has-post-thumbnail","6":"product_cat-lalki","7":"product_cat-zabawki","9":"first","10":"instock","11":"taxable","12":"shipping-taxable","13":"purchasable","14":"product-type-simple"},"_links":{"self":[{"href":"https:\/\/www.bobooaza.pl\/index.php\/wp-json\/wp\/v2\/product\/9263","targetHints":{"allow":["GET"]}}],"collection":[{"href":"https:\/\/www.bobooaza.pl\/index.php\/wp-json\/wp\/v2\/product"}],"about":[{"href":"https:\/\/www.bobooaza.pl\/index.php\/wp-json\/wp\/v2\/types\/product"}],"replies":[{"embeddable":true,"href":"https:\/\/www.bobooaza.pl\/index.php\/wp-json\/wp\/v2\/comments?post=9263"}],"wp:featuredmedia":[{"embeddable":true,"href":"https:\/\/www.bobooaza.pl\/index.php\/wp-json\/wp\/v2\/media\/9262"}],"wp:attachment":[{"href":"https:\/\/www.bobooaza.pl\/index.php\/wp-json\/wp\/v2\/media?parent=9263"}],"wp:term":[{"taxonomy":"product_brand","embeddable":true,"href":"https:\/\/www.bobooaza.pl\/index.php\/wp-json\/wp\/v2\/product_brand?post=9263"},{"taxonomy":"product_cat","embeddable":true,"href":"https:\/\/www.bobooaza.pl\/index.php\/wp-json\/wp\/v2\/product_cat?post=9263"},{"taxonomy":"product_tag","embeddable":true,"href":"https:\/\/www.bobooaza.pl\/index.php\/wp-json\/wp\/v2\/product_tag?post=9263"}],"curies":[{"name":"wp","href":"https:\/\/api.w.org\/{rel}","templated":true}]}}