{"id":9265,"date":"2025-12-28T00:20:02","date_gmt":"2025-12-27T23:20:02","guid":{"rendered":"https:\/\/bobooaza.pl\/index.php\/produkt\/lalka-funkcyjna-natalia-w-rozowej-tunice-36-cm\/"},"modified":"2026-01-19T21:52:43","modified_gmt":"2026-01-19T20:52:43","slug":"lalka-funkcyjna-natalia-w-rozowej-tunice-36-cm","status":"publish","type":"product","link":"https:\/\/www.bobooaza.pl\/index.php\/produkt\/lalka-funkcyjna-natalia-w-rozowej-tunice-36-cm\/","title":{"rendered":"Lalka funkcyjna NATALIA w r\u00f3\u017cowej tunice, 36 cm"},"content":{"rendered":"<p>Lalka m\u00f3wi\u0105ca Natalia w r\u00f3\u017cowej tunice 36 cm \u2013 mi\u0119kka lalka po polsku dla dzieci od 3 lat<\/p>\n<p>Mi\u0119kka lalka m\u00f3wi\u0105ca Natalia to wyj\u0105tkowa towarzyszka zabaw dla dzieci od 3 roku \u017cycia. Wystarczy nacisn\u0105\u0107 jej brzuszek, aby us\u0142ysze\u0107 wypowiadane po polsku zwroty, takie jak \u201eWitaj, jestem Natalia!\u201d, \u201eP\u00f3jdziemy na spacer?\u201d, \u201eBardzo lubi\u0119 \u015bpiewa\u0107, to \u015bwietna zabawa!\u201d czy \u201eKocham Ci\u0119 mamusiu!\u201d. Dzi\u0119ki temu lalka zach\u0119ca dziecko do rozmowy, na\u015bladowania codziennych sytuacji oraz odgrywania r\u00f3l.<\/p>\n<p>Lalka ma 36 cm wysoko\u015bci, zosta\u0142a wykonana z mi\u0119kkich, przyjemnych w dotyku materia\u0142\u00f3w i doskonale nadaje si\u0119 do przytulania. Dodatkow\u0105 atrakcj\u0105 jest funkcja zamykania oczu, kt\u00f3ra urealnia zabaw\u0119 i pozwala dziecku tworzy\u0107 w\u0142asne scenariusze opieki nad lal\u0105. Natalia zapakowana jest w estetyczne opakowanie o wymiarach 23 \u00d7 43 \u00d7 12 cm, dzi\u0119ki czemu \u015bwietnie sprawdzi si\u0119 jako prezent.<\/p>\n<p>Zabawka zasilana jest trzema bateriami LR44\/AG13, kt\u00f3re zosta\u0142y do\u0142\u0105czone w wersji demonstracyjnej, co umo\u017cliwia rozpocz\u0119cie zabawy od razu po rozpakowaniu.<\/p>\n","protected":false},"excerpt":{"rendered":"<p>Lalka m\u00f3wi\u0105ca Natalia w r\u00f3\u017cowej tunice 36 cm \u2013 mi\u0119kka lalka po polsku dla dzieci od 3 lat Mi\u0119kka lalka m\u00f3wi\u0105ca Natalia to wyj\u0105tkowa towarzyszka zabaw dla dzieci od 3 roku \u017cycia. Wystarczy nacisn\u0105\u0107 jej brzuszek, aby us\u0142ysze\u0107 wypowiadane po polsku zwroty, takie jak \u201eWitaj, jestem Natalia!\u201d, \u201eP\u00f3jdziemy na spacer?\u201d, \u201eBardzo lubi\u0119 \u015bpiewa\u0107, to \u015bwietna [&hellip;]<\/p>\n","protected":false},"featured_media":9264,"comment_status":"open","ping_status":"closed","template":"","meta":[],"product_brand":[],"product_cat":[131,61],"product_tag":[],"class_list":{"0":"post-9265","1":"product","2":"type-product","3":"status-publish","4":"has-post-thumbnail","6":"product_cat-lalki","7":"product_cat-zabawki","9":"first","10":"instock","11":"taxable","12":"shipping-taxable","13":"purchasable","14":"product-type-simple"},"_links":{"self":[{"href":"https:\/\/www.bobooaza.pl\/index.php\/wp-json\/wp\/v2\/product\/9265","targetHints":{"allow":["GET"]}}],"collection":[{"href":"https:\/\/www.bobooaza.pl\/index.php\/wp-json\/wp\/v2\/product"}],"about":[{"href":"https:\/\/www.bobooaza.pl\/index.php\/wp-json\/wp\/v2\/types\/product"}],"replies":[{"embeddable":true,"href":"https:\/\/www.bobooaza.pl\/index.php\/wp-json\/wp\/v2\/comments?post=9265"}],"wp:featuredmedia":[{"embeddable":true,"href":"https:\/\/www.bobooaza.pl\/index.php\/wp-json\/wp\/v2\/media\/9264"}],"wp:attachment":[{"href":"https:\/\/www.bobooaza.pl\/index.php\/wp-json\/wp\/v2\/media?parent=9265"}],"wp:term":[{"taxonomy":"product_brand","embeddable":true,"href":"https:\/\/www.bobooaza.pl\/index.php\/wp-json\/wp\/v2\/product_brand?post=9265"},{"taxonomy":"product_cat","embeddable":true,"href":"https:\/\/www.bobooaza.pl\/index.php\/wp-json\/wp\/v2\/product_cat?post=9265"},{"taxonomy":"product_tag","embeddable":true,"href":"https:\/\/www.bobooaza.pl\/index.php\/wp-json\/wp\/v2\/product_tag?post=9265"}],"curies":[{"name":"wp","href":"https:\/\/api.w.org\/{rel}","templated":true}]}}