{"id":9302,"date":"2025-12-28T13:21:34","date_gmt":"2025-12-28T12:21:34","guid":{"rendered":"https:\/\/bobooaza.pl\/index.php\/produkt\/milly-mally-mata-edukacyjna-2w1-kwiat-zoo\/"},"modified":"2026-01-28T14:51:45","modified_gmt":"2026-01-28T13:51:45","slug":"milly-mally-mata-edukacyjna-2w1-kwiat-zoo","status":"publish","type":"product","link":"https:\/\/www.bobooaza.pl\/index.php\/produkt\/milly-mally-mata-edukacyjna-2w1-kwiat-zoo\/","title":{"rendered":"MILLY MALLY Mata edukacyjna 2w1 Kwiat Zoo"},"content":{"rendered":"<p>Mata edukacyjna TinyMini Kwiat Zoo 2w1 \u2013 centrum aktywno\u015bci dla niemowl\u0105t od pierwszych dni \u017cycia<\/p>\n<p>Mata edukacyjna TinyMini Kwiat Zoo 2w1 zosta\u0142a stworzona z my\u015bl\u0105 o najm\u0142odszych dzieciach, oferuj\u0105c idealne po\u0142\u0105czenie zabawy, nauki i bezpiecze\u0144stwa ju\u017c od pierwszych dni \u017cycia. Kolorowa mata w kszta\u0142cie kwiatka przyci\u0105ga uwag\u0119 malucha i zach\u0119ca go do odkrywania \u015bwiata w przyjaznym, bezpiecznym otoczeniu.<\/p>\n<p>Mata wyposa\u017cona jest w dwa elastyczne pa\u0142\u0105ki z zawieszkami \u2013 cztery urocze zwierz\u0105tka oraz gwiazdk\u0119, kt\u00f3re wspieraj\u0105 rozw\u00f3j zmys\u0142\u00f3w wzroku i dotyku, a tak\u017ce pomagaj\u0105 \u0107wiczy\u0107 chwytanie i koordynacj\u0119 ruchow\u0105. Dodatkow\u0105 atrakcj\u0105 jest 20 kolorowych pi\u0142eczek, kt\u00f3re urozmaicaj\u0105 zabaw\u0119 i pobudzaj\u0105 kreatywno\u015b\u0107 dziecka.<\/p>\n<p>Dzi\u0119ki funkcji 2w1 mata doskonale sprawdzi si\u0119 zar\u00f3wno jako centrum aktywno\u015bci dla niemowl\u0105t, jak i jako wygodna mata do samodzielnej zabawy dla starszych dzieci. R\u00f3\u017cnorodne elementy zach\u0119caj\u0105 do ruchu, eksplorowania kszta\u0142t\u00f3w oraz aktywnej zabawy, wspieraj\u0105c harmonijny rozw\u00f3j dziecka.<\/p>\n<p>Mata edukacyjna TinyMini Kwiat Zoo to tak\u017ce doskona\u0142y pomys\u0142 na prezent dla noworodka lub praktyczny element codziennych zabaw w pierwszych miesi\u0105cach \u017cycia. Produkt spe\u0142nia europejskie normy bezpiecze\u0144stwa, zapewniaj\u0105c komfort i spok\u00f3j rodzicom.<\/p>\n<p>WYMIAR PRODUKTU:<br \/>\n\u202f<br \/>\n\u015arednica: 118 cm<br \/>\nWysoko\u015b\u0107: 50 cm<\/p>\n","protected":false},"excerpt":{"rendered":"<p>Mata edukacyjna TinyMini Kwiat Zoo 2w1 \u2013 centrum aktywno\u015bci dla niemowl\u0105t od pierwszych dni \u017cycia Mata edukacyjna TinyMini Kwiat Zoo 2w1 zosta\u0142a stworzona z my\u015bl\u0105 o najm\u0142odszych dzieciach, oferuj\u0105c idealne po\u0142\u0105czenie zabawy, nauki i bezpiecze\u0144stwa ju\u017c od pierwszych dni \u017cycia. Kolorowa mata w kszta\u0142cie kwiatka przyci\u0105ga uwag\u0119 malucha i zach\u0119ca go do odkrywania \u015bwiata w [&hellip;]<\/p>\n","protected":false},"featured_media":9292,"comment_status":"open","ping_status":"closed","template":"","meta":[],"product_brand":[],"product_cat":[146,143,61],"product_tag":[],"class_list":{"0":"post-9302","1":"product","2":"type-product","3":"status-publish","4":"has-post-thumbnail","6":"product_cat-maty","7":"product_cat-maty-edukacyjne","8":"product_cat-zabawki","10":"first","11":"instock","12":"taxable","13":"shipping-taxable","14":"purchasable","15":"product-type-simple"},"_links":{"self":[{"href":"https:\/\/www.bobooaza.pl\/index.php\/wp-json\/wp\/v2\/product\/9302","targetHints":{"allow":["GET"]}}],"collection":[{"href":"https:\/\/www.bobooaza.pl\/index.php\/wp-json\/wp\/v2\/product"}],"about":[{"href":"https:\/\/www.bobooaza.pl\/index.php\/wp-json\/wp\/v2\/types\/product"}],"replies":[{"embeddable":true,"href":"https:\/\/www.bobooaza.pl\/index.php\/wp-json\/wp\/v2\/comments?post=9302"}],"wp:featuredmedia":[{"embeddable":true,"href":"https:\/\/www.bobooaza.pl\/index.php\/wp-json\/wp\/v2\/media\/9292"}],"wp:attachment":[{"href":"https:\/\/www.bobooaza.pl\/index.php\/wp-json\/wp\/v2\/media?parent=9302"}],"wp:term":[{"taxonomy":"product_brand","embeddable":true,"href":"https:\/\/www.bobooaza.pl\/index.php\/wp-json\/wp\/v2\/product_brand?post=9302"},{"taxonomy":"product_cat","embeddable":true,"href":"https:\/\/www.bobooaza.pl\/index.php\/wp-json\/wp\/v2\/product_cat?post=9302"},{"taxonomy":"product_tag","embeddable":true,"href":"https:\/\/www.bobooaza.pl\/index.php\/wp-json\/wp\/v2\/product_tag?post=9302"}],"curies":[{"name":"wp","href":"https:\/\/api.w.org\/{rel}","templated":true}]}}