{"id":9367,"date":"2025-12-28T13:43:50","date_gmt":"2025-12-28T12:43:50","guid":{"rendered":"https:\/\/bobooaza.pl\/index.php\/produkt\/chicco-sensoryczna-mata-wodna-krokodyl\/"},"modified":"2025-12-28T13:48:54","modified_gmt":"2025-12-28T12:48:54","slug":"chicco-sensoryczna-mata-wodna-krokodyl","status":"publish","type":"product","link":"https:\/\/www.bobooaza.pl\/index.php\/produkt\/chicco-sensoryczna-mata-wodna-krokodyl\/","title":{"rendered":"CHICCO Sensoryczna mata wodna Krokodyl"},"content":{"rendered":"<p>Ta sensoryczna mata w kszta\u0142cie krokodyla to wyj\u0105tkowa zabawka dla niemowl\u0105t i m\u0142odszych dzieci, kt\u00f3ra \u0142\u0105czy w sobie zabaw\u0119 z nauk\u0105 i stymulacj\u0105 zmys\u0142\u00f3w. Wype\u0142niona wod\u0105 i powietrzem pozwala maluchom na eksploracj\u0119 r\u00f3\u017cnych tekstur i materia\u0142\u00f3w, a trzy osobne obszary do zabawy zach\u0119caj\u0105 do dotykania, poruszania si\u0119 i poznawania r\u00f3\u017cnorodnych kszta\u0142t\u00f3w oraz kolor\u00f3w. Dodatkowe elementy, takie jak obracaj\u0105ce si\u0119 oko lalki i wisz\u0105ce zabawki, wspieraj\u0105 rozw\u00f3j zdolno\u015bci manualnych i koordynacji ruchowej. Dzi\u0119ki temu dzieci stymuluj\u0105 zmys\u0142y, \u0107wicz\u0105 zr\u0119czno\u015b\u0107, motoryk\u0119 oraz rozwijaj\u0105 ciekawo\u015b\u0107 i logiczne my\u015blenie w trakcie zabawy.<\/p>\n","protected":false},"excerpt":{"rendered":"<p>Ta sensoryczna mata w kszta\u0142cie krokodyla to wyj\u0105tkowa zabawka dla niemowl\u0105t i m\u0142odszych dzieci, kt\u00f3ra \u0142\u0105czy w sobie zabaw\u0119 z nauk\u0105 i stymulacj\u0105 zmys\u0142\u00f3w. Wype\u0142niona wod\u0105 i powietrzem pozwala maluchom na eksploracj\u0119 r\u00f3\u017cnych tekstur i materia\u0142\u00f3w, a trzy osobne obszary do zabawy zach\u0119caj\u0105 do dotykania, poruszania si\u0119 i poznawania r\u00f3\u017cnorodnych kszta\u0142t\u00f3w oraz kolor\u00f3w. Dodatkowe elementy, [&hellip;]<\/p>\n","protected":false},"featured_media":9365,"comment_status":"open","ping_status":"closed","template":"","meta":[],"product_brand":[],"product_cat":[146,118,61],"product_tag":[],"class_list":{"0":"post-9367","1":"product","2":"type-product","3":"status-publish","4":"has-post-thumbnail","6":"product_cat-maty","7":"product_cat-maty-wodne","8":"product_cat-zabawki","10":"first","11":"instock","12":"taxable","13":"shipping-taxable","14":"purchasable","15":"product-type-simple"},"_links":{"self":[{"href":"https:\/\/www.bobooaza.pl\/index.php\/wp-json\/wp\/v2\/product\/9367","targetHints":{"allow":["GET"]}}],"collection":[{"href":"https:\/\/www.bobooaza.pl\/index.php\/wp-json\/wp\/v2\/product"}],"about":[{"href":"https:\/\/www.bobooaza.pl\/index.php\/wp-json\/wp\/v2\/types\/product"}],"replies":[{"embeddable":true,"href":"https:\/\/www.bobooaza.pl\/index.php\/wp-json\/wp\/v2\/comments?post=9367"}],"wp:featuredmedia":[{"embeddable":true,"href":"https:\/\/www.bobooaza.pl\/index.php\/wp-json\/wp\/v2\/media\/9365"}],"wp:attachment":[{"href":"https:\/\/www.bobooaza.pl\/index.php\/wp-json\/wp\/v2\/media?parent=9367"}],"wp:term":[{"taxonomy":"product_brand","embeddable":true,"href":"https:\/\/www.bobooaza.pl\/index.php\/wp-json\/wp\/v2\/product_brand?post=9367"},{"taxonomy":"product_cat","embeddable":true,"href":"https:\/\/www.bobooaza.pl\/index.php\/wp-json\/wp\/v2\/product_cat?post=9367"},{"taxonomy":"product_tag","embeddable":true,"href":"https:\/\/www.bobooaza.pl\/index.php\/wp-json\/wp\/v2\/product_tag?post=9367"}],"curies":[{"name":"wp","href":"https:\/\/api.w.org\/{rel}","templated":true}]}}