{"id":9370,"date":"2025-12-28T13:43:52","date_gmt":"2025-12-28T12:43:52","guid":{"rendered":"https:\/\/bobooaza.pl\/index.php\/produkt\/aqua-mata-wodna-mala\/"},"modified":"2025-12-28T13:48:55","modified_gmt":"2025-12-28T12:48:55","slug":"aqua-mata-wodna-mala","status":"publish","type":"product","link":"https:\/\/www.bobooaza.pl\/index.php\/produkt\/aqua-mata-wodna-mala\/","title":{"rendered":"AQUA Mata wodna ma\u0142a"},"content":{"rendered":"<p>Baw si\u0119 kreatywnie w domu i w podr\u00f3\u017cy dzi\u0119ki kompaktowej macie do rysowania wod\u0105, kt\u00f3ra sprawdzi si\u0119 w ka\u017cdym miejscu. Mata podzielona jest na cztery kolorowe pola, co pozwala tworzy\u0107 barwne obrazki, a do zestawu do\u0142\u0105czony jest specjalny mazak, kt\u00f3ry po nape\u0142nieniu wod\u0105 umo\u017cliwia rysowanie po macie. Kiedy mata wyschnie, wcze\u015bniej namalowane obrazki znikaj\u0105 jak za dotkni\u0119ciem czarodziejskiej r\u00f3\u017cd\u017cki. Produkt przeznaczony jest dla dzieci od 18. miesi\u0105ca \u017cycia, a jej podr\u0119czny rozmiar ok. 30 \u00d7 30 cm sprawia, \u017ce jest idealny do zabawy w domu i w podr\u00f3\u017cy.<\/p>\n","protected":false},"excerpt":{"rendered":"<p>Baw si\u0119 kreatywnie w domu i w podr\u00f3\u017cy dzi\u0119ki kompaktowej macie do rysowania wod\u0105, kt\u00f3ra sprawdzi si\u0119 w ka\u017cdym miejscu. Mata podzielona jest na cztery kolorowe pola, co pozwala tworzy\u0107 barwne obrazki, a do zestawu do\u0142\u0105czony jest specjalny mazak, kt\u00f3ry po nape\u0142nieniu wod\u0105 umo\u017cliwia rysowanie po macie. Kiedy mata wyschnie, wcze\u015bniej namalowane obrazki znikaj\u0105 jak [&hellip;]<\/p>\n","protected":false},"featured_media":9368,"comment_status":"open","ping_status":"closed","template":"","meta":[],"product_brand":[],"product_cat":[146,118,61],"product_tag":[],"class_list":{"0":"post-9370","1":"product","2":"type-product","3":"status-publish","4":"has-post-thumbnail","6":"product_cat-maty","7":"product_cat-maty-wodne","8":"product_cat-zabawki","10":"first","11":"instock","12":"taxable","13":"shipping-taxable","14":"purchasable","15":"product-type-simple"},"_links":{"self":[{"href":"https:\/\/www.bobooaza.pl\/index.php\/wp-json\/wp\/v2\/product\/9370","targetHints":{"allow":["GET"]}}],"collection":[{"href":"https:\/\/www.bobooaza.pl\/index.php\/wp-json\/wp\/v2\/product"}],"about":[{"href":"https:\/\/www.bobooaza.pl\/index.php\/wp-json\/wp\/v2\/types\/product"}],"replies":[{"embeddable":true,"href":"https:\/\/www.bobooaza.pl\/index.php\/wp-json\/wp\/v2\/comments?post=9370"}],"wp:featuredmedia":[{"embeddable":true,"href":"https:\/\/www.bobooaza.pl\/index.php\/wp-json\/wp\/v2\/media\/9368"}],"wp:attachment":[{"href":"https:\/\/www.bobooaza.pl\/index.php\/wp-json\/wp\/v2\/media?parent=9370"}],"wp:term":[{"taxonomy":"product_brand","embeddable":true,"href":"https:\/\/www.bobooaza.pl\/index.php\/wp-json\/wp\/v2\/product_brand?post=9370"},{"taxonomy":"product_cat","embeddable":true,"href":"https:\/\/www.bobooaza.pl\/index.php\/wp-json\/wp\/v2\/product_cat?post=9370"},{"taxonomy":"product_tag","embeddable":true,"href":"https:\/\/www.bobooaza.pl\/index.php\/wp-json\/wp\/v2\/product_tag?post=9370"}],"curies":[{"name":"wp","href":"https:\/\/api.w.org\/{rel}","templated":true}]}}