{"id":9374,"date":"2025-12-28T13:43:54","date_gmt":"2025-12-28T12:43:54","guid":{"rendered":"https:\/\/bobooaza.pl\/index.php\/produkt\/dumel-dmuchana-mata-wodna-farma-duza\/"},"modified":"2026-01-19T21:52:48","modified_gmt":"2026-01-19T20:52:48","slug":"dumel-dmuchana-mata-wodna-farma-duza","status":"publish","type":"product","link":"https:\/\/www.bobooaza.pl\/index.php\/produkt\/dumel-dmuchana-mata-wodna-farma-duza\/","title":{"rendered":"DUMEL Dmuchana mata wodna Farma du\u017ca"},"content":{"rendered":"<p>Weso\u0142e dryfowanie po bajkowym stawie zapewnia maluchowi du\u017co rado\u015bci i zabawy dzi\u0119ki du\u017cej macie, w kt\u00f3rej mo\u017cna obserwowa\u0107 kolorowe kszta\u0142ty unosz\u0105ce si\u0119 w wodzie. Kraw\u0119d\u017a maty wyposa\u017cona jest w zaw\u00f3r do nadmuchania, natomiast sp\u00f3d w zaw\u00f3r do nape\u0142niania wod\u0105. Gdy dziecko usi\u0105dzie, po\u0142o\u017cy si\u0119 na \u015brodku maty lub przyci\u015bnie j\u0105 r\u0105czk\u0105, woda zafaluje, wprawiaj\u0105c w ruch kolorowe elementy. Aby mata s\u0142u\u017cy\u0142a jak najd\u0142u\u017cej, nale\u017cy u\u017cywa\u0107 wy\u0142\u0105cznie wody destylowanej i po zako\u0144czonej zabawie opr\u00f3\u017cni\u0107 j\u0105, pozostawiaj\u0105c do wyschni\u0119cia. Mata ma \u015brednic\u0119 oko\u0142o 82 cm po nadmuchaniu i jest przeznaczona dla dzieci w wieku od 3 do 36 miesi\u0119cy.<\/p>\n","protected":false},"excerpt":{"rendered":"<p>Weso\u0142e dryfowanie po bajkowym stawie zapewnia maluchowi du\u017co rado\u015bci i zabawy dzi\u0119ki du\u017cej macie, w kt\u00f3rej mo\u017cna obserwowa\u0107 kolorowe kszta\u0142ty unosz\u0105ce si\u0119 w wodzie. Kraw\u0119d\u017a maty wyposa\u017cona jest w zaw\u00f3r do nadmuchania, natomiast sp\u00f3d w zaw\u00f3r do nape\u0142niania wod\u0105. Gdy dziecko usi\u0105dzie, po\u0142o\u017cy si\u0119 na \u015brodku maty lub przyci\u015bnie j\u0105 r\u0105czk\u0105, woda zafaluje, wprawiaj\u0105c w [&hellip;]<\/p>\n","protected":false},"featured_media":9371,"comment_status":"open","ping_status":"closed","template":"","meta":[],"product_brand":[],"product_cat":[146,118,61],"product_tag":[],"class_list":{"0":"post-9374","1":"product","2":"type-product","3":"status-publish","4":"has-post-thumbnail","6":"product_cat-maty","7":"product_cat-maty-wodne","8":"product_cat-zabawki","10":"first","11":"instock","12":"taxable","13":"shipping-taxable","14":"purchasable","15":"product-type-simple"},"_links":{"self":[{"href":"https:\/\/www.bobooaza.pl\/index.php\/wp-json\/wp\/v2\/product\/9374","targetHints":{"allow":["GET"]}}],"collection":[{"href":"https:\/\/www.bobooaza.pl\/index.php\/wp-json\/wp\/v2\/product"}],"about":[{"href":"https:\/\/www.bobooaza.pl\/index.php\/wp-json\/wp\/v2\/types\/product"}],"replies":[{"embeddable":true,"href":"https:\/\/www.bobooaza.pl\/index.php\/wp-json\/wp\/v2\/comments?post=9374"}],"wp:featuredmedia":[{"embeddable":true,"href":"https:\/\/www.bobooaza.pl\/index.php\/wp-json\/wp\/v2\/media\/9371"}],"wp:attachment":[{"href":"https:\/\/www.bobooaza.pl\/index.php\/wp-json\/wp\/v2\/media?parent=9374"}],"wp:term":[{"taxonomy":"product_brand","embeddable":true,"href":"https:\/\/www.bobooaza.pl\/index.php\/wp-json\/wp\/v2\/product_brand?post=9374"},{"taxonomy":"product_cat","embeddable":true,"href":"https:\/\/www.bobooaza.pl\/index.php\/wp-json\/wp\/v2\/product_cat?post=9374"},{"taxonomy":"product_tag","embeddable":true,"href":"https:\/\/www.bobooaza.pl\/index.php\/wp-json\/wp\/v2\/product_tag?post=9374"}],"curies":[{"name":"wp","href":"https:\/\/api.w.org\/{rel}","templated":true}]}}