{"id":9383,"date":"2025-12-28T22:28:04","date_gmt":"2025-12-28T21:28:04","guid":{"rendered":"https:\/\/bobooaza.pl\/index.php\/produkt\/przytulanka-piesek-dog-willy\/"},"modified":"2025-12-28T22:34:08","modified_gmt":"2025-12-28T21:34:08","slug":"przytulanka-piesek-dog-willy","status":"publish","type":"product","link":"https:\/\/www.bobooaza.pl\/index.php\/produkt\/przytulanka-piesek-dog-willy\/","title":{"rendered":"Przytulanka piesek DOG WILLY"},"content":{"rendered":"<p>Przytulanka DOG WILLY to wyj\u0105tkowy piesek stworzony z my\u015bl\u0105 o najm\u0142odszych dzieciach. Pierwsze przytulanki maj\u0105 ogromne znaczenie w \u017cyciu malucha \u2013 towarzysz\u0105 mu podczas zabawy, odpoczynku i zasypiania, daj\u0105c poczucie bezpiecze\u0144stwa i blisko\u015bci. Mi\u0119kki piesek szybko mo\u017ce sta\u0107 si\u0119 najlepszym przyjacielem dziecka i powiernikiem pierwszych emocji.<\/p>\n<p>Maskotka zosta\u0142a wykonana z delikatnych, przyjemnych w dotyku tkanin, kt\u00f3re s\u0105 bezpieczne dla wra\u017cliwej sk\u00f3ry niemowl\u0105t. Jej mi\u0119kka struktura sprawia, \u017ce idealnie nadaje si\u0119 do przytulania, uspokajania i towarzyszenia podczas drzemek. Odpowiednio dobrany rozmiar oraz ergonomiczny kszta\u0142t u\u0142atwiaj\u0105 dziecku chwytanie i trzymanie przytulanki, wspieraj\u0105c rozw\u00f3j motoryki ma\u0142ej.<\/p>\n<p>Dodatkowym elementem przyci\u0105gaj\u0105cym uwag\u0119 malucha s\u0105 kolorowe metki, kt\u00f3re zach\u0119caj\u0105 do odkrywania \u015bwiata poprzez dotyk. Stymuluj\u0105 one ciekawo\u015b\u0107, rozwijaj\u0105 wyobra\u017ani\u0119 oraz zdolno\u015bci manualne dziecka ju\u017c od najwcze\u015bniejszych chwil \u017cycia.<\/p>\n","protected":false},"excerpt":{"rendered":"<p>Przytulanka DOG WILLY to wyj\u0105tkowy piesek stworzony z my\u015bl\u0105 o najm\u0142odszych dzieciach. Pierwsze przytulanki maj\u0105 ogromne znaczenie w \u017cyciu malucha \u2013 towarzysz\u0105 mu podczas zabawy, odpoczynku i zasypiania, daj\u0105c poczucie bezpiecze\u0144stwa i blisko\u015bci. Mi\u0119kki piesek szybko mo\u017ce sta\u0107 si\u0119 najlepszym przyjacielem dziecka i powiernikiem pierwszych emocji. Maskotka zosta\u0142a wykonana z delikatnych, przyjemnych w dotyku tkanin, [&hellip;]<\/p>\n","protected":false},"featured_media":9382,"comment_status":"open","ping_status":"closed","template":"","meta":[],"product_brand":[],"product_cat":[135,61],"product_tag":[],"class_list":{"0":"post-9383","1":"product","2":"type-product","3":"status-publish","4":"has-post-thumbnail","6":"product_cat-przytulanki-pozytywki","7":"product_cat-zabawki","9":"first","10":"instock","11":"taxable","12":"shipping-taxable","13":"purchasable","14":"product-type-simple"},"_links":{"self":[{"href":"https:\/\/www.bobooaza.pl\/index.php\/wp-json\/wp\/v2\/product\/9383","targetHints":{"allow":["GET"]}}],"collection":[{"href":"https:\/\/www.bobooaza.pl\/index.php\/wp-json\/wp\/v2\/product"}],"about":[{"href":"https:\/\/www.bobooaza.pl\/index.php\/wp-json\/wp\/v2\/types\/product"}],"replies":[{"embeddable":true,"href":"https:\/\/www.bobooaza.pl\/index.php\/wp-json\/wp\/v2\/comments?post=9383"}],"wp:featuredmedia":[{"embeddable":true,"href":"https:\/\/www.bobooaza.pl\/index.php\/wp-json\/wp\/v2\/media\/9382"}],"wp:attachment":[{"href":"https:\/\/www.bobooaza.pl\/index.php\/wp-json\/wp\/v2\/media?parent=9383"}],"wp:term":[{"taxonomy":"product_brand","embeddable":true,"href":"https:\/\/www.bobooaza.pl\/index.php\/wp-json\/wp\/v2\/product_brand?post=9383"},{"taxonomy":"product_cat","embeddable":true,"href":"https:\/\/www.bobooaza.pl\/index.php\/wp-json\/wp\/v2\/product_cat?post=9383"},{"taxonomy":"product_tag","embeddable":true,"href":"https:\/\/www.bobooaza.pl\/index.php\/wp-json\/wp\/v2\/product_tag?post=9383"}],"curies":[{"name":"wp","href":"https:\/\/api.w.org\/{rel}","templated":true}]}}