{"id":9389,"date":"2025-12-28T22:28:07","date_gmt":"2025-12-28T21:28:07","guid":{"rendered":"https:\/\/bobooaza.pl\/index.php\/produkt\/przytulanka-z-zawieszka-do-smoczka-rabbit-milly\/"},"modified":"2025-12-28T22:34:10","modified_gmt":"2025-12-28T21:34:10","slug":"przytulanka-z-zawieszka-do-smoczka-rabbit-milly","status":"publish","type":"product","link":"https:\/\/www.bobooaza.pl\/index.php\/produkt\/przytulanka-z-zawieszka-do-smoczka-rabbit-milly\/","title":{"rendered":"Przytulanka z zawieszk\u0105 do smoczka RABBIT MILLY"},"content":{"rendered":"<p>Przytulanka RABBIT MILLY z zawieszk\u0105 do smoczka to uroczy kr\u00f3liczek, kt\u00f3ry szybko mo\u017ce sta\u0107 si\u0119 najlepszym przyjacielem Twojego malucha. Doskonale sprawdzi si\u0119 jako mi\u0119kki towarzysz drzemek, a jednocze\u015bnie jako kompan codziennej zabawy, daj\u0105c dziecku poczucie bezpiecze\u0144stwa i blisko\u015bci.<\/p>\n<p>Maskotka zosta\u0142a wykonana z delikatnych, przyjemnych w dotyku materia\u0142\u00f3w, bezpiecznych dla wra\u017cliwej sk\u00f3ry niemowl\u0105t. Jej mi\u0119kka struktura sprzyja przytulaniu i wyciszeniu, pomagaj\u0105c dziecku uspokoi\u0107 si\u0119 i zasn\u0105\u0107. Praktyczna zawieszka do smoczka sprawia, \u017ce smoczek zawsze znajduje si\u0119 w zasi\u0119gu r\u0105czki i nie spada na pod\u0142og\u0119 ani nie gubi si\u0119 podczas spacer\u00f3w czy podr\u00f3\u017cy.<\/p>\n<p>Kolorowe metki umieszczone przy przytulance zach\u0119caj\u0105 malucha do chwytania i eksplorowania, stymuluj\u0105c zmys\u0142y, rozwijaj\u0105c wyobra\u017ani\u0119 oraz zdolno\u015bci manualne. Dzi\u0119ki temu kr\u00f3liczek RABBIT MILLY pe\u0142ni funkcj\u0119 zar\u00f3wno pierwszej przytulanki, jak i prostej zabawki sensorycznej.<\/p>\n<p>Produkt zosta\u0142 wykonany w 100% z poliestru, ma por\u0119czne wymiary 26 \u00d7 21 cm i jest przeznaczony dla dzieci od pierwszych dni \u017cycia. To doskona\u0142y wyb\u00f3r jako element wyprawki niemowl\u0119cej lub pomys\u0142 na prezent dla noworodka.<\/p>\n","protected":false},"excerpt":{"rendered":"<p>Przytulanka RABBIT MILLY z zawieszk\u0105 do smoczka to uroczy kr\u00f3liczek, kt\u00f3ry szybko mo\u017ce sta\u0107 si\u0119 najlepszym przyjacielem Twojego malucha. Doskonale sprawdzi si\u0119 jako mi\u0119kki towarzysz drzemek, a jednocze\u015bnie jako kompan codziennej zabawy, daj\u0105c dziecku poczucie bezpiecze\u0144stwa i blisko\u015bci. Maskotka zosta\u0142a wykonana z delikatnych, przyjemnych w dotyku materia\u0142\u00f3w, bezpiecznych dla wra\u017cliwej sk\u00f3ry niemowl\u0105t. Jej mi\u0119kka struktura [&hellip;]<\/p>\n","protected":false},"featured_media":9388,"comment_status":"open","ping_status":"closed","template":"","meta":[],"product_brand":[],"product_cat":[135,61],"product_tag":[],"class_list":{"0":"post-9389","1":"product","2":"type-product","3":"status-publish","4":"has-post-thumbnail","6":"product_cat-przytulanki-pozytywki","7":"product_cat-zabawki","9":"first","10":"instock","11":"taxable","12":"shipping-taxable","13":"purchasable","14":"product-type-simple"},"_links":{"self":[{"href":"https:\/\/www.bobooaza.pl\/index.php\/wp-json\/wp\/v2\/product\/9389","targetHints":{"allow":["GET"]}}],"collection":[{"href":"https:\/\/www.bobooaza.pl\/index.php\/wp-json\/wp\/v2\/product"}],"about":[{"href":"https:\/\/www.bobooaza.pl\/index.php\/wp-json\/wp\/v2\/types\/product"}],"replies":[{"embeddable":true,"href":"https:\/\/www.bobooaza.pl\/index.php\/wp-json\/wp\/v2\/comments?post=9389"}],"wp:featuredmedia":[{"embeddable":true,"href":"https:\/\/www.bobooaza.pl\/index.php\/wp-json\/wp\/v2\/media\/9388"}],"wp:attachment":[{"href":"https:\/\/www.bobooaza.pl\/index.php\/wp-json\/wp\/v2\/media?parent=9389"}],"wp:term":[{"taxonomy":"product_brand","embeddable":true,"href":"https:\/\/www.bobooaza.pl\/index.php\/wp-json\/wp\/v2\/product_brand?post=9389"},{"taxonomy":"product_cat","embeddable":true,"href":"https:\/\/www.bobooaza.pl\/index.php\/wp-json\/wp\/v2\/product_cat?post=9389"},{"taxonomy":"product_tag","embeddable":true,"href":"https:\/\/www.bobooaza.pl\/index.php\/wp-json\/wp\/v2\/product_tag?post=9389"}],"curies":[{"name":"wp","href":"https:\/\/api.w.org\/{rel}","templated":true}]}}