{"id":9407,"date":"2025-12-28T22:28:16","date_gmt":"2025-12-28T21:28:16","guid":{"rendered":"https:\/\/bobooaza.pl\/index.php\/produkt\/bambusowa-muslinowa-przytulanka-petitemars-hugo-desert-sand\/"},"modified":"2026-01-19T21:52:49","modified_gmt":"2026-01-19T20:52:49","slug":"bambusowa-muslinowa-przytulanka-petitemars-hugo-desert-sand","status":"publish","type":"product","link":"https:\/\/www.bobooaza.pl\/index.php\/produkt\/bambusowa-muslinowa-przytulanka-petitemars-hugo-desert-sand\/","title":{"rendered":"Bambusowa mu\u015blinowa przytulanka PETITE&amp;MARS Hugo \u2013 Desert Sand"},"content":{"rendered":"<p>Przytulanka Hugo to mi\u0119kki i uroczy kr\u00f3liczek, kt\u00f3ry stanie si\u0119 idealnym towarzyszem snu i zabawy Twojego dziecka ju\u017c od pierwszych dni \u017cycia. Wykonany z delikatnego mu\u015blinu bambusowego, Hugo jest niezwykle przyjemny w dotyku i zapewnia maluszkowi poczucie bezpiecze\u0144stwa oraz komfortu podczas drzemek i relaksu. W g\u0142\u00f3wce przytulanki ukryta zosta\u0142a ma\u0142a grzechotka, kt\u00f3ra subtelnie stymuluje zmys\u0142 s\u0142uchu dziecka.<\/p>\n<p>Bambusowa mu\u015blinowa przytulanka Hugo od PETITE&amp;MARS to mi\u0119kki i uroczy kr\u00f3liczek, kt\u00f3ry stanie si\u0119 najlepszym towarzyszem snu i zabawy Twojego dziecka ju\u017c od pierwszych dni \u017cycia. Wykonana z delikatnego mu\u015blinu bambusowego, przytulanka jest niezwykle mi\u0119kka i przyjemna w dotyku, zapewniaj\u0105c maluszkowi poczucie bezpiecze\u0144stwa i komfortu. W g\u0142\u00f3wce kr\u00f3liczka ukryta jest subtelna grzechotka, kt\u00f3ra delikatnie stymuluje zmys\u0142 s\u0142uchu dziecka i wzbudza jego ciekawo\u015b\u0107.<\/p>\n<p>Bambusowe w\u0142\u00f3kna u\u017cyte do produkcji przytulanki cechuj\u0105 si\u0119 wyj\u0105tkow\u0105 mi\u0119kko\u015bci\u0105 por\u00f3wnywaln\u0105 do jedwabiu, w\u0142a\u015bciwo\u015bciami antybakteryjnymi oraz termoregulacyjnymi. Hugo jest hipoalergiczny, przewiewny, odporny na nieprzyjemne zapachy i w pe\u0142ni bezpieczny dla wra\u017cliwej sk\u00f3ry niemowl\u0105t. Produkt spe\u0142nia wymagania standardu Oeko-Tex\u00ae Standard 100, co gwarantuje, \u017ce ka\u017cdy element materia\u0142u jest wolny od szkodliwych substancji.<\/p>\n<p>Kr\u00f3liczek ma praktyczny rozmiar 34 \u00d7 30 cm, dzi\u0119ki czemu maluch mo\u017ce go \u0142atwo chwyta\u0107 i przytula\u0107. Lekki i delikatny materia\u0142 sprawia, \u017ce Hugo jest doskona\u0142ym towarzyszem zar\u00f3wno w domu, jak i w podr\u00f3\u017cy. Bambusowa przytulanka zapewnia dzieciom poczucie bezpiecze\u0144stwa, rozwija zmys\u0142y i staje si\u0119 niezast\u0105pionym kompanem codziennych drzemek i zabaw.<\/p>\n<p>Materia\u0142: 70% bambus, 30% bawe\u0142na<br \/>\nRozmiar: 34 \u00d7 30 cm<br \/>\nWiek: 0 m+<\/p>\n","protected":false},"excerpt":{"rendered":"<p>Przytulanka Hugo to mi\u0119kki i uroczy kr\u00f3liczek, kt\u00f3ry stanie si\u0119 idealnym towarzyszem snu i zabawy Twojego dziecka ju\u017c od pierwszych dni \u017cycia. Wykonany z delikatnego mu\u015blinu bambusowego, Hugo jest niezwykle przyjemny w dotyku i zapewnia maluszkowi poczucie bezpiecze\u0144stwa oraz komfortu podczas drzemek i relaksu. W g\u0142\u00f3wce przytulanki ukryta zosta\u0142a ma\u0142a grzechotka, kt\u00f3ra subtelnie stymuluje zmys\u0142 [&hellip;]<\/p>\n","protected":false},"featured_media":9404,"comment_status":"open","ping_status":"closed","template":"","meta":[],"product_brand":[],"product_cat":[135,61],"product_tag":[],"class_list":{"0":"post-9407","1":"product","2":"type-product","3":"status-publish","4":"has-post-thumbnail","6":"product_cat-przytulanki-pozytywki","7":"product_cat-zabawki","9":"first","10":"instock","11":"taxable","12":"shipping-taxable","13":"purchasable","14":"product-type-simple"},"_links":{"self":[{"href":"https:\/\/www.bobooaza.pl\/index.php\/wp-json\/wp\/v2\/product\/9407","targetHints":{"allow":["GET"]}}],"collection":[{"href":"https:\/\/www.bobooaza.pl\/index.php\/wp-json\/wp\/v2\/product"}],"about":[{"href":"https:\/\/www.bobooaza.pl\/index.php\/wp-json\/wp\/v2\/types\/product"}],"replies":[{"embeddable":true,"href":"https:\/\/www.bobooaza.pl\/index.php\/wp-json\/wp\/v2\/comments?post=9407"}],"wp:featuredmedia":[{"embeddable":true,"href":"https:\/\/www.bobooaza.pl\/index.php\/wp-json\/wp\/v2\/media\/9404"}],"wp:attachment":[{"href":"https:\/\/www.bobooaza.pl\/index.php\/wp-json\/wp\/v2\/media?parent=9407"}],"wp:term":[{"taxonomy":"product_brand","embeddable":true,"href":"https:\/\/www.bobooaza.pl\/index.php\/wp-json\/wp\/v2\/product_brand?post=9407"},{"taxonomy":"product_cat","embeddable":true,"href":"https:\/\/www.bobooaza.pl\/index.php\/wp-json\/wp\/v2\/product_cat?post=9407"},{"taxonomy":"product_tag","embeddable":true,"href":"https:\/\/www.bobooaza.pl\/index.php\/wp-json\/wp\/v2\/product_tag?post=9407"}],"curies":[{"name":"wp","href":"https:\/\/api.w.org\/{rel}","templated":true}]}}