{"id":9411,"date":"2025-12-28T22:28:20","date_gmt":"2025-12-28T21:28:20","guid":{"rendered":"https:\/\/bobooaza.pl\/index.php\/produkt\/bambusowa-muslinowa-przytulanka-petitemars-hugo-misty-green\/"},"modified":"2026-01-19T21:52:49","modified_gmt":"2026-01-19T20:52:49","slug":"bambusowa-muslinowa-przytulanka-petitemars-hugo-misty-green","status":"publish","type":"product","link":"https:\/\/www.bobooaza.pl\/index.php\/produkt\/bambusowa-muslinowa-przytulanka-petitemars-hugo-misty-green\/","title":{"rendered":"Bambusowa mu\u015blinowa przytulanka PETITE&amp;MARS Hugo \u2013 Misty Green"},"content":{"rendered":"<p>Bambusowa mu\u015blinowa przytulanka Hugo w kolorze Misty Green od PETITE&amp;MARS to wyj\u0105tkowy kr\u00f3liczek, kt\u00f3ry stanie si\u0119 niezast\u0105pionym towarzyszem snu i zabawy Twojego dziecka ju\u017c od pierwszych dni \u017cycia. Wykonana z delikatnego mu\u015blinu bambusowego, przytulanka jest mi\u0119kka i przyjemna w dotyku, przynosz\u0105c maluszkowi poczucie ciep\u0142a i bezpiecze\u0144stwa. W g\u0142\u00f3wce kr\u00f3liczka ukryta jest subtelna grzechotka, kt\u00f3ra delikatnie stymuluje zmys\u0142 s\u0142uchu dziecka i rozwija jego ciekawo\u015b\u0107.<\/p>\n<p>W\u0142\u00f3kna bambusa u\u017cyte w przytulance charakteryzuj\u0105 si\u0119 wyj\u0105tkow\u0105 mi\u0119kko\u015bci\u0105, por\u00f3wnywaln\u0105 do jedwabiu, a tak\u017ce w\u0142a\u015bciwo\u015bciami antybakteryjnymi i koj\u0105cymi dla sk\u00f3ry. Produkt jest hipoalergiczny, przewiewny, odporny na nieprzyjemne zapachy i ca\u0142kowicie bezpieczny dla niemowl\u0105t. Ka\u017cdy element materia\u0142u spe\u0142nia wymagania standardu Oeko-Tex\u00ae Standard 100, co gwarantuje brak szkodliwych substancji.<\/p>\n<p>Kr\u00f3liczek Hugo ma rozmiar 34 \u00d7 30 cm, dzi\u0119ki czemu dziecko mo\u017ce \u0142atwo go chwyta\u0107 i przytula\u0107. Lekki i praktyczny kszta\u0142t sprawia, \u017ce przytulanka sprawdzi si\u0119 zar\u00f3wno w domu, jak i w podr\u00f3\u017cy. Bambusowa mu\u015blinowa przytulanka Hugo Misty Green rozwija zmys\u0142y, uspokaja i staje si\u0119 niezast\u0105pionym kompanem codziennych drzemek i zabaw.<\/p>\n<p>Materia\u0142: 70% bambus, 30% bawe\u0142na<br \/>\nRozmiar: 34 \u00d7 30 cm<br \/>\nWiek: 0 m+<\/p>\n","protected":false},"excerpt":{"rendered":"<p>Bambusowa mu\u015blinowa przytulanka Hugo w kolorze Misty Green od PETITE&amp;MARS to wyj\u0105tkowy kr\u00f3liczek, kt\u00f3ry stanie si\u0119 niezast\u0105pionym towarzyszem snu i zabawy Twojego dziecka ju\u017c od pierwszych dni \u017cycia. Wykonana z delikatnego mu\u015blinu bambusowego, przytulanka jest mi\u0119kka i przyjemna w dotyku, przynosz\u0105c maluszkowi poczucie ciep\u0142a i bezpiecze\u0144stwa. W g\u0142\u00f3wce kr\u00f3liczka ukryta jest subtelna grzechotka, kt\u00f3ra delikatnie [&hellip;]<\/p>\n","protected":false},"featured_media":9408,"comment_status":"open","ping_status":"closed","template":"","meta":[],"product_brand":[],"product_cat":[135,61],"product_tag":[],"class_list":{"0":"post-9411","1":"product","2":"type-product","3":"status-publish","4":"has-post-thumbnail","6":"product_cat-przytulanki-pozytywki","7":"product_cat-zabawki","9":"first","10":"instock","11":"taxable","12":"shipping-taxable","13":"purchasable","14":"product-type-simple"},"_links":{"self":[{"href":"https:\/\/www.bobooaza.pl\/index.php\/wp-json\/wp\/v2\/product\/9411","targetHints":{"allow":["GET"]}}],"collection":[{"href":"https:\/\/www.bobooaza.pl\/index.php\/wp-json\/wp\/v2\/product"}],"about":[{"href":"https:\/\/www.bobooaza.pl\/index.php\/wp-json\/wp\/v2\/types\/product"}],"replies":[{"embeddable":true,"href":"https:\/\/www.bobooaza.pl\/index.php\/wp-json\/wp\/v2\/comments?post=9411"}],"wp:featuredmedia":[{"embeddable":true,"href":"https:\/\/www.bobooaza.pl\/index.php\/wp-json\/wp\/v2\/media\/9408"}],"wp:attachment":[{"href":"https:\/\/www.bobooaza.pl\/index.php\/wp-json\/wp\/v2\/media?parent=9411"}],"wp:term":[{"taxonomy":"product_brand","embeddable":true,"href":"https:\/\/www.bobooaza.pl\/index.php\/wp-json\/wp\/v2\/product_brand?post=9411"},{"taxonomy":"product_cat","embeddable":true,"href":"https:\/\/www.bobooaza.pl\/index.php\/wp-json\/wp\/v2\/product_cat?post=9411"},{"taxonomy":"product_tag","embeddable":true,"href":"https:\/\/www.bobooaza.pl\/index.php\/wp-json\/wp\/v2\/product_tag?post=9411"}],"curies":[{"name":"wp","href":"https:\/\/api.w.org\/{rel}","templated":true}]}}