{"id":9419,"date":"2025-12-28T22:28:25","date_gmt":"2025-12-28T21:28:25","guid":{"rendered":"https:\/\/bobooaza.pl\/index.php\/produkt\/woopie-58090-przytulanka-mis-polarny-z-projektorem\/"},"modified":"2025-12-28T22:34:14","modified_gmt":"2025-12-28T21:34:14","slug":"woopie-58090-przytulanka-mis-polarny-z-projektorem","status":"publish","type":"product","link":"https:\/\/www.bobooaza.pl\/index.php\/produkt\/woopie-58090-przytulanka-mis-polarny-z-projektorem\/","title":{"rendered":"WOOPIE 58090 Przytulanka Mi\u015b Polarny z Projektorem"},"content":{"rendered":"<p>Mi\u0119ciutki Mi\u015b Polarny z projektorem od marki Woopie to idealny towarzysz snu dla najm\u0142odszych. Wykonana z bezpiecznej, mi\u0119kkiej bawe\u0142nianej tkaniny przytulanka \u0142\u0105czy funkcj\u0119 uspokajacza z muzyk\u0105 i projektora \u015bwietlnego, tworz\u0105c na suficie gwie\u017adziste niebo z ksi\u0119\u017cycami w r\u00f3\u017cnych efektach \u015bwietlnych. Wbudowana klasyczna nakr\u0119cana pozytywka wydaje przyjemn\u0105 melodyjk\u0119, dodatkowo wspieraj\u0105c relaks i wyciszenie malucha przed snem. Mi\u015b jest \u0142atwy w utrzymaniu czysto\u015bci \u2013 po wyj\u0119ciu modu\u0142u elektronicznego mo\u017cna go pra\u0107 w pralce.<\/p>\n<p>Przytulanka wspiera rozw\u00f3j sensoryczny dziecka, pobudzaj\u0105c zmys\u0142 wzroku poprzez kolorowe \u015bwiat\u0142a projekcji oraz zmys\u0142 s\u0142uchu dzi\u0119ki uspokajaj\u0105cym melodiom i delikatnym szumom. Zapewnia poczucie bezpiecze\u0144stwa i komfortu, u\u0142atwiaj\u0105c zasypianie i wspieraj\u0105c spokojny sen malucha.<\/p>\n<p>Materia\u0142: bawe\u0142na<br \/>\nWymiary: 27 \u00d7 14 \u00d7 23 cm<br \/>\nWiek: 0 m+<br \/>\nZasilanie: 3 \u00d7 AAA 1,5V (brak w zestawie)<\/p>\n","protected":false},"excerpt":{"rendered":"<p>Mi\u0119ciutki Mi\u015b Polarny z projektorem od marki Woopie to idealny towarzysz snu dla najm\u0142odszych. Wykonana z bezpiecznej, mi\u0119kkiej bawe\u0142nianej tkaniny przytulanka \u0142\u0105czy funkcj\u0119 uspokajacza z muzyk\u0105 i projektora \u015bwietlnego, tworz\u0105c na suficie gwie\u017adziste niebo z ksi\u0119\u017cycami w r\u00f3\u017cnych efektach \u015bwietlnych. Wbudowana klasyczna nakr\u0119cana pozytywka wydaje przyjemn\u0105 melodyjk\u0119, dodatkowo wspieraj\u0105c relaks i wyciszenie malucha przed snem. [&hellip;]<\/p>\n","protected":false},"featured_media":9412,"comment_status":"open","ping_status":"closed","template":"","meta":[],"product_brand":[],"product_cat":[135,61],"product_tag":[],"class_list":{"0":"post-9419","1":"product","2":"type-product","3":"status-publish","4":"has-post-thumbnail","6":"product_cat-przytulanki-pozytywki","7":"product_cat-zabawki","9":"first","10":"instock","11":"taxable","12":"shipping-taxable","13":"purchasable","14":"product-type-simple"},"_links":{"self":[{"href":"https:\/\/www.bobooaza.pl\/index.php\/wp-json\/wp\/v2\/product\/9419","targetHints":{"allow":["GET"]}}],"collection":[{"href":"https:\/\/www.bobooaza.pl\/index.php\/wp-json\/wp\/v2\/product"}],"about":[{"href":"https:\/\/www.bobooaza.pl\/index.php\/wp-json\/wp\/v2\/types\/product"}],"replies":[{"embeddable":true,"href":"https:\/\/www.bobooaza.pl\/index.php\/wp-json\/wp\/v2\/comments?post=9419"}],"wp:featuredmedia":[{"embeddable":true,"href":"https:\/\/www.bobooaza.pl\/index.php\/wp-json\/wp\/v2\/media\/9412"}],"wp:attachment":[{"href":"https:\/\/www.bobooaza.pl\/index.php\/wp-json\/wp\/v2\/media?parent=9419"}],"wp:term":[{"taxonomy":"product_brand","embeddable":true,"href":"https:\/\/www.bobooaza.pl\/index.php\/wp-json\/wp\/v2\/product_brand?post=9419"},{"taxonomy":"product_cat","embeddable":true,"href":"https:\/\/www.bobooaza.pl\/index.php\/wp-json\/wp\/v2\/product_cat?post=9419"},{"taxonomy":"product_tag","embeddable":true,"href":"https:\/\/www.bobooaza.pl\/index.php\/wp-json\/wp\/v2\/product_tag?post=9419"}],"curies":[{"name":"wp","href":"https:\/\/api.w.org\/{rel}","templated":true}]}}