{"id":9428,"date":"2025-12-28T22:28:37","date_gmt":"2025-12-28T21:28:37","guid":{"rendered":"https:\/\/bobooaza.pl\/index.php\/produkt\/b-o-441-przytulanka-dla-niemowlat-owl-sophia\/"},"modified":"2026-01-19T20:18:22","modified_gmt":"2026-01-19T19:18:22","slug":"b-o-441-przytulanka-dla-niemowlat-owl-sophia","status":"publish","type":"product","link":"https:\/\/www.bobooaza.pl\/index.php\/produkt\/b-o-441-przytulanka-dla-niemowlat-owl-sophia\/","title":{"rendered":"B.O.441 Przytulanka dla niemowl\u0105t OWL SOPHIA"},"content":{"rendered":"<p>OWL Sophia to wyj\u0105tkowa przytulanka, kt\u00f3ra zapewnia maluchowi poczucie bezpiecze\u0144stwa i komfortu. Dzi\u0119ki mi\u0119kkiej konstrukcji i delikatnym materia\u0142om sprawia, \u017ce dziecko czuje si\u0119 otoczone opiek\u0105, a magiczny design przenosi je w krain\u0119 sn\u00f3w.<\/p>\n<p>Przytulanka zosta\u0142a wyposa\u017cona w wewn\u0119trzn\u0105 grzechotk\u0119, kt\u00f3ra stymuluje rozw\u00f3j sensoryczny i poznawczy dziecka, pobudzaj\u0105c wyobra\u017ani\u0119 poprzez r\u00f3\u017cnorodne kszta\u0142ty, faktury i delikatne d\u017awi\u0119ki. OWL Sophia pe\u0142ni zar\u00f3wno funkcj\u0119 pierwszej przytulanki, jak i poduszki, wspieraj\u0105c emocjonalny rozw\u00f3j malucha oraz wprowadzaj\u0105c element zabawy i eksploracji zmys\u0142\u00f3w.<\/p>\n<p>Materia\u0142: 100% poliester<br \/>\nWymiary: 20 \u00d7 30 \u00d7 10 cm<br \/>\nWaga: 0,12 kg<br \/>\nWiek: 0 m+<\/p>\n","protected":false},"excerpt":{"rendered":"<p>OWL Sophia to wyj\u0105tkowa przytulanka, kt\u00f3ra zapewnia maluchowi poczucie bezpiecze\u0144stwa i komfortu. Dzi\u0119ki mi\u0119kkiej konstrukcji i delikatnym materia\u0142om sprawia, \u017ce dziecko czuje si\u0119 otoczone opiek\u0105, a magiczny design przenosi je w krain\u0119 sn\u00f3w. Przytulanka zosta\u0142a wyposa\u017cona w wewn\u0119trzn\u0105 grzechotk\u0119, kt\u00f3ra stymuluje rozw\u00f3j sensoryczny i poznawczy dziecka, pobudzaj\u0105c wyobra\u017ani\u0119 poprzez r\u00f3\u017cnorodne kszta\u0142ty, faktury i delikatne d\u017awi\u0119ki. [&hellip;]<\/p>\n","protected":false},"featured_media":9427,"comment_status":"open","ping_status":"closed","template":"","meta":[],"product_brand":[],"product_cat":[135,61],"product_tag":[],"class_list":{"0":"post-9428","1":"product","2":"type-product","3":"status-publish","4":"has-post-thumbnail","6":"product_cat-przytulanki-pozytywki","7":"product_cat-zabawki","9":"first","10":"instock","11":"taxable","12":"shipping-taxable","13":"purchasable","14":"product-type-simple"},"_links":{"self":[{"href":"https:\/\/www.bobooaza.pl\/index.php\/wp-json\/wp\/v2\/product\/9428","targetHints":{"allow":["GET"]}}],"collection":[{"href":"https:\/\/www.bobooaza.pl\/index.php\/wp-json\/wp\/v2\/product"}],"about":[{"href":"https:\/\/www.bobooaza.pl\/index.php\/wp-json\/wp\/v2\/types\/product"}],"replies":[{"embeddable":true,"href":"https:\/\/www.bobooaza.pl\/index.php\/wp-json\/wp\/v2\/comments?post=9428"}],"wp:featuredmedia":[{"embeddable":true,"href":"https:\/\/www.bobooaza.pl\/index.php\/wp-json\/wp\/v2\/media\/9427"}],"wp:attachment":[{"href":"https:\/\/www.bobooaza.pl\/index.php\/wp-json\/wp\/v2\/media?parent=9428"}],"wp:term":[{"taxonomy":"product_brand","embeddable":true,"href":"https:\/\/www.bobooaza.pl\/index.php\/wp-json\/wp\/v2\/product_brand?post=9428"},{"taxonomy":"product_cat","embeddable":true,"href":"https:\/\/www.bobooaza.pl\/index.php\/wp-json\/wp\/v2\/product_cat?post=9428"},{"taxonomy":"product_tag","embeddable":true,"href":"https:\/\/www.bobooaza.pl\/index.php\/wp-json\/wp\/v2\/product_tag?post=9428"}],"curies":[{"name":"wp","href":"https:\/\/api.w.org\/{rel}","templated":true}]}}