{"id":9433,"date":"2025-12-28T22:28:40","date_gmt":"2025-12-28T21:28:40","guid":{"rendered":"https:\/\/bobooaza.pl\/index.php\/produkt\/b-o-745-przytulanka-dla-niemowlat-racoon-rocky\/"},"modified":"2026-01-19T20:18:24","modified_gmt":"2026-01-19T19:18:24","slug":"b-o-745-przytulanka-dla-niemowlat-racoon-rocky","status":"publish","type":"product","link":"https:\/\/www.bobooaza.pl\/index.php\/produkt\/b-o-745-przytulanka-dla-niemowlat-racoon-rocky\/","title":{"rendered":"B.O.745 Przytulanka dla niemowl\u0105t RACOON ROCKY"},"content":{"rendered":"<p>Przytulanka Szop Rocky to energiczny i zabawny kompan dla ka\u017cdego malucha. Rocky swoj\u0105 ciekawo\u015bci\u0105 \u015bwiata i figlarnym charakterem szybko zyskuje sympati\u0119 dziecka, a jednocze\u015bnie staje si\u0119 nieod\u0142\u0105cznym towarzyszem codziennych przyg\u00f3d. Mi\u0119kka maskotka wykonana jest z r\u00f3\u017cnych materia\u0142\u00f3w o ciekawych fakturach, co dodatkowo stymuluje zmys\u0142y malucha.<\/p>\n<p>Wewn\u0105trz przytulanki znajduje si\u0119 grzechotka, kt\u00f3ra wspiera rozw\u00f3j umiej\u0119tno\u015bci poznawczych dziecka. R\u00f3\u017cnorodne kszta\u0142ty, faktury i delikatne d\u017awi\u0119ki pomagaj\u0105 w rozwijaniu wyobra\u017ani i koordynacji, a jednocze\u015bnie zapewniaj\u0105 poczucie bezpiecze\u0144stwa. Rocky pe\u0142ni funkcj\u0119 zar\u00f3wno przytulanki, jak i grzechotki, \u0142\u0105cz\u0105c zabaw\u0119 z komfortem i nauk\u0105.<\/p>\n<p>Materia\u0142: 100% poliester<br \/>\nWymiary: 13 \u00d7 25 \u00d7 10 cm<br \/>\nWiek: 0 m+<\/p>\n","protected":false},"excerpt":{"rendered":"<p>Przytulanka Szop Rocky to energiczny i zabawny kompan dla ka\u017cdego malucha. Rocky swoj\u0105 ciekawo\u015bci\u0105 \u015bwiata i figlarnym charakterem szybko zyskuje sympati\u0119 dziecka, a jednocze\u015bnie staje si\u0119 nieod\u0142\u0105cznym towarzyszem codziennych przyg\u00f3d. Mi\u0119kka maskotka wykonana jest z r\u00f3\u017cnych materia\u0142\u00f3w o ciekawych fakturach, co dodatkowo stymuluje zmys\u0142y malucha. Wewn\u0105trz przytulanki znajduje si\u0119 grzechotka, kt\u00f3ra wspiera rozw\u00f3j umiej\u0119tno\u015bci poznawczych [&hellip;]<\/p>\n","protected":false},"featured_media":9431,"comment_status":"open","ping_status":"closed","template":"","meta":[],"product_brand":[],"product_cat":[135,61],"product_tag":[],"class_list":{"0":"post-9433","1":"product","2":"type-product","3":"status-publish","4":"has-post-thumbnail","6":"product_cat-przytulanki-pozytywki","7":"product_cat-zabawki","9":"first","10":"instock","11":"taxable","12":"shipping-taxable","13":"purchasable","14":"product-type-simple"},"_links":{"self":[{"href":"https:\/\/www.bobooaza.pl\/index.php\/wp-json\/wp\/v2\/product\/9433","targetHints":{"allow":["GET"]}}],"collection":[{"href":"https:\/\/www.bobooaza.pl\/index.php\/wp-json\/wp\/v2\/product"}],"about":[{"href":"https:\/\/www.bobooaza.pl\/index.php\/wp-json\/wp\/v2\/types\/product"}],"replies":[{"embeddable":true,"href":"https:\/\/www.bobooaza.pl\/index.php\/wp-json\/wp\/v2\/comments?post=9433"}],"wp:featuredmedia":[{"embeddable":true,"href":"https:\/\/www.bobooaza.pl\/index.php\/wp-json\/wp\/v2\/media\/9431"}],"wp:attachment":[{"href":"https:\/\/www.bobooaza.pl\/index.php\/wp-json\/wp\/v2\/media?parent=9433"}],"wp:term":[{"taxonomy":"product_brand","embeddable":true,"href":"https:\/\/www.bobooaza.pl\/index.php\/wp-json\/wp\/v2\/product_brand?post=9433"},{"taxonomy":"product_cat","embeddable":true,"href":"https:\/\/www.bobooaza.pl\/index.php\/wp-json\/wp\/v2\/product_cat?post=9433"},{"taxonomy":"product_tag","embeddable":true,"href":"https:\/\/www.bobooaza.pl\/index.php\/wp-json\/wp\/v2\/product_tag?post=9433"}],"curies":[{"name":"wp","href":"https:\/\/api.w.org\/{rel}","templated":true}]}}