{"id":9437,"date":"2025-12-28T22:28:43","date_gmt":"2025-12-28T21:28:43","guid":{"rendered":"https:\/\/bobooaza.pl\/index.php\/produkt\/b-o-747-przytulanka-z-zawieszka-do-smoczka-racoon-rocky\/"},"modified":"2026-01-19T20:18:24","modified_gmt":"2026-01-19T19:18:24","slug":"b-o-747-przytulanka-z-zawieszka-do-smoczka-racoon-rocky","status":"publish","type":"product","link":"https:\/\/www.bobooaza.pl\/index.php\/produkt\/b-o-747-przytulanka-z-zawieszka-do-smoczka-racoon-rocky\/","title":{"rendered":"B.O.747 Przytulanka z zawieszk\u0105 do smoczka RACOON ROCKY"},"content":{"rendered":"<p>Szop Rocky to pe\u0142en energii i figlarny przyjaciel ka\u017cdego malucha. Jego ciekawo\u015b\u0107 \u015bwiata i uroczy u\u015bmiech sprawiaj\u0105, \u017ce szybko zyskuje sympati\u0119 dziecka, staj\u0105c si\u0119 nieod\u0142\u0105cznym towarzyszem codziennych przyg\u00f3d. Mi\u0119kka maskotka wykonana jest z r\u00f3\u017cnych materia\u0142\u00f3w o ciekawych fakturach, kt\u00f3re stymuluj\u0105 zmys\u0142y i wspieraj\u0105 rozw\u00f3j poznawczy dziecka. Wewn\u0105trz znajduje si\u0119 delikatna grzechotka, kt\u00f3ra dodatkowo zach\u0119ca malucha do zabawy i rozwija wyobra\u017ani\u0119.<\/p>\n<p>Do przytulanki doszyto tasiemki, kt\u00f3re pomagaj\u0105 \u0107wiczy\u0107 zr\u0119czno\u015b\u0107, oraz praktyczny uchwyt na smoczek z dwustronnym rzepem, dzi\u0119ki kt\u00f3remu ukojenie i bezpiecze\u0144stwo malucha s\u0105 zawsze pod r\u0119k\u0105. Rocky \u0142\u0105czy funkcj\u0119 przytulanki, grzechotki, kocyka oraz zawieszki do smoczka, oferuj\u0105c wszechstronn\u0105 zabaw\u0119 zar\u00f3wno w domu, podczas spacer\u00f3w, jak i w podr\u00f3\u017cy.<\/p>\n<p>Przytulanka zosta\u0142a wykonana w 100% z bezpiecznego poliestru, co zapewnia trwa\u0142o\u015b\u0107 i \u0142atwo\u015b\u0107 w utrzymaniu czysto\u015bci. Jej wymiary to 20 \u00d7 24 \u00d7 9 cm, dzi\u0119ki czemu jest lekka i wygodna dla ma\u0142ych r\u0105czek dziecka.<\/p>\n<p>Materia\u0142: 100% poliester<br \/>\nWymiary: 20 \u00d7 24 \u00d7 9 cm<br \/>\nWiek: 0 m+<\/p>\n","protected":false},"excerpt":{"rendered":"<p>Szop Rocky to pe\u0142en energii i figlarny przyjaciel ka\u017cdego malucha. Jego ciekawo\u015b\u0107 \u015bwiata i uroczy u\u015bmiech sprawiaj\u0105, \u017ce szybko zyskuje sympati\u0119 dziecka, staj\u0105c si\u0119 nieod\u0142\u0105cznym towarzyszem codziennych przyg\u00f3d. Mi\u0119kka maskotka wykonana jest z r\u00f3\u017cnych materia\u0142\u00f3w o ciekawych fakturach, kt\u00f3re stymuluj\u0105 zmys\u0142y i wspieraj\u0105 rozw\u00f3j poznawczy dziecka. Wewn\u0105trz znajduje si\u0119 delikatna grzechotka, kt\u00f3ra dodatkowo zach\u0119ca malucha [&hellip;]<\/p>\n","protected":false},"featured_media":9434,"comment_status":"open","ping_status":"closed","template":"","meta":[],"product_brand":[],"product_cat":[135,61],"product_tag":[],"class_list":{"0":"post-9437","1":"product","2":"type-product","3":"status-publish","4":"has-post-thumbnail","6":"product_cat-przytulanki-pozytywki","7":"product_cat-zabawki","9":"first","10":"instock","11":"taxable","12":"shipping-taxable","13":"purchasable","14":"product-type-simple"},"_links":{"self":[{"href":"https:\/\/www.bobooaza.pl\/index.php\/wp-json\/wp\/v2\/product\/9437","targetHints":{"allow":["GET"]}}],"collection":[{"href":"https:\/\/www.bobooaza.pl\/index.php\/wp-json\/wp\/v2\/product"}],"about":[{"href":"https:\/\/www.bobooaza.pl\/index.php\/wp-json\/wp\/v2\/types\/product"}],"replies":[{"embeddable":true,"href":"https:\/\/www.bobooaza.pl\/index.php\/wp-json\/wp\/v2\/comments?post=9437"}],"wp:featuredmedia":[{"embeddable":true,"href":"https:\/\/www.bobooaza.pl\/index.php\/wp-json\/wp\/v2\/media\/9434"}],"wp:attachment":[{"href":"https:\/\/www.bobooaza.pl\/index.php\/wp-json\/wp\/v2\/media?parent=9437"}],"wp:term":[{"taxonomy":"product_brand","embeddable":true,"href":"https:\/\/www.bobooaza.pl\/index.php\/wp-json\/wp\/v2\/product_brand?post=9437"},{"taxonomy":"product_cat","embeddable":true,"href":"https:\/\/www.bobooaza.pl\/index.php\/wp-json\/wp\/v2\/product_cat?post=9437"},{"taxonomy":"product_tag","embeddable":true,"href":"https:\/\/www.bobooaza.pl\/index.php\/wp-json\/wp\/v2\/product_tag?post=9437"}],"curies":[{"name":"wp","href":"https:\/\/api.w.org\/{rel}","templated":true}]}}