{"id":9439,"date":"2025-12-28T22:53:30","date_gmt":"2025-12-28T21:53:30","guid":{"rendered":"https:\/\/bobooaza.pl\/index.php\/produkt\/b-o-1522-zabawka-dla-dzieci-z-pozytywka-dog-willy\/"},"modified":"2025-12-28T23:06:52","modified_gmt":"2025-12-28T22:06:52","slug":"b-o-1522-zabawka-dla-dzieci-z-pozytywka-dog-willy","status":"publish","type":"product","link":"https:\/\/www.bobooaza.pl\/index.php\/produkt\/b-o-1522-zabawka-dla-dzieci-z-pozytywka-dog-willy\/","title":{"rendered":"B.O.1522 Zabawka dla dzieci z pozytywk\u0105 Dog Willy"},"content":{"rendered":"<p>Pluszowa maskotka Dog Willy z pozytywk\u0105 to mi\u0119kka i puchata zabawka, kt\u00f3ra doskonale koi ma\u0142e troski i staje si\u0119 ulubionym towarzyszem dziecka. Wbudowana pozytywka wydaje delikatn\u0105, koj\u0105c\u0105 melodi\u0119, kt\u00f3ra przyci\u0105ga uwag\u0119 malucha, rozwija zmys\u0142 s\u0142uchu i wspiera spokojne zasypianie po pe\u0142nym wra\u017ce\u0144 dniu.<\/p>\n<p>D\u0142ugotrwa\u0142\u0105 ciekawo\u015b\u0107 i rozw\u00f3j zdolno\u015bci manualnych stymuluj\u0105 kolorowe metki, kt\u00f3re dodatkowo zach\u0119caj\u0105 do poznawania \u015bwiata poprzez zabaw\u0119. Zabawka posiada praktyczny uchwyt, umo\u017cliwiaj\u0105cy przypi\u0119cie jej do w\u00f3zka, \u0142\u00f3\u017ceczka lub fotelika, dzi\u0119ki czemu zawsze jest w zasi\u0119gu dziecka. Dog Willy \u0142\u0105czy funkcj\u0119 przytulanki i edukacyjnej zabawki muzycznej, wspieraj\u0105c rozw\u00f3j emocjonalny i sensoryczny malucha.<\/p>\n<p>Materia\u0142: 100% poliester<br \/>\nWiek dziecka: 0 m+<br \/>\nWymiary: 13 x 29 cm<\/p>\n","protected":false},"excerpt":{"rendered":"<p>Pluszowa maskotka Dog Willy z pozytywk\u0105 to mi\u0119kka i puchata zabawka, kt\u00f3ra doskonale koi ma\u0142e troski i staje si\u0119 ulubionym towarzyszem dziecka. Wbudowana pozytywka wydaje delikatn\u0105, koj\u0105c\u0105 melodi\u0119, kt\u00f3ra przyci\u0105ga uwag\u0119 malucha, rozwija zmys\u0142 s\u0142uchu i wspiera spokojne zasypianie po pe\u0142nym wra\u017ce\u0144 dniu. D\u0142ugotrwa\u0142\u0105 ciekawo\u015b\u0107 i rozw\u00f3j zdolno\u015bci manualnych stymuluj\u0105 kolorowe metki, kt\u00f3re dodatkowo zach\u0119caj\u0105 [&hellip;]<\/p>\n","protected":false},"featured_media":9438,"comment_status":"open","ping_status":"closed","template":"","meta":[],"product_brand":[],"product_cat":[135,61],"product_tag":[],"class_list":{"0":"post-9439","1":"product","2":"type-product","3":"status-publish","4":"has-post-thumbnail","6":"product_cat-przytulanki-pozytywki","7":"product_cat-zabawki","9":"first","10":"instock","11":"taxable","12":"shipping-taxable","13":"purchasable","14":"product-type-simple"},"_links":{"self":[{"href":"https:\/\/www.bobooaza.pl\/index.php\/wp-json\/wp\/v2\/product\/9439","targetHints":{"allow":["GET"]}}],"collection":[{"href":"https:\/\/www.bobooaza.pl\/index.php\/wp-json\/wp\/v2\/product"}],"about":[{"href":"https:\/\/www.bobooaza.pl\/index.php\/wp-json\/wp\/v2\/types\/product"}],"replies":[{"embeddable":true,"href":"https:\/\/www.bobooaza.pl\/index.php\/wp-json\/wp\/v2\/comments?post=9439"}],"wp:featuredmedia":[{"embeddable":true,"href":"https:\/\/www.bobooaza.pl\/index.php\/wp-json\/wp\/v2\/media\/9438"}],"wp:attachment":[{"href":"https:\/\/www.bobooaza.pl\/index.php\/wp-json\/wp\/v2\/media?parent=9439"}],"wp:term":[{"taxonomy":"product_brand","embeddable":true,"href":"https:\/\/www.bobooaza.pl\/index.php\/wp-json\/wp\/v2\/product_brand?post=9439"},{"taxonomy":"product_cat","embeddable":true,"href":"https:\/\/www.bobooaza.pl\/index.php\/wp-json\/wp\/v2\/product_cat?post=9439"},{"taxonomy":"product_tag","embeddable":true,"href":"https:\/\/www.bobooaza.pl\/index.php\/wp-json\/wp\/v2\/product_tag?post=9439"}],"curies":[{"name":"wp","href":"https:\/\/api.w.org\/{rel}","templated":true}]}}