{"id":9441,"date":"2025-12-28T22:53:33","date_gmt":"2025-12-28T21:53:33","guid":{"rendered":"https:\/\/bobooaza.pl\/index.php\/produkt\/b-o-1526-zabawka-dla-dzieci-z-pozytywka-rabbit-milly\/"},"modified":"2025-12-28T23:06:53","modified_gmt":"2025-12-28T22:06:53","slug":"b-o-1526-zabawka-dla-dzieci-z-pozytywka-rabbit-milly","status":"publish","type":"product","link":"https:\/\/www.bobooaza.pl\/index.php\/produkt\/b-o-1526-zabawka-dla-dzieci-z-pozytywka-rabbit-milly\/","title":{"rendered":"B.O.1526 Zabawka dla dzieci z pozytywk\u0105 RABBIT MILLY"},"content":{"rendered":"<p>Maskotka kr\u00f3lik Rabbit Milly z pozytywk\u0105 to uroczy towarzysz codziennych zabaw, kt\u00f3ry wspiera rozw\u00f3j Twojego malucha od pierwszych dni \u017cycia. Mi\u0119kkie futerko jest przyjemne w dotyku, a d\u0142ugie uszy zach\u0119caj\u0105 dziecko do chwytania i \u0107wiczenia zr\u0119czno\u015bci.<\/p>\n<p>Wbudowana pozytywka emituje delikatn\u0105, koj\u0105c\u0105 melodi\u0119, kt\u00f3ra uspokaja malucha, pomaga skoncentrowa\u0107 uwag\u0119 na zabawce i u\u0142atwia zasypianie po aktywnym dniu. Zabawka posiada praktyczny uchwyt, kt\u00f3ry umo\u017cliwia przypi\u0119cie jej do w\u00f3zka, \u0142\u00f3\u017ceczka lub fotelika, dzi\u0119ki czemu zawsze jest w zasi\u0119gu dziecka. Kolorowe metki dodatkowo stymuluj\u0105 zmys\u0142 dotyku, rozwijaj\u0105 wyobra\u017ani\u0119 i wspieraj\u0105 rozw\u00f3j zdolno\u015bci manualnych.<\/p>\n<p>Materia\u0142: 100% poliester<br \/>\nWiek dziecka: 0 m+<br \/>\nWymiary: 13 x 29 cm<\/p>\n","protected":false},"excerpt":{"rendered":"<p>Maskotka kr\u00f3lik Rabbit Milly z pozytywk\u0105 to uroczy towarzysz codziennych zabaw, kt\u00f3ry wspiera rozw\u00f3j Twojego malucha od pierwszych dni \u017cycia. Mi\u0119kkie futerko jest przyjemne w dotyku, a d\u0142ugie uszy zach\u0119caj\u0105 dziecko do chwytania i \u0107wiczenia zr\u0119czno\u015bci. Wbudowana pozytywka emituje delikatn\u0105, koj\u0105c\u0105 melodi\u0119, kt\u00f3ra uspokaja malucha, pomaga skoncentrowa\u0107 uwag\u0119 na zabawce i u\u0142atwia zasypianie po aktywnym [&hellip;]<\/p>\n","protected":false},"featured_media":9440,"comment_status":"open","ping_status":"closed","template":"","meta":[],"product_brand":[],"product_cat":[135,61],"product_tag":[],"class_list":{"0":"post-9441","1":"product","2":"type-product","3":"status-publish","4":"has-post-thumbnail","6":"product_cat-przytulanki-pozytywki","7":"product_cat-zabawki","9":"first","10":"instock","11":"taxable","12":"shipping-taxable","13":"purchasable","14":"product-type-simple"},"_links":{"self":[{"href":"https:\/\/www.bobooaza.pl\/index.php\/wp-json\/wp\/v2\/product\/9441","targetHints":{"allow":["GET"]}}],"collection":[{"href":"https:\/\/www.bobooaza.pl\/index.php\/wp-json\/wp\/v2\/product"}],"about":[{"href":"https:\/\/www.bobooaza.pl\/index.php\/wp-json\/wp\/v2\/types\/product"}],"replies":[{"embeddable":true,"href":"https:\/\/www.bobooaza.pl\/index.php\/wp-json\/wp\/v2\/comments?post=9441"}],"wp:featuredmedia":[{"embeddable":true,"href":"https:\/\/www.bobooaza.pl\/index.php\/wp-json\/wp\/v2\/media\/9440"}],"wp:attachment":[{"href":"https:\/\/www.bobooaza.pl\/index.php\/wp-json\/wp\/v2\/media?parent=9441"}],"wp:term":[{"taxonomy":"product_brand","embeddable":true,"href":"https:\/\/www.bobooaza.pl\/index.php\/wp-json\/wp\/v2\/product_brand?post=9441"},{"taxonomy":"product_cat","embeddable":true,"href":"https:\/\/www.bobooaza.pl\/index.php\/wp-json\/wp\/v2\/product_cat?post=9441"},{"taxonomy":"product_tag","embeddable":true,"href":"https:\/\/www.bobooaza.pl\/index.php\/wp-json\/wp\/v2\/product_tag?post=9441"}],"curies":[{"name":"wp","href":"https:\/\/api.w.org\/{rel}","templated":true}]}}