{"id":9457,"date":"2025-12-28T23:07:00","date_gmt":"2025-12-28T22:07:00","guid":{"rendered":"https:\/\/bobooaza.pl\/index.php\/produkt\/tiny-love-tl11180000-tiny-smart-zawieszka-pozytywka-leniwiec-boho-chic\/"},"modified":"2025-12-28T23:08:12","modified_gmt":"2025-12-28T22:08:12","slug":"tiny-love-tl11180000-tiny-smart-zawieszka-pozytywka-leniwiec-boho-chic","status":"publish","type":"product","link":"https:\/\/www.bobooaza.pl\/index.php\/produkt\/tiny-love-tl11180000-tiny-smart-zawieszka-pozytywka-leniwiec-boho-chic\/","title":{"rendered":"TINY LOVE TL11180000 Tiny Smart Zawieszka Pozytywka Leniwiec Boho Chic"},"content":{"rendered":"<p>Tiny Smart zawieszka pozytywka w kszta\u0142cie leniwca o imieniu Mark to mi\u0119kka i przyjazna zabawka, kt\u00f3ra mo\u017ce towarzyszy\u0107 dziecku zar\u00f3wno w domu, jak i w podr\u00f3\u017cy. Zawieszka wyposa\u017cona jest w aktywowane przez dziecko melodie, kt\u00f3re uspokajaj\u0105 malucha i jednocze\u015bnie wspieraj\u0105 rozw\u00f3j poznawczy poprzez zrozumienie zasady przyczyna-skutek.<\/p>\n<p>Wykonana z r\u00f3\u017cnych tekstur i marszcz\u0105cych si\u0119 tkanin zabawka stymuluje zmys\u0142 dotyku i wspomaga rozw\u00f3j motoryki ma\u0142ej. Pier\u015bcie\u0144 umo\u017cliwia \u0142atwe przymocowanie do w\u00f3zka, fotelika czy \u0142\u00f3\u017ceczka, dzi\u0119ki czemu leniwiec Mark jest zawsze w zasi\u0119gu dziecka, zapewniaj\u0105c poczucie bezpiecze\u0144stwa i komfortu.<\/p>\n<p>Zabawka wspiera rozw\u00f3j zmys\u0142\u00f3w dzi\u0119ki jasnym kolorom, przyjemnym w dotyku materia\u0142om i wyra\u017anie zdefiniowanej twarzy. Pomaga tak\u017ce w kszta\u0142towaniu inteligencji emocjonalnej, precyzyjnych ruch\u00f3w r\u0105k i my\u015blenia przyczynowo-skutkowego.<\/p>\n<p>Materia\u0142: wysokiej jako\u015bci plusz z haftowanymi detalami<br \/>\nWiek dziecka: 0 m+<br \/>\nFunkcje: pozytywka, zawieszka do w\u00f3zka\/\u0142\u00f3\u017ceczka, stymulacja sensoryczna i motoryczna<br \/>\nZasilanie: w zestawie bateria do aktywacji melodii<\/p>\n","protected":false},"excerpt":{"rendered":"<p>Tiny Smart zawieszka pozytywka w kszta\u0142cie leniwca o imieniu Mark to mi\u0119kka i przyjazna zabawka, kt\u00f3ra mo\u017ce towarzyszy\u0107 dziecku zar\u00f3wno w domu, jak i w podr\u00f3\u017cy. Zawieszka wyposa\u017cona jest w aktywowane przez dziecko melodie, kt\u00f3re uspokajaj\u0105 malucha i jednocze\u015bnie wspieraj\u0105 rozw\u00f3j poznawczy poprzez zrozumienie zasady przyczyna-skutek. Wykonana z r\u00f3\u017cnych tekstur i marszcz\u0105cych si\u0119 tkanin zabawka [&hellip;]<\/p>\n","protected":false},"featured_media":9454,"comment_status":"open","ping_status":"closed","template":"","meta":[],"product_brand":[],"product_cat":[135,61],"product_tag":[],"class_list":{"0":"post-9457","1":"product","2":"type-product","3":"status-publish","4":"has-post-thumbnail","6":"product_cat-przytulanki-pozytywki","7":"product_cat-zabawki","9":"first","10":"instock","11":"taxable","12":"shipping-taxable","13":"purchasable","14":"product-type-simple"},"_links":{"self":[{"href":"https:\/\/www.bobooaza.pl\/index.php\/wp-json\/wp\/v2\/product\/9457","targetHints":{"allow":["GET"]}}],"collection":[{"href":"https:\/\/www.bobooaza.pl\/index.php\/wp-json\/wp\/v2\/product"}],"about":[{"href":"https:\/\/www.bobooaza.pl\/index.php\/wp-json\/wp\/v2\/types\/product"}],"replies":[{"embeddable":true,"href":"https:\/\/www.bobooaza.pl\/index.php\/wp-json\/wp\/v2\/comments?post=9457"}],"wp:featuredmedia":[{"embeddable":true,"href":"https:\/\/www.bobooaza.pl\/index.php\/wp-json\/wp\/v2\/media\/9454"}],"wp:attachment":[{"href":"https:\/\/www.bobooaza.pl\/index.php\/wp-json\/wp\/v2\/media?parent=9457"}],"wp:term":[{"taxonomy":"product_brand","embeddable":true,"href":"https:\/\/www.bobooaza.pl\/index.php\/wp-json\/wp\/v2\/product_brand?post=9457"},{"taxonomy":"product_cat","embeddable":true,"href":"https:\/\/www.bobooaza.pl\/index.php\/wp-json\/wp\/v2\/product_cat?post=9457"},{"taxonomy":"product_tag","embeddable":true,"href":"https:\/\/www.bobooaza.pl\/index.php\/wp-json\/wp\/v2\/product_tag?post=9457"}],"curies":[{"name":"wp","href":"https:\/\/api.w.org\/{rel}","templated":true}]}}