{"id":9460,"date":"2025-12-28T23:07:04","date_gmt":"2025-12-28T22:07:04","guid":{"rendered":"https:\/\/bobooaza.pl\/index.php\/produkt\/4-baby-f01-pe-zabawka-pozytywka-fox\/"},"modified":"2026-01-19T21:52:51","modified_gmt":"2026-01-19T20:52:51","slug":"4-baby-f01-pe-zabawka-pozytywka-fox","status":"publish","type":"product","link":"https:\/\/www.bobooaza.pl\/index.php\/produkt\/4-baby-f01-pe-zabawka-pozytywka-fox\/","title":{"rendered":"4 BABY F01 P&amp;E Zabawka Pozytywka FOX"},"content":{"rendered":"<p>Zabawka pozytywka w kszta\u0142cie lisa jest mi\u0119kka i przyjemna w dotyku, co zach\u0119ca dziecko do zabawy i wspiera rozw\u00f3j koordynacji wzrokowo-s\u0142uchowej oraz motorycznej. Delikatne d\u017awi\u0119ki pozytywki pomagaj\u0105 uspokoi\u0107 malucha i u\u0142atwiaj\u0105 zasypianie. Wyposa\u017cona w wygodny, lekki uchwyt, pozwala na \u0142atwe zamocowanie do w\u00f3zka, \u0142\u00f3\u017ceczka lub fotelika.<\/p>\n<p>Posiada r\u0119czny mechanizm pozytywki, kt\u00f3ry nie wymaga baterii, a spokojna melodia stymuluje rozw\u00f3j sensoryczny dziecka. Uniwersalny uchwyt umo\u017cliwia wszechstronne zastosowanie, a produkt posiada certyfikat CE.<\/p>\n<p>Materia\u0142: mi\u0119kki plusz<br \/>\nWiek dziecka: 0 m+<br \/>\nFunkcje: pozytywka, stymulacja sensoryczna, rozw\u00f3j motoryki ma\u0142ej<br \/>\nWymiary: roz\u0142o\u017cony 12 x 35-54 x 9 cm<\/p>\n","protected":false},"excerpt":{"rendered":"<p>Zabawka pozytywka w kszta\u0142cie lisa jest mi\u0119kka i przyjemna w dotyku, co zach\u0119ca dziecko do zabawy i wspiera rozw\u00f3j koordynacji wzrokowo-s\u0142uchowej oraz motorycznej. Delikatne d\u017awi\u0119ki pozytywki pomagaj\u0105 uspokoi\u0107 malucha i u\u0142atwiaj\u0105 zasypianie. Wyposa\u017cona w wygodny, lekki uchwyt, pozwala na \u0142atwe zamocowanie do w\u00f3zka, \u0142\u00f3\u017ceczka lub fotelika. Posiada r\u0119czny mechanizm pozytywki, kt\u00f3ry nie wymaga baterii, a [&hellip;]<\/p>\n","protected":false},"featured_media":9458,"comment_status":"open","ping_status":"closed","template":"","meta":[],"product_brand":[],"product_cat":[135,61],"product_tag":[],"class_list":{"0":"post-9460","1":"product","2":"type-product","3":"status-publish","4":"has-post-thumbnail","6":"product_cat-przytulanki-pozytywki","7":"product_cat-zabawki","9":"first","10":"instock","11":"taxable","12":"shipping-taxable","13":"purchasable","14":"product-type-simple"},"_links":{"self":[{"href":"https:\/\/www.bobooaza.pl\/index.php\/wp-json\/wp\/v2\/product\/9460","targetHints":{"allow":["GET"]}}],"collection":[{"href":"https:\/\/www.bobooaza.pl\/index.php\/wp-json\/wp\/v2\/product"}],"about":[{"href":"https:\/\/www.bobooaza.pl\/index.php\/wp-json\/wp\/v2\/types\/product"}],"replies":[{"embeddable":true,"href":"https:\/\/www.bobooaza.pl\/index.php\/wp-json\/wp\/v2\/comments?post=9460"}],"wp:featuredmedia":[{"embeddable":true,"href":"https:\/\/www.bobooaza.pl\/index.php\/wp-json\/wp\/v2\/media\/9458"}],"wp:attachment":[{"href":"https:\/\/www.bobooaza.pl\/index.php\/wp-json\/wp\/v2\/media?parent=9460"}],"wp:term":[{"taxonomy":"product_brand","embeddable":true,"href":"https:\/\/www.bobooaza.pl\/index.php\/wp-json\/wp\/v2\/product_brand?post=9460"},{"taxonomy":"product_cat","embeddable":true,"href":"https:\/\/www.bobooaza.pl\/index.php\/wp-json\/wp\/v2\/product_cat?post=9460"},{"taxonomy":"product_tag","embeddable":true,"href":"https:\/\/www.bobooaza.pl\/index.php\/wp-json\/wp\/v2\/product_tag?post=9460"}],"curies":[{"name":"wp","href":"https:\/\/api.w.org\/{rel}","templated":true}]}}