{"id":9466,"date":"2025-12-28T23:07:10","date_gmt":"2025-12-28T22:07:10","guid":{"rendered":"https:\/\/bobooaza.pl\/index.php\/produkt\/balibazoo-bb-82874-zawieszka-zyrafa-gina-z-pozytywka\/"},"modified":"2025-12-28T23:08:14","modified_gmt":"2025-12-28T22:08:14","slug":"balibazoo-bb-82874-zawieszka-zyrafa-gina-z-pozytywka","status":"publish","type":"product","link":"https:\/\/www.bobooaza.pl\/index.php\/produkt\/balibazoo-bb-82874-zawieszka-zyrafa-gina-z-pozytywka\/","title":{"rendered":"BALIBAZOO BB 82874 Zawieszka \u017byrafa Gina z pozytywk\u0105"},"content":{"rendered":"<p>\u017byrafka Gina to mi\u0119kka i przyjazna zawieszka, kt\u00f3ra potrafi uko\u0142ysa\u0107 malucha do snu, wydaj\u0105c s\u0142odk\u0105 ko\u0142ysank\u0119 po poci\u0105gni\u0119ciu ogonka. Zabawka posiada r\u00f3\u017cnorodne elementy sensoryczne, kt\u00f3re rozwijaj\u0105 zmys\u0142y dziecka, m.in. przyjazne lusterko, plastikowe k\u00f3\u0142eczko, kwadracik z wypustkami oraz mi\u0119kki gryzaczek.<\/p>\n<p>Zawieszka jest praktyczna i \u0142atwa do zamocowania w w\u00f3zku, \u0142\u00f3\u017ceczku, hu\u015btawce lub le\u017caczku, zapewniaj\u0105c dziecku zabaw\u0119 i komfort w r\u00f3\u017cnych miejscach.<\/p>\n<p>Materia\u0142: mi\u0119kki plusz i bezpieczne tworzywa<br \/>\nWiek dziecka: 0 m+<br \/>\nFunkcje: pozytywka, elementy sensoryczne, gryzaczek, rozw\u00f3j motoryki i zmys\u0142\u00f3w<br \/>\nZastosowanie: w\u00f3zek, \u0142\u00f3\u017ceczko, hu\u015btawka, le\u017caczek<\/p>\n","protected":false},"excerpt":{"rendered":"<p>\u017byrafka Gina to mi\u0119kka i przyjazna zawieszka, kt\u00f3ra potrafi uko\u0142ysa\u0107 malucha do snu, wydaj\u0105c s\u0142odk\u0105 ko\u0142ysank\u0119 po poci\u0105gni\u0119ciu ogonka. Zabawka posiada r\u00f3\u017cnorodne elementy sensoryczne, kt\u00f3re rozwijaj\u0105 zmys\u0142y dziecka, m.in. przyjazne lusterko, plastikowe k\u00f3\u0142eczko, kwadracik z wypustkami oraz mi\u0119kki gryzaczek. Zawieszka jest praktyczna i \u0142atwa do zamocowania w w\u00f3zku, \u0142\u00f3\u017ceczku, hu\u015btawce lub le\u017caczku, zapewniaj\u0105c dziecku zabaw\u0119 [&hellip;]<\/p>\n","protected":false},"featured_media":9465,"comment_status":"open","ping_status":"closed","template":"","meta":[],"product_brand":[],"product_cat":[135,61],"product_tag":[],"class_list":{"0":"post-9466","1":"product","2":"type-product","3":"status-publish","4":"has-post-thumbnail","6":"product_cat-przytulanki-pozytywki","7":"product_cat-zabawki","9":"first","10":"instock","11":"taxable","12":"shipping-taxable","13":"purchasable","14":"product-type-simple"},"_links":{"self":[{"href":"https:\/\/www.bobooaza.pl\/index.php\/wp-json\/wp\/v2\/product\/9466","targetHints":{"allow":["GET"]}}],"collection":[{"href":"https:\/\/www.bobooaza.pl\/index.php\/wp-json\/wp\/v2\/product"}],"about":[{"href":"https:\/\/www.bobooaza.pl\/index.php\/wp-json\/wp\/v2\/types\/product"}],"replies":[{"embeddable":true,"href":"https:\/\/www.bobooaza.pl\/index.php\/wp-json\/wp\/v2\/comments?post=9466"}],"wp:featuredmedia":[{"embeddable":true,"href":"https:\/\/www.bobooaza.pl\/index.php\/wp-json\/wp\/v2\/media\/9465"}],"wp:attachment":[{"href":"https:\/\/www.bobooaza.pl\/index.php\/wp-json\/wp\/v2\/media?parent=9466"}],"wp:term":[{"taxonomy":"product_brand","embeddable":true,"href":"https:\/\/www.bobooaza.pl\/index.php\/wp-json\/wp\/v2\/product_brand?post=9466"},{"taxonomy":"product_cat","embeddable":true,"href":"https:\/\/www.bobooaza.pl\/index.php\/wp-json\/wp\/v2\/product_cat?post=9466"},{"taxonomy":"product_tag","embeddable":true,"href":"https:\/\/www.bobooaza.pl\/index.php\/wp-json\/wp\/v2\/product_tag?post=9466"}],"curies":[{"name":"wp","href":"https:\/\/api.w.org\/{rel}","templated":true}]}}