{"id":9473,"date":"2025-12-28T23:07:17","date_gmt":"2025-12-28T22:07:17","guid":{"rendered":"https:\/\/bobooaza.pl\/index.php\/produkt\/cloud-b-cltt-7703-szumiacy-krolik-z-czujnikiem-ruchu-i-pozytywka\/"},"modified":"2026-01-19T21:52:52","modified_gmt":"2026-01-19T20:52:52","slug":"cloud-b-cltt-7703-szumiacy-krolik-z-czujnikiem-ruchu-i-pozytywka","status":"publish","type":"product","link":"https:\/\/www.bobooaza.pl\/index.php\/produkt\/cloud-b-cltt-7703-szumiacy-krolik-z-czujnikiem-ruchu-i-pozytywka\/","title":{"rendered":"CLOUD B CLTT-7703 Szumi\u0105cy Kr\u00f3lik z czujnikiem ruchu i pozytywk\u0105"},"content":{"rendered":"<p>Szumi\u0105cy kr\u00f3lik Love Light\u2122 Buddies to mi\u0119kka przytulanka, kt\u00f3ra pomaga dziecku zasypia\u0107 i czu\u0107 si\u0119 bezpiecznie w ciemnym pokoju. Posiada ukryty panel d\u017awi\u0119kowy z o\u015bmioma relaksuj\u0105cymi opcjami d\u017awi\u0119kowymi \u2013 cztery szumy (bicie serca, deszcz, Soft Shush, strumyk) i cztery ko\u0142ysanki (Bach Lullaby, Dolphin Dreams, Classical Lullaby, Fairy Dance). Panel umo\u017cliwia nagrywanie g\u0142osu rodzica, kt\u00f3ry mo\u017cna odtwarza\u0107 podczas snu.<\/p>\n<p>Kr\u00f3lik posiada dwa efekty \u015bwietlne z pi\u0119cioma wariantami kolorystycznymi, automatyczne wy\u0142\u0105czenie po 30 minutach oraz mo\u017cliwo\u015b\u0107 regulacji g\u0142o\u015bno\u015bci. Przytulanka jest mi\u0119kka i urocza, z zapi\u0119ciem na rzep do \u0142atwego mocowania w \u0142\u00f3\u017ceczku, w\u00f3zku lub foteliku samochodowym. Panel d\u017awi\u0119kowy mo\u017cna wyj\u0105\u0107, co pozwala pra\u0107 maskotk\u0119 w pralce.<\/p>\n<p>Zabawka zasilana jest akumulatorem z \u0142adowaniem przez kabel USB-C.<\/p>\n<p>Wymiary: 18 x 30 x 31 cm<br \/>\nWaga: 0,57 kg<br \/>\nFunkcje: przytulanka, pozytywka, lampka nocna, nagrywanie g\u0142osu, szumy uspokajaj\u0105ce, melodie ko\u0142ysanek, automatyczne wy\u0142\u0105czenie<\/p>\n","protected":false},"excerpt":{"rendered":"<p>Szumi\u0105cy kr\u00f3lik Love Light\u2122 Buddies to mi\u0119kka przytulanka, kt\u00f3ra pomaga dziecku zasypia\u0107 i czu\u0107 si\u0119 bezpiecznie w ciemnym pokoju. Posiada ukryty panel d\u017awi\u0119kowy z o\u015bmioma relaksuj\u0105cymi opcjami d\u017awi\u0119kowymi \u2013 cztery szumy (bicie serca, deszcz, Soft Shush, strumyk) i cztery ko\u0142ysanki (Bach Lullaby, Dolphin Dreams, Classical Lullaby, Fairy Dance). Panel umo\u017cliwia nagrywanie g\u0142osu rodzica, kt\u00f3ry mo\u017cna [&hellip;]<\/p>\n","protected":false},"featured_media":9467,"comment_status":"open","ping_status":"closed","template":"","meta":[],"product_brand":[],"product_cat":[135,61],"product_tag":[],"class_list":{"0":"post-9473","1":"product","2":"type-product","3":"status-publish","4":"has-post-thumbnail","6":"product_cat-przytulanki-pozytywki","7":"product_cat-zabawki","9":"first","10":"instock","11":"taxable","12":"shipping-taxable","13":"purchasable","14":"product-type-simple"},"_links":{"self":[{"href":"https:\/\/www.bobooaza.pl\/index.php\/wp-json\/wp\/v2\/product\/9473","targetHints":{"allow":["GET"]}}],"collection":[{"href":"https:\/\/www.bobooaza.pl\/index.php\/wp-json\/wp\/v2\/product"}],"about":[{"href":"https:\/\/www.bobooaza.pl\/index.php\/wp-json\/wp\/v2\/types\/product"}],"replies":[{"embeddable":true,"href":"https:\/\/www.bobooaza.pl\/index.php\/wp-json\/wp\/v2\/comments?post=9473"}],"wp:featuredmedia":[{"embeddable":true,"href":"https:\/\/www.bobooaza.pl\/index.php\/wp-json\/wp\/v2\/media\/9467"}],"wp:attachment":[{"href":"https:\/\/www.bobooaza.pl\/index.php\/wp-json\/wp\/v2\/media?parent=9473"}],"wp:term":[{"taxonomy":"product_brand","embeddable":true,"href":"https:\/\/www.bobooaza.pl\/index.php\/wp-json\/wp\/v2\/product_brand?post=9473"},{"taxonomy":"product_cat","embeddable":true,"href":"https:\/\/www.bobooaza.pl\/index.php\/wp-json\/wp\/v2\/product_cat?post=9473"},{"taxonomy":"product_tag","embeddable":true,"href":"https:\/\/www.bobooaza.pl\/index.php\/wp-json\/wp\/v2\/product_tag?post=9473"}],"curies":[{"name":"wp","href":"https:\/\/api.w.org\/{rel}","templated":true}]}}