{"id":9478,"date":"2026-01-01T22:10:46","date_gmt":"2026-01-01T21:10:46","guid":{"rendered":"https:\/\/bobooaza.pl\/index.php\/produkt\/gryzak-drewniano-silikonowy-babyono-kitten\/"},"modified":"2026-01-19T21:52:52","modified_gmt":"2026-01-19T20:52:52","slug":"gryzak-drewniano-silikonowy-babyono-kitten","status":"publish","type":"product","link":"https:\/\/www.bobooaza.pl\/index.php\/produkt\/gryzak-drewniano-silikonowy-babyono-kitten\/","title":{"rendered":"Gryzak drewniano-silikonowy BabyOno KITTEN"},"content":{"rendered":"<p>Gryzak drewniano-silikonowy BabyOno KITTEN \u2013 wi\u0119kszy komfort i skuteczna ulga w z\u0105bkowaniu<\/p>\n<p>Gryzak drewniano-silikonowy BabyOno KITTEN to powi\u0119kszona wersja popularnych modeli BUTTERFLY, CRAB i HEN, stworzona z my\u015bl\u0105 o nieco wi\u0119kszych r\u0105czkach lub indywidualnych preferencjach dziecka. Uroczy motyw kotka \u0142\u0105czy funkcjonalno\u015b\u0107 z atrakcyjnym designem, zapewniaj\u0105c dziecku komfort i bezpiecze\u0144stwo podczas z\u0105bkowania.<\/p>\n<p>Po\u0142\u0105czenie bezpiecznego silikonu z masuj\u0105cymi wypustkami oraz certyfikowanego drewna bukowego skutecznie \u0142agodzi b\u00f3l dzi\u0105se\u0142 i dostarcza zr\u00f3\u017cnicowanych bod\u017ac\u00f3w sensorycznych, wspieraj\u0105c prawid\u0142owy rozw\u00f3j malucha.<\/p>\n<p>Dlaczego warto wybra\u0107 gryzak BabyOno KITTEN?<\/p>\n<p>\u2714 Por\u0119czny i mi\u0119kki \u2013 tak\u017ce dla wi\u0119kszych r\u0105czek<br \/>\nSpecjalnie zaprojektowany, powi\u0119kszony kszta\u0142t sprawia, \u017ce gryzak jest wygodny w u\u017cytkowaniu i \u0142atwy do chwytania przez dziecko.<\/p>\n<p>\u2714 Skutecznie \u0142agodzi b\u00f3l dzi\u0105se\u0142<br \/>\nNier\u00f3wno\u015bci na uszkach kotka masuj\u0105 dzi\u0105s\u0142a i przynosz\u0105 ulg\u0119 w okresie z\u0105bkowania. Po wcze\u015bniejszym sch\u0142odzeniu w lod\u00f3wce gryzak dzia\u0142a koj\u0105co, a jego struktura umo\u017cliwia wygodne rozprowadzanie \u017celu \u0142agodz\u0105cego (\u017cel nie jest do\u0142\u0105czony).<\/p>\n<p>\u2714 Stymulacja sensoryczna<br \/>\nPo\u0142\u0105czenie silikonu i drewna zapewnia r\u00f3\u017cnorodne wra\u017cenia dotykowe, wspieraj\u0105c rozw\u00f3j zmys\u0142\u00f3w, motoryki i koordynacji ruchowej.<\/p>\n<p>\u2714 Bezpieczne materia\u0142y \u2013 bez BPA<br \/>\nWykonany z wysokiej jako\u015bci silikonu oraz certyfikowanego drewna bukowego. Produkt nie zawiera Bisfenolu A i jest bezpieczny dla niemowl\u0105t od pierwszych dni \u017cycia.<\/p>\n<p>\u2714 Motyw zwierz\u0119cy, kt\u00f3ry przyci\u0105ga uwag\u0119<br \/>\nKszta\u0142t kotka pobudza ciekawo\u015b\u0107 dziecka, wprowadza je w \u015bwiat zwierz\u0105t i zach\u0119ca do zabawy.<\/p>\n<p>Specyfikacja techniczna:<\/p>\n<p>Materia\u0142: bezpieczny silikon, certyfikowane drewno bukowe<\/p>\n<p>Waga: 39 g<\/p>\n<p>Wiek dziecka: 0 m+<\/p>\n","protected":false},"excerpt":{"rendered":"<p>Gryzak drewniano-silikonowy BabyOno KITTEN \u2013 wi\u0119kszy komfort i skuteczna ulga w z\u0105bkowaniu Gryzak drewniano-silikonowy BabyOno KITTEN to powi\u0119kszona wersja popularnych modeli BUTTERFLY, CRAB i HEN, stworzona z my\u015bl\u0105 o nieco wi\u0119kszych r\u0105czkach lub indywidualnych preferencjach dziecka. Uroczy motyw kotka \u0142\u0105czy funkcjonalno\u015b\u0107 z atrakcyjnym designem, zapewniaj\u0105c dziecku komfort i bezpiecze\u0144stwo podczas z\u0105bkowania. Po\u0142\u0105czenie bezpiecznego silikonu z [&hellip;]<\/p>\n","protected":false},"featured_media":9476,"comment_status":"open","ping_status":"closed","template":"","meta":[],"product_brand":[],"product_cat":[133,61,136],"product_tag":[],"class_list":{"0":"post-9478","1":"product","2":"type-product","3":"status-publish","4":"has-post-thumbnail","6":"product_cat-drewniane","7":"product_cat-zabawki","8":"product_cat-zabawki-pozostale","10":"first","11":"instock","12":"taxable","13":"shipping-taxable","14":"purchasable","15":"product-type-simple"},"_links":{"self":[{"href":"https:\/\/www.bobooaza.pl\/index.php\/wp-json\/wp\/v2\/product\/9478","targetHints":{"allow":["GET"]}}],"collection":[{"href":"https:\/\/www.bobooaza.pl\/index.php\/wp-json\/wp\/v2\/product"}],"about":[{"href":"https:\/\/www.bobooaza.pl\/index.php\/wp-json\/wp\/v2\/types\/product"}],"replies":[{"embeddable":true,"href":"https:\/\/www.bobooaza.pl\/index.php\/wp-json\/wp\/v2\/comments?post=9478"}],"wp:featuredmedia":[{"embeddable":true,"href":"https:\/\/www.bobooaza.pl\/index.php\/wp-json\/wp\/v2\/media\/9476"}],"wp:attachment":[{"href":"https:\/\/www.bobooaza.pl\/index.php\/wp-json\/wp\/v2\/media?parent=9478"}],"wp:term":[{"taxonomy":"product_brand","embeddable":true,"href":"https:\/\/www.bobooaza.pl\/index.php\/wp-json\/wp\/v2\/product_brand?post=9478"},{"taxonomy":"product_cat","embeddable":true,"href":"https:\/\/www.bobooaza.pl\/index.php\/wp-json\/wp\/v2\/product_cat?post=9478"},{"taxonomy":"product_tag","embeddable":true,"href":"https:\/\/www.bobooaza.pl\/index.php\/wp-json\/wp\/v2\/product_tag?post=9478"}],"curies":[{"name":"wp","href":"https:\/\/api.w.org\/{rel}","templated":true}]}}