{"id":9486,"date":"2026-01-01T22:11:04","date_gmt":"2026-01-01T21:11:04","guid":{"rendered":"https:\/\/bobooaza.pl\/index.php\/produkt\/trefl-20199-drewniane-puzzle-50-elementow-disney-w-swiecie-mickey\/"},"modified":"2026-01-01T22:11:42","modified_gmt":"2026-01-01T21:11:42","slug":"trefl-20199-drewniane-puzzle-50-elementow-disney-w-swiecie-mickey","status":"publish","type":"product","link":"https:\/\/www.bobooaza.pl\/index.php\/produkt\/trefl-20199-drewniane-puzzle-50-elementow-disney-w-swiecie-mickey\/","title":{"rendered":"TREFL 20199 Drewniane puzzle 50 element\u00f3w Disney \u201eW \u015bwiecie Mickey\u201d"},"content":{"rendered":"<p>Drewniane puzzle TREFL \u201eW \u015bwiecie Mickey\u201d to wyj\u0105tkowa propozycja dla wszystkich fan\u00f3w kultowej Myszki Miki. Starannie wykonana uk\u0142adanka sk\u0142ada si\u0119 z 50 drewnianych element\u00f3w, w tym 10 unikatowych puzzli o specjalnych kszta\u0142tach, inspirowanych postaciami i motywami ze \u015bwiata Disney\u2019a.<\/p>\n<p>Puzzle nie tylko dostarczaj\u0105 mn\u00f3stwo rado\u015bci, ale r\u00f3wnie\u017c wspieraj\u0105 rozw\u00f3j koncentracji, spostrzegawczo\u015bci i zdolno\u015bci manualnych dziecka. Klimatyczna ilustracja oraz oryginalne figurki puzzlowe sprawiaj\u0105, \u017ce zabawa staje si\u0119 jeszcze bardziej anga\u017cuj\u0105ca.<\/p>\n<p>Dlaczego warto wybra\u0107 puzzle TREFL \u201eW \u015bwiecie Mickey\u201d?<\/p>\n<p>\u2714 10 unikatowych figurek puzzlowych<br \/>\nSpecjalne kszta\u0142ty nawi\u0105zuj\u0105ce do \u015bwiata Myszki Miki urozmaicaj\u0105 zabaw\u0119 i czyni\u0105 uk\u0142adank\u0119 wyj\u0105tkow\u0105.<\/p>\n<p>\u2714 Wysoka jako\u015b\u0107 wykonania<br \/>\nPuzzle wykonane s\u0105 z trwa\u0142ego drewna, odpornego na uszkodzenia i wygodnego do uk\u0142adania przez dzieci.<\/p>\n<p>\u2714 Rozw\u00f3j kluczowych umiej\u0119tno\u015bci<br \/>\nUk\u0142adanie puzzli wspiera koncentracj\u0119, cierpliwo\u015b\u0107, logiczne my\u015blenie oraz koordynacj\u0119 wzrokowo-ruchow\u0105.<\/p>\n<p>\u2714 Ekologiczne rozwi\u0105zania<br \/>\nProdukt zapakowany jest w opakowanie wykonane z przyjaznej dla \u015brodowiska tektury, co czyni go dobrym wyborem dla \u015bwiadomych rodzic\u00f3w.<\/p>\n<p>\u2714 Idealny prezent dla fana Disney\u2019a<br \/>\nMotyw Myszki Miki sprawia, \u017ce puzzle \u015bwietnie sprawdz\u0105 si\u0119 jako prezent na r\u00f3\u017cne okazje.<\/p>\n<p>Specyfikacja techniczna:<\/p>\n<p>Producent: Trefl<\/p>\n<p>Model: 20199<\/p>\n<p>Liczba element\u00f3w: 50<\/p>\n<p>Materia\u0142: drewno<\/p>\n<p>Figurki puzzlowe: 10 unikatowych kszta\u0142t\u00f3w<\/p>\n","protected":false},"excerpt":{"rendered":"<p>Drewniane puzzle TREFL \u201eW \u015bwiecie Mickey\u201d to wyj\u0105tkowa propozycja dla wszystkich fan\u00f3w kultowej Myszki Miki. Starannie wykonana uk\u0142adanka sk\u0142ada si\u0119 z 50 drewnianych element\u00f3w, w tym 10 unikatowych puzzli o specjalnych kszta\u0142tach, inspirowanych postaciami i motywami ze \u015bwiata Disney\u2019a. Puzzle nie tylko dostarczaj\u0105 mn\u00f3stwo rado\u015bci, ale r\u00f3wnie\u017c wspieraj\u0105 rozw\u00f3j koncentracji, spostrzegawczo\u015bci i zdolno\u015bci manualnych dziecka. [&hellip;]<\/p>\n","protected":false},"featured_media":9485,"comment_status":"open","ping_status":"closed","template":"","meta":[],"product_brand":[],"product_cat":[133,61,136],"product_tag":[],"class_list":{"0":"post-9486","1":"product","2":"type-product","3":"status-publish","4":"has-post-thumbnail","6":"product_cat-drewniane","7":"product_cat-zabawki","8":"product_cat-zabawki-pozostale","10":"first","11":"instock","12":"taxable","13":"shipping-taxable","14":"purchasable","15":"product-type-simple"},"_links":{"self":[{"href":"https:\/\/www.bobooaza.pl\/index.php\/wp-json\/wp\/v2\/product\/9486","targetHints":{"allow":["GET"]}}],"collection":[{"href":"https:\/\/www.bobooaza.pl\/index.php\/wp-json\/wp\/v2\/product"}],"about":[{"href":"https:\/\/www.bobooaza.pl\/index.php\/wp-json\/wp\/v2\/types\/product"}],"replies":[{"embeddable":true,"href":"https:\/\/www.bobooaza.pl\/index.php\/wp-json\/wp\/v2\/comments?post=9486"}],"wp:featuredmedia":[{"embeddable":true,"href":"https:\/\/www.bobooaza.pl\/index.php\/wp-json\/wp\/v2\/media\/9485"}],"wp:attachment":[{"href":"https:\/\/www.bobooaza.pl\/index.php\/wp-json\/wp\/v2\/media?parent=9486"}],"wp:term":[{"taxonomy":"product_brand","embeddable":true,"href":"https:\/\/www.bobooaza.pl\/index.php\/wp-json\/wp\/v2\/product_brand?post=9486"},{"taxonomy":"product_cat","embeddable":true,"href":"https:\/\/www.bobooaza.pl\/index.php\/wp-json\/wp\/v2\/product_cat?post=9486"},{"taxonomy":"product_tag","embeddable":true,"href":"https:\/\/www.bobooaza.pl\/index.php\/wp-json\/wp\/v2\/product_tag?post=9486"}],"curies":[{"name":"wp","href":"https:\/\/api.w.org\/{rel}","templated":true}]}}