{"id":9515,"date":"2026-01-01T22:11:34","date_gmt":"2026-01-01T21:11:34","guid":{"rendered":"https:\/\/bobooaza.pl\/index.php\/produkt\/viga-44239-polarb-drewniany-jezdzik-mis-polarny\/"},"modified":"2026-01-05T09:10:46","modified_gmt":"2026-01-05T08:10:46","slug":"viga-44239-polarb-drewniany-jezdzik-mis-polarny","status":"publish","type":"product","link":"https:\/\/www.bobooaza.pl\/index.php\/produkt\/viga-44239-polarb-drewniany-jezdzik-mis-polarny\/","title":{"rendered":"VIGA 44239 PolarB Drewniany je\u017adzik \u2013 Mi\u015b polarny"},"content":{"rendered":"<p>VIGA 44239 PolarB Drewniany je\u017adzik \u2013 Mi\u015b polarny to uroczy, bezpieczny i trwa\u0142y rowerek biegowy dla dzieci od 12 miesi\u0105ca \u017cycia. Wykonany z wysokiej jako\u015bci drewna z pastelowymi elementami i czterema ko\u0142ami EVA, kt\u00f3re s\u0105 ciche, odporne na \u015bcieranie i \u0142atwe w utrzymaniu czysto\u015bci. Kierownica w kszta\u0142cie misia i blokada kierownicy zapewniaj\u0105 stabilno\u015b\u0107 i bezpiecze\u0144stwo, a dodatkowe oparcie przy siedzisku chroni przed upadkiem do ty\u0142u.<\/p>\n<p>Zabawka wspiera rozw\u00f3j dziecka w zakresie r\u00f3wnowagi i koordynacji ruchowej, du\u017cej motoryki i kontroli cia\u0142a, samodzielnej jazdy i pewno\u015bci siebie.<\/p>\n<p>Wymiary: 53 \u00d7 28,5 \u00d7 38 cm<br \/>\nWaga: 3 kg<br \/>\nMateria\u0142: drewno, opony EVA<\/p>\n<p>To idealny pierwszy rowerek biegowy dla malucha, \u0142\u0105cz\u0105cy funkcjonalno\u015b\u0107, bezpiecze\u0144stwo i atrakcyjny design.<\/p>\n","protected":false},"excerpt":{"rendered":"<p>VIGA 44239 PolarB Drewniany je\u017adzik \u2013 Mi\u015b polarny to uroczy, bezpieczny i trwa\u0142y rowerek biegowy dla dzieci od 12 miesi\u0105ca \u017cycia. Wykonany z wysokiej jako\u015bci drewna z pastelowymi elementami i czterema ko\u0142ami EVA, kt\u00f3re s\u0105 ciche, odporne na \u015bcieranie i \u0142atwe w utrzymaniu czysto\u015bci. Kierownica w kszta\u0142cie misia i blokada kierownicy zapewniaj\u0105 stabilno\u015b\u0107 i bezpiecze\u0144stwo, [&hellip;]<\/p>\n","protected":false},"featured_media":9508,"comment_status":"open","ping_status":"closed","template":"","meta":[],"product_brand":[],"product_cat":[145,61,136],"product_tag":[],"class_list":{"0":"post-9515","1":"product","2":"type-product","3":"status-publish","4":"has-post-thumbnail","6":"product_cat-jezdziki","7":"product_cat-zabawki","8":"product_cat-zabawki-pozostale","10":"first","11":"instock","12":"taxable","13":"shipping-taxable","14":"purchasable","15":"product-type-simple"},"_links":{"self":[{"href":"https:\/\/www.bobooaza.pl\/index.php\/wp-json\/wp\/v2\/product\/9515","targetHints":{"allow":["GET"]}}],"collection":[{"href":"https:\/\/www.bobooaza.pl\/index.php\/wp-json\/wp\/v2\/product"}],"about":[{"href":"https:\/\/www.bobooaza.pl\/index.php\/wp-json\/wp\/v2\/types\/product"}],"replies":[{"embeddable":true,"href":"https:\/\/www.bobooaza.pl\/index.php\/wp-json\/wp\/v2\/comments?post=9515"}],"wp:featuredmedia":[{"embeddable":true,"href":"https:\/\/www.bobooaza.pl\/index.php\/wp-json\/wp\/v2\/media\/9508"}],"wp:attachment":[{"href":"https:\/\/www.bobooaza.pl\/index.php\/wp-json\/wp\/v2\/media?parent=9515"}],"wp:term":[{"taxonomy":"product_brand","embeddable":true,"href":"https:\/\/www.bobooaza.pl\/index.php\/wp-json\/wp\/v2\/product_brand?post=9515"},{"taxonomy":"product_cat","embeddable":true,"href":"https:\/\/www.bobooaza.pl\/index.php\/wp-json\/wp\/v2\/product_cat?post=9515"},{"taxonomy":"product_tag","embeddable":true,"href":"https:\/\/www.bobooaza.pl\/index.php\/wp-json\/wp\/v2\/product_tag?post=9515"}],"curies":[{"name":"wp","href":"https:\/\/api.w.org\/{rel}","templated":true}]}}