{"id":9548,"date":"2026-01-01T22:12:04","date_gmt":"2026-01-01T21:12:04","guid":{"rendered":"https:\/\/bobooaza.pl\/index.php\/produkt\/canpol-80-304-gryzak-drewniano-silikonowy-mis\/"},"modified":"2026-01-01T22:19:13","modified_gmt":"2026-01-01T21:19:13","slug":"canpol-80-304-gryzak-drewniano-silikonowy-mis","status":"publish","type":"product","link":"https:\/\/www.bobooaza.pl\/index.php\/produkt\/canpol-80-304-gryzak-drewniano-silikonowy-mis\/","title":{"rendered":"CANPOL 80\/304 Gryzak drewniano-silikonowy Mi\u015b"},"content":{"rendered":"<p>Gryzak drewniano-silikonowy Mi\u015b od CANPOL to idealna pierwsza zabawka Twojego malucha, a jednocze\u015bnie niezast\u0105pione wsparcie w okresie z\u0105bkowania. Dzi\u0119ki po\u0142\u0105czeniu bezpiecznego drewna bukowego i silikonu o r\u00f3\u017cnej twardo\u015bci i strukturze, gryzak \u0142agodzi sw\u0119dzenie dzi\u0105se\u0142 i wspiera naturaln\u0105 potrzeb\u0119 gryzienia.<\/p>\n<p>Por\u0119czny kszta\u0142t i przyjazne kolory zach\u0119caj\u0105 dziecko do zabawy, jednocze\u015bnie wspieraj\u0105c rozw\u00f3j umiej\u0119tno\u015bci takich jak chwytanie, manipulacja przedmiotami i koordynacja wzrokowo-ruchowa.<\/p>\n<p>Dlaczego warto wybra\u0107 Gryzak Mi\u015b CANPOL?<\/p>\n<p>\u2714 \u0141agodzenie b\u00f3lu dzi\u0105se\u0142<\/p>\n<p>Elementy o r\u00f3\u017cnej fakturze masuj\u0105 dzi\u0105s\u0142a i przynosz\u0105 ulg\u0119 w trakcie z\u0105bkowania.<\/p>\n<p>\u2714 Rozw\u00f3j ma\u0142ej motoryki i koordynacji<\/p>\n<p>Gryzienie i chwytanie wspiera zdolno\u015bci manualne i rozw\u00f3j koordynacji r\u0119ka\u2013oko.<\/p>\n<p>\u2714 Bezpieczne materia\u0142y<\/p>\n<p>Wykonany z naturalnego drewna bukowego i wolnego od BPA silikonu.<\/p>\n<p>\u2714 Por\u0119czny i atrakcyjny dla malucha<\/p>\n<p>Przyjazne kolory i kszta\u0142t misia zach\u0119caj\u0105 do zabawy i stymuluj\u0105 zmys\u0142y dziecka.<\/p>\n<p>Specyfikacja techniczna:<\/p>\n<p>Producent: CANPOL<\/p>\n<p>Model: 80\/304<\/p>\n<p>Materia\u0142: drewno bukowe i silikon bez BPA<\/p>\n<p>Wiek dziecka: 0m+<\/p>\n<p>Instrukcje: nie przystosowany do mycia w zmywarce, gotowania ani sterylizacji w sterylizatorze<\/p>\n","protected":false},"excerpt":{"rendered":"<p>Gryzak drewniano-silikonowy Mi\u015b od CANPOL to idealna pierwsza zabawka Twojego malucha, a jednocze\u015bnie niezast\u0105pione wsparcie w okresie z\u0105bkowania. Dzi\u0119ki po\u0142\u0105czeniu bezpiecznego drewna bukowego i silikonu o r\u00f3\u017cnej twardo\u015bci i strukturze, gryzak \u0142agodzi sw\u0119dzenie dzi\u0105se\u0142 i wspiera naturaln\u0105 potrzeb\u0119 gryzienia. Por\u0119czny kszta\u0142t i przyjazne kolory zach\u0119caj\u0105 dziecko do zabawy, jednocze\u015bnie wspieraj\u0105c rozw\u00f3j umiej\u0119tno\u015bci takich jak chwytanie, [&hellip;]<\/p>\n","protected":false},"featured_media":9545,"comment_status":"open","ping_status":"closed","template":"","meta":[],"product_brand":[],"product_cat":[133,61,136],"product_tag":[],"class_list":{"0":"post-9548","1":"product","2":"type-product","3":"status-publish","4":"has-post-thumbnail","6":"product_cat-drewniane","7":"product_cat-zabawki","8":"product_cat-zabawki-pozostale","10":"first","11":"instock","12":"taxable","13":"shipping-taxable","14":"purchasable","15":"product-type-simple"},"_links":{"self":[{"href":"https:\/\/www.bobooaza.pl\/index.php\/wp-json\/wp\/v2\/product\/9548","targetHints":{"allow":["GET"]}}],"collection":[{"href":"https:\/\/www.bobooaza.pl\/index.php\/wp-json\/wp\/v2\/product"}],"about":[{"href":"https:\/\/www.bobooaza.pl\/index.php\/wp-json\/wp\/v2\/types\/product"}],"replies":[{"embeddable":true,"href":"https:\/\/www.bobooaza.pl\/index.php\/wp-json\/wp\/v2\/comments?post=9548"}],"wp:featuredmedia":[{"embeddable":true,"href":"https:\/\/www.bobooaza.pl\/index.php\/wp-json\/wp\/v2\/media\/9545"}],"wp:attachment":[{"href":"https:\/\/www.bobooaza.pl\/index.php\/wp-json\/wp\/v2\/media?parent=9548"}],"wp:term":[{"taxonomy":"product_brand","embeddable":true,"href":"https:\/\/www.bobooaza.pl\/index.php\/wp-json\/wp\/v2\/product_brand?post=9548"},{"taxonomy":"product_cat","embeddable":true,"href":"https:\/\/www.bobooaza.pl\/index.php\/wp-json\/wp\/v2\/product_cat?post=9548"},{"taxonomy":"product_tag","embeddable":true,"href":"https:\/\/www.bobooaza.pl\/index.php\/wp-json\/wp\/v2\/product_tag?post=9548"}],"curies":[{"name":"wp","href":"https:\/\/api.w.org\/{rel}","templated":true}]}}