{"id":9613,"date":"2026-01-01T22:58:44","date_gmt":"2026-01-01T21:58:44","guid":{"rendered":"https:\/\/bobooaza.pl\/index.php\/produkt\/chicco-karuzelka-na-lozeczko-magiczny-las\/"},"modified":"2026-01-01T23:03:40","modified_gmt":"2026-01-01T22:03:40","slug":"chicco-karuzelka-na-lozeczko-magiczny-las","status":"publish","type":"product","link":"https:\/\/www.bobooaza.pl\/index.php\/produkt\/chicco-karuzelka-na-lozeczko-magiczny-las\/","title":{"rendered":"CHICCO Karuzelka na \u0142\u00f3\u017ceczko Magiczny Las"},"content":{"rendered":"<p>Karuzelka Magiczny Las od Chicco wprowadza dziecko w bajkowy \u015bwiat przyjemnych d\u017awi\u0119k\u00f3w i \u015bwiate\u0142, wspieraj\u0105c jego spokojny sen. Obracaj\u0105ce si\u0119 nad \u0142\u00f3\u017ceczkiem mi\u0119kkie, pluszowe postacie oraz tr\u00f3jkolorowa projekcja tworz\u0105 magiczn\u0105 atmosfer\u0119, a relaksuj\u0105ce melodie pomagaj\u0105 maluchowi odpr\u0119\u017cy\u0107 si\u0119 przed snem.<\/p>\n<p>Zalety produktu:<\/p>\n<p>3 mi\u0119kkie, zdejmowane postacie \u2013 pluszowe zwierz\u0105tka obracaj\u0105 si\u0119 nad \u0142\u00f3\u017ceczkiem, przyci\u0105gaj\u0105c uwag\u0119 dziecka.<\/p>\n<p>Tr\u00f3jkolorowa projekcja \u2013 \u017c\u00f3\u0142ta, zielona lub niebieska projekcja tworzy magiczny nastr\u00f3j w sypialni.<\/p>\n<p>7 relaksuj\u0105cych melodii \u2013 czas odtwarzania do 15 minut, pomaga w wyciszeniu dziecka.<\/p>\n<p>Mo\u017cliwo\u015b\u0107 personalizacji funkcji \u2013 rotacja, projekcja i muzyka mog\u0105 dzia\u0142a\u0107 jednocze\u015bnie lub niezale\u017cnie.<\/p>\n<p>Regulacja g\u0142o\u015bno\u015bci \u2013 pozwala dopasowa\u0107 d\u017awi\u0119k do potrzeb dziecka.<\/p>\n<p>Wskaz\u00f3wki rozwojowe:<\/p>\n<p>0m+ \u2013 wspiera rozw\u00f3j sensoryczny, koncentracj\u0119 i pomaga w tworzeniu rutyny usypiania.<\/p>\n","protected":false},"excerpt":{"rendered":"<p>Karuzelka Magiczny Las od Chicco wprowadza dziecko w bajkowy \u015bwiat przyjemnych d\u017awi\u0119k\u00f3w i \u015bwiate\u0142, wspieraj\u0105c jego spokojny sen. Obracaj\u0105ce si\u0119 nad \u0142\u00f3\u017ceczkiem mi\u0119kkie, pluszowe postacie oraz tr\u00f3jkolorowa projekcja tworz\u0105 magiczn\u0105 atmosfer\u0119, a relaksuj\u0105ce melodie pomagaj\u0105 maluchowi odpr\u0119\u017cy\u0107 si\u0119 przed snem. Zalety produktu: 3 mi\u0119kkie, zdejmowane postacie \u2013 pluszowe zwierz\u0105tka obracaj\u0105 si\u0119 nad \u0142\u00f3\u017ceczkiem, przyci\u0105gaj\u0105c uwag\u0119 [&hellip;]<\/p>\n","protected":false},"featured_media":9612,"comment_status":"open","ping_status":"closed","template":"","meta":[],"product_brand":[],"product_cat":[156,78,61],"product_tag":[],"class_list":{"0":"post-9613","1":"product","2":"type-product","3":"status-publish","4":"has-post-thumbnail","6":"product_cat-do-lozeczka","7":"product_cat-karuzele","8":"product_cat-zabawki","10":"first","11":"instock","12":"taxable","13":"shipping-taxable","14":"purchasable","15":"product-type-simple"},"_links":{"self":[{"href":"https:\/\/www.bobooaza.pl\/index.php\/wp-json\/wp\/v2\/product\/9613","targetHints":{"allow":["GET"]}}],"collection":[{"href":"https:\/\/www.bobooaza.pl\/index.php\/wp-json\/wp\/v2\/product"}],"about":[{"href":"https:\/\/www.bobooaza.pl\/index.php\/wp-json\/wp\/v2\/types\/product"}],"replies":[{"embeddable":true,"href":"https:\/\/www.bobooaza.pl\/index.php\/wp-json\/wp\/v2\/comments?post=9613"}],"wp:featuredmedia":[{"embeddable":true,"href":"https:\/\/www.bobooaza.pl\/index.php\/wp-json\/wp\/v2\/media\/9612"}],"wp:attachment":[{"href":"https:\/\/www.bobooaza.pl\/index.php\/wp-json\/wp\/v2\/media?parent=9613"}],"wp:term":[{"taxonomy":"product_brand","embeddable":true,"href":"https:\/\/www.bobooaza.pl\/index.php\/wp-json\/wp\/v2\/product_brand?post=9613"},{"taxonomy":"product_cat","embeddable":true,"href":"https:\/\/www.bobooaza.pl\/index.php\/wp-json\/wp\/v2\/product_cat?post=9613"},{"taxonomy":"product_tag","embeddable":true,"href":"https:\/\/www.bobooaza.pl\/index.php\/wp-json\/wp\/v2\/product_tag?post=9613"}],"curies":[{"name":"wp","href":"https:\/\/api.w.org\/{rel}","templated":true}]}}