{"id":9615,"date":"2026-01-01T23:02:36","date_gmt":"2026-01-01T22:02:36","guid":{"rendered":"https:\/\/bobooaza.pl\/index.php\/produkt\/tiny-love-tl13049068-karuzela-podrozna-zabawa-na-lace\/"},"modified":"2026-01-19T21:52:55","modified_gmt":"2026-01-19T20:52:55","slug":"tiny-love-tl13049068-karuzela-podrozna-zabawa-na-lace","status":"publish","type":"product","link":"https:\/\/www.bobooaza.pl\/index.php\/produkt\/tiny-love-tl13049068-karuzela-podrozna-zabawa-na-lace\/","title":{"rendered":"TINY LOVE TL13049068 Karuzela podr\u00f3\u017cna \u2013 Zabawa na \u0142\u0105ce"},"content":{"rendered":"<p>Urocza, muzyczna karuzela podr\u00f3\u017cna Zabawa na \u0142\u0105ce to idealna pierwsza zabawka dla maluszka. Dzi\u0119ki przeno\u015bnej konstrukcji mo\u017cesz j\u0105 zabra\u0107 prawie wsz\u0119dzie \u2013 do \u0142\u00f3\u017ceczka podr\u00f3\u017cnego, kojca, fotelika samochodowego czy w\u00f3zka. Karuzela \u0142\u0105czy funkcje rozrywki i stymulacji sensorycznej, pomagaj\u0105c dziecku w odkrywaniu kolor\u00f3w, d\u017awi\u0119k\u00f3w i ruchu.<\/p>\n<p>Cechy produktu:<\/p>\n<p>Uniwersalne mocowanie \u2013 pasuje do wi\u0119kszo\u015bci \u0142\u00f3\u017ceczek podr\u00f3\u017cnych, kojc\u00f3w, fotelik\u00f3w samochodowych, w\u00f3zk\u00f3w i ko\u0142ysek.<\/p>\n<p>Muzyka i relaks \u2013 odtwarza 5 melodii przez 30 minut, zajmuj\u0105c i uspokajaj\u0105c malucha.<\/p>\n<p>Rozw\u00f3j sensoryczny \u2013 kolorowe zabawki i ruchome elementy stymuluj\u0105 wzrok, s\u0142uch i dotyk.<\/p>\n<p>\u0141atwe mocowanie \u2013 du\u017cy klips do w\u00f3zka oraz zapi\u0119cie na rzep pozwalaj\u0105 szybko i bezpiecznie zamocowa\u0107 karuzel\u0119.<\/p>\n<p>Wskaz\u00f3wki rozwojowe:<\/p>\n<p>0m+ \u2013 wspiera rozw\u00f3j sensoryczny, wzrokowo-s\u0142uchowy i koordynacj\u0119 ruchow\u0105 dziecka podczas zabawy i podr\u00f3\u017cy.<\/p>\n<p>Karuzela podr\u00f3\u017cna Zabawa na \u0142\u0105ce \u0142\u0105czy funkcje zabawy, relaksu i rozwoju, zapewniaj\u0105c maluszkowi przyjemn\u0105 i bezpieczn\u0105 stymulacj\u0119 w ka\u017cdym miejscu.<\/p>\n","protected":false},"excerpt":{"rendered":"<p>Urocza, muzyczna karuzela podr\u00f3\u017cna Zabawa na \u0142\u0105ce to idealna pierwsza zabawka dla maluszka. Dzi\u0119ki przeno\u015bnej konstrukcji mo\u017cesz j\u0105 zabra\u0107 prawie wsz\u0119dzie \u2013 do \u0142\u00f3\u017ceczka podr\u00f3\u017cnego, kojca, fotelika samochodowego czy w\u00f3zka. Karuzela \u0142\u0105czy funkcje rozrywki i stymulacji sensorycznej, pomagaj\u0105c dziecku w odkrywaniu kolor\u00f3w, d\u017awi\u0119k\u00f3w i ruchu. Cechy produktu: Uniwersalne mocowanie \u2013 pasuje do wi\u0119kszo\u015bci \u0142\u00f3\u017ceczek podr\u00f3\u017cnych, [&hellip;]<\/p>\n","protected":false},"featured_media":9614,"comment_status":"open","ping_status":"closed","template":"","meta":[],"product_brand":[],"product_cat":[78,155,61],"product_tag":[],"class_list":{"0":"post-9615","1":"product","2":"type-product","3":"status-publish","4":"has-post-thumbnail","6":"product_cat-karuzele","7":"product_cat-podrozne","8":"product_cat-zabawki","10":"first","11":"instock","12":"taxable","13":"shipping-taxable","14":"purchasable","15":"product-type-simple"},"_links":{"self":[{"href":"https:\/\/www.bobooaza.pl\/index.php\/wp-json\/wp\/v2\/product\/9615","targetHints":{"allow":["GET"]}}],"collection":[{"href":"https:\/\/www.bobooaza.pl\/index.php\/wp-json\/wp\/v2\/product"}],"about":[{"href":"https:\/\/www.bobooaza.pl\/index.php\/wp-json\/wp\/v2\/types\/product"}],"replies":[{"embeddable":true,"href":"https:\/\/www.bobooaza.pl\/index.php\/wp-json\/wp\/v2\/comments?post=9615"}],"wp:featuredmedia":[{"embeddable":true,"href":"https:\/\/www.bobooaza.pl\/index.php\/wp-json\/wp\/v2\/media\/9614"}],"wp:attachment":[{"href":"https:\/\/www.bobooaza.pl\/index.php\/wp-json\/wp\/v2\/media?parent=9615"}],"wp:term":[{"taxonomy":"product_brand","embeddable":true,"href":"https:\/\/www.bobooaza.pl\/index.php\/wp-json\/wp\/v2\/product_brand?post=9615"},{"taxonomy":"product_cat","embeddable":true,"href":"https:\/\/www.bobooaza.pl\/index.php\/wp-json\/wp\/v2\/product_cat?post=9615"},{"taxonomy":"product_tag","embeddable":true,"href":"https:\/\/www.bobooaza.pl\/index.php\/wp-json\/wp\/v2\/product_tag?post=9615"}],"curies":[{"name":"wp","href":"https:\/\/api.w.org\/{rel}","templated":true}]}}