{"id":9621,"date":"2026-01-01T23:02:43","date_gmt":"2026-01-01T22:02:43","guid":{"rendered":"https:\/\/bobooaza.pl\/index.php\/produkt\/tiny-love-tl1305906830r-karuzela-podrozna-magiczna-kraina-czarno-biala\/"},"modified":"2026-01-19T21:52:56","modified_gmt":"2026-01-19T20:52:56","slug":"tiny-love-tl1305906830r-karuzela-podrozna-magiczna-kraina-czarno-biala","status":"publish","type":"product","link":"https:\/\/www.bobooaza.pl\/index.php\/produkt\/tiny-love-tl1305906830r-karuzela-podrozna-magiczna-kraina-czarno-biala\/","title":{"rendered":"TINY LOVE TL1305906830R Karuzela podr\u00f3\u017cna \u2013 Magiczna Kraina (czarno-bia\u0142a)"},"content":{"rendered":"<p>Przeno\u015bna karuzela Magiczna Kraina w wersji czarno-bia\u0142ej zosta\u0142a zaprojektowana z my\u015bl\u0105 o stymulacji zmys\u0142\u00f3w najm\u0142odszych dzieci. Kontrastuj\u0105ce kolory i wyra\u017ane postacie pomagaj\u0105 maluszkowi rozwija\u0107 wzrok ju\u017c od pierwszych dni \u017cycia, a koj\u0105ca muzyka wprowadza dziecko w spokojn\u0105 i bezpieczn\u0105 atmosfer\u0119.<\/p>\n<p>Cechy produktu:<\/p>\n<p>Design 3 w 1 \u2013 kontrastuj\u0105ce czarno-bia\u0142e kolory stymuluj\u0105 rozw\u00f3j wzroku noworodk\u00f3w.<\/p>\n<p>Muzyka i relaks \u2013 30 minut ci\u0105g\u0142ej muzyki z 5 r\u00f3\u017cnymi utworami, idealna w domu i podczas podr\u00f3\u017cy.<\/p>\n<p>Wyra\u017ane zabawki \u2013 urocze, u\u015bmiechni\u0119te postacie anga\u017cuj\u0105 dziecko i wspieraj\u0105 rozw\u00f3j percepcji wzrokowej.<\/p>\n<p>Uniwersalne mocowanie \u2013 specjalne zapi\u0119cie umo\u017cliwia przymocowanie karuzeli do \u0142\u00f3\u017ceczek podr\u00f3\u017cnych, kojc\u00f3w, fotelik\u00f3w samochodowych, ko\u0142ysek i w\u00f3zk\u00f3w.<\/p>\n<p>Wymiary: 17 cm (szer.) \u00d7 60 cm (wys.) \u00d7 9 cm (g\u0142.).<\/p>\n<p>Wskaz\u00f3wki rozwojowe:<\/p>\n<p>0m+ \u2013 wspiera rozw\u00f3j zmys\u0142u wzroku i s\u0142uchu, wprowadza maluszka w spokojn\u0105 rutyn\u0119, jednocze\u015bnie anga\u017cuj\u0105c jego uwag\u0119 poprzez wyra\u017ane postacie i kontrastowe kolory.<\/p>\n","protected":false},"excerpt":{"rendered":"<p>Przeno\u015bna karuzela Magiczna Kraina w wersji czarno-bia\u0142ej zosta\u0142a zaprojektowana z my\u015bl\u0105 o stymulacji zmys\u0142\u00f3w najm\u0142odszych dzieci. Kontrastuj\u0105ce kolory i wyra\u017ane postacie pomagaj\u0105 maluszkowi rozwija\u0107 wzrok ju\u017c od pierwszych dni \u017cycia, a koj\u0105ca muzyka wprowadza dziecko w spokojn\u0105 i bezpieczn\u0105 atmosfer\u0119. Cechy produktu: Design 3 w 1 \u2013 kontrastuj\u0105ce czarno-bia\u0142e kolory stymuluj\u0105 rozw\u00f3j wzroku noworodk\u00f3w. Muzyka [&hellip;]<\/p>\n","protected":false},"featured_media":9620,"comment_status":"open","ping_status":"closed","template":"","meta":[],"product_brand":[],"product_cat":[78,155,61],"product_tag":[],"class_list":{"0":"post-9621","1":"product","2":"type-product","3":"status-publish","4":"has-post-thumbnail","6":"product_cat-karuzele","7":"product_cat-podrozne","8":"product_cat-zabawki","10":"first","11":"instock","12":"taxable","13":"shipping-taxable","14":"purchasable","15":"product-type-simple"},"_links":{"self":[{"href":"https:\/\/www.bobooaza.pl\/index.php\/wp-json\/wp\/v2\/product\/9621","targetHints":{"allow":["GET"]}}],"collection":[{"href":"https:\/\/www.bobooaza.pl\/index.php\/wp-json\/wp\/v2\/product"}],"about":[{"href":"https:\/\/www.bobooaza.pl\/index.php\/wp-json\/wp\/v2\/types\/product"}],"replies":[{"embeddable":true,"href":"https:\/\/www.bobooaza.pl\/index.php\/wp-json\/wp\/v2\/comments?post=9621"}],"wp:featuredmedia":[{"embeddable":true,"href":"https:\/\/www.bobooaza.pl\/index.php\/wp-json\/wp\/v2\/media\/9620"}],"wp:attachment":[{"href":"https:\/\/www.bobooaza.pl\/index.php\/wp-json\/wp\/v2\/media?parent=9621"}],"wp:term":[{"taxonomy":"product_brand","embeddable":true,"href":"https:\/\/www.bobooaza.pl\/index.php\/wp-json\/wp\/v2\/product_brand?post=9621"},{"taxonomy":"product_cat","embeddable":true,"href":"https:\/\/www.bobooaza.pl\/index.php\/wp-json\/wp\/v2\/product_cat?post=9621"},{"taxonomy":"product_tag","embeddable":true,"href":"https:\/\/www.bobooaza.pl\/index.php\/wp-json\/wp\/v2\/product_tag?post=9621"}],"curies":[{"name":"wp","href":"https:\/\/api.w.org\/{rel}","templated":true}]}}