{"id":9623,"date":"2026-01-01T23:02:44","date_gmt":"2026-01-01T22:02:44","guid":{"rendered":"https:\/\/bobooaza.pl\/index.php\/produkt\/canpol-68-083-kontrastowa-karuzelka-podrozna-do-wozka-fotelika-sensory\/"},"modified":"2026-01-19T21:52:57","modified_gmt":"2026-01-19T20:52:57","slug":"canpol-68-083-kontrastowa-karuzelka-podrozna-do-wozka-fotelika-sensory","status":"publish","type":"product","link":"https:\/\/www.bobooaza.pl\/index.php\/produkt\/canpol-68-083-kontrastowa-karuzelka-podrozna-do-wozka-fotelika-sensory\/","title":{"rendered":"CANPOL 68\/083 Kontrastowa karuzelka podr\u00f3\u017cna do w\u00f3zka\/fotelika \u2013 SENSORY"},"content":{"rendered":"<p>Kontrastowa karuzelka z kolekcji SENSORY TOYS to idealna zabawka dla niemowl\u0105t od pierwszych dni \u017cycia. Dzi\u0119ki kontrastowym kolorom \u2013 czerwieni i czerni \u2013 wspiera rozw\u00f3j wzroku, a elementy szeleszcz\u0105ce, dzwoneczek i grzechotki stymuluj\u0105 koordynacj\u0119 wzrokowo-s\u0142uchow\u0105 oraz motoryk\u0119 dziecka.<\/p>\n<p>Cechy produktu:<\/p>\n<p>Kontrastowe kolory \u2013 czerwony i czarny dla wczesnej stymulacji wzroku niemowl\u0105t.<\/p>\n<p>Rozw\u00f3j zmys\u0142\u00f3w \u2013 dzwoneczek, elementy szeleszcz\u0105ce i grzechotki wspieraj\u0105 rozw\u00f3j koordynacji i percepcji sensorycznej.<\/p>\n<p>Lusterka \u2013 dwa bezpieczne lusterka pozwalaj\u0105 dziecku obserwowa\u0107 siebie i otoczenie.<\/p>\n<p>Mobilno\u015b\u0107 \u2013 karuzelka posiada wygodny zaczep, kt\u00f3ry umo\u017cliwia monta\u017c do fotelika, w\u00f3zka, \u0142\u00f3\u017ceczka lub maty sensorycznej.<\/p>\n<p>Odczepiane elementy \u2013 zabawki na magnes, kt\u00f3re mo\u017cna wykorzysta\u0107 jako osobne grzechotki.<\/p>\n<p>Mi\u0119kka i przyjemna w dotyku \u2013 komfortowa dla malucha.<\/p>\n<p>Wiek dziecka: 0m+<\/p>\n<p>Wskaz\u00f3wki rozwojowe:<\/p>\n<p>0m+ \u2013 stymuluje wzrok, s\u0142uch i dotyk, wspiera koordynacj\u0119 r\u0119ka-oko oraz rozw\u00f3j motoryczny podczas zabawy w domu i w podr\u00f3\u017cy.<\/p>\n","protected":false},"excerpt":{"rendered":"<p>Kontrastowa karuzelka z kolekcji SENSORY TOYS to idealna zabawka dla niemowl\u0105t od pierwszych dni \u017cycia. Dzi\u0119ki kontrastowym kolorom \u2013 czerwieni i czerni \u2013 wspiera rozw\u00f3j wzroku, a elementy szeleszcz\u0105ce, dzwoneczek i grzechotki stymuluj\u0105 koordynacj\u0119 wzrokowo-s\u0142uchow\u0105 oraz motoryk\u0119 dziecka. Cechy produktu: Kontrastowe kolory \u2013 czerwony i czarny dla wczesnej stymulacji wzroku niemowl\u0105t. Rozw\u00f3j zmys\u0142\u00f3w \u2013 dzwoneczek, [&hellip;]<\/p>\n","protected":false},"featured_media":9622,"comment_status":"open","ping_status":"closed","template":"","meta":[],"product_brand":[],"product_cat":[78,155,61],"product_tag":[],"class_list":{"0":"post-9623","1":"product","2":"type-product","3":"status-publish","4":"has-post-thumbnail","6":"product_cat-karuzele","7":"product_cat-podrozne","8":"product_cat-zabawki","10":"first","11":"instock","12":"taxable","13":"shipping-taxable","14":"purchasable","15":"product-type-simple"},"_links":{"self":[{"href":"https:\/\/www.bobooaza.pl\/index.php\/wp-json\/wp\/v2\/product\/9623","targetHints":{"allow":["GET"]}}],"collection":[{"href":"https:\/\/www.bobooaza.pl\/index.php\/wp-json\/wp\/v2\/product"}],"about":[{"href":"https:\/\/www.bobooaza.pl\/index.php\/wp-json\/wp\/v2\/types\/product"}],"replies":[{"embeddable":true,"href":"https:\/\/www.bobooaza.pl\/index.php\/wp-json\/wp\/v2\/comments?post=9623"}],"wp:featuredmedia":[{"embeddable":true,"href":"https:\/\/www.bobooaza.pl\/index.php\/wp-json\/wp\/v2\/media\/9622"}],"wp:attachment":[{"href":"https:\/\/www.bobooaza.pl\/index.php\/wp-json\/wp\/v2\/media?parent=9623"}],"wp:term":[{"taxonomy":"product_brand","embeddable":true,"href":"https:\/\/www.bobooaza.pl\/index.php\/wp-json\/wp\/v2\/product_brand?post=9623"},{"taxonomy":"product_cat","embeddable":true,"href":"https:\/\/www.bobooaza.pl\/index.php\/wp-json\/wp\/v2\/product_cat?post=9623"},{"taxonomy":"product_tag","embeddable":true,"href":"https:\/\/www.bobooaza.pl\/index.php\/wp-json\/wp\/v2\/product_tag?post=9623"}],"curies":[{"name":"wp","href":"https:\/\/api.w.org\/{rel}","templated":true}]}}