{"id":9626,"date":"2026-01-01T23:51:52","date_gmt":"2026-01-01T22:51:52","guid":{"rendered":"https:\/\/bobooaza.pl\/index.php\/produkt\/giligums-gg-10433-gryzak-sensoryczny-kwiatek-niebieski\/"},"modified":"2026-01-01T23:55:11","modified_gmt":"2026-01-01T22:55:11","slug":"giligums-gg-10433-gryzak-sensoryczny-kwiatek-niebieski","status":"publish","type":"product","link":"https:\/\/www.bobooaza.pl\/index.php\/produkt\/giligums-gg-10433-gryzak-sensoryczny-kwiatek-niebieski\/","title":{"rendered":"GILIGUMS GG 10433 Gryzak sensoryczny Kwiatek niebieski"},"content":{"rendered":"<p>B\u0142\u0119kitny gryzaczek to praktyczna i bezpieczna zabawka dla niemowl\u0105t w fazie z\u0105bkowania. Ergonomiczny kszta\u0142t u\u0142atwia ma\u0142ym r\u0105czkom chwytanie, a zr\u00f3\u017cnicowane faktury oraz wypustki delikatnie masuj\u0105 obola\u0142e dzi\u0105s\u0142a, przynosz\u0105c ulg\u0119 maluszkowi.<\/p>\n<p>Cechy produktu:<\/p>\n<p>Wypustki masuj\u0105ce dzi\u0105s\u0142a, wspieraj\u0105ce komfort podczas z\u0105bkowania<\/p>\n<p>Zr\u00f3\u017cnicowane faktury stymuluj\u0105ce rozw\u00f3j sensoryczny<\/p>\n<p>Wykonany z mi\u0119kkiego, bezpiecznego silikonu<\/p>\n<p>Ergonomiczny kszta\u0142t u\u0142atwiaj\u0105cy chwytanie<\/p>\n<p>Dost\u0119pny r\u00f3wnie\u017c w kolorze mi\u0119towym<\/p>\n<p>Dane techniczne:<\/p>\n<p>\u015arednica: 10 cm<\/p>\n<p>Materia\u0142: silikon bez BPA<\/p>\n<p>Wiek dziecka: od 3 miesi\u0105ca \u017cycia<\/p>\n","protected":false},"excerpt":{"rendered":"<p>B\u0142\u0119kitny gryzaczek to praktyczna i bezpieczna zabawka dla niemowl\u0105t w fazie z\u0105bkowania. Ergonomiczny kszta\u0142t u\u0142atwia ma\u0142ym r\u0105czkom chwytanie, a zr\u00f3\u017cnicowane faktury oraz wypustki delikatnie masuj\u0105 obola\u0142e dzi\u0105s\u0142a, przynosz\u0105c ulg\u0119 maluszkowi. Cechy produktu: Wypustki masuj\u0105ce dzi\u0105s\u0142a, wspieraj\u0105ce komfort podczas z\u0105bkowania Zr\u00f3\u017cnicowane faktury stymuluj\u0105ce rozw\u00f3j sensoryczny Wykonany z mi\u0119kkiego, bezpiecznego silikonu Ergonomiczny kszta\u0142t u\u0142atwiaj\u0105cy chwytanie Dost\u0119pny r\u00f3wnie\u017c [&hellip;]<\/p>\n","protected":false},"featured_media":9624,"comment_status":"open","ping_status":"closed","template":"","meta":[],"product_brand":[],"product_cat":[65,70,61],"product_tag":[],"class_list":{"0":"post-9626","1":"product","2":"type-product","3":"status-publish","4":"has-post-thumbnail","6":"product_cat-gryzaki","7":"product_cat-sensoryczne-i-montessori","8":"product_cat-zabawki","10":"first","11":"instock","12":"taxable","13":"shipping-taxable","14":"purchasable","15":"product-type-simple"},"_links":{"self":[{"href":"https:\/\/www.bobooaza.pl\/index.php\/wp-json\/wp\/v2\/product\/9626","targetHints":{"allow":["GET"]}}],"collection":[{"href":"https:\/\/www.bobooaza.pl\/index.php\/wp-json\/wp\/v2\/product"}],"about":[{"href":"https:\/\/www.bobooaza.pl\/index.php\/wp-json\/wp\/v2\/types\/product"}],"replies":[{"embeddable":true,"href":"https:\/\/www.bobooaza.pl\/index.php\/wp-json\/wp\/v2\/comments?post=9626"}],"wp:featuredmedia":[{"embeddable":true,"href":"https:\/\/www.bobooaza.pl\/index.php\/wp-json\/wp\/v2\/media\/9624"}],"wp:attachment":[{"href":"https:\/\/www.bobooaza.pl\/index.php\/wp-json\/wp\/v2\/media?parent=9626"}],"wp:term":[{"taxonomy":"product_brand","embeddable":true,"href":"https:\/\/www.bobooaza.pl\/index.php\/wp-json\/wp\/v2\/product_brand?post=9626"},{"taxonomy":"product_cat","embeddable":true,"href":"https:\/\/www.bobooaza.pl\/index.php\/wp-json\/wp\/v2\/product_cat?post=9626"},{"taxonomy":"product_tag","embeddable":true,"href":"https:\/\/www.bobooaza.pl\/index.php\/wp-json\/wp\/v2\/product_tag?post=9626"}],"curies":[{"name":"wp","href":"https:\/\/api.w.org\/{rel}","templated":true}]}}