{"id":9629,"date":"2026-01-01T23:51:55","date_gmt":"2026-01-01T22:51:55","guid":{"rendered":"https:\/\/bobooaza.pl\/index.php\/produkt\/giligums-gg-45445-gryzak-jablko\/"},"modified":"2026-01-01T23:55:11","modified_gmt":"2026-01-01T22:55:11","slug":"giligums-gg-45445-gryzak-jablko","status":"publish","type":"product","link":"https:\/\/www.bobooaza.pl\/index.php\/produkt\/giligums-gg-45445-gryzak-jablko\/","title":{"rendered":"GILIGUMS GG 45445 Gryzak jab\u0142ko"},"content":{"rendered":"<p>Gryzak jab\u0142ko GILIGUMS to atrakcyjna i funkcjonalna zabawka dla niemowl\u0105t w fazie z\u0105bkowania. Stylowe, silikonowe jab\u0142uszko nie tylko przyci\u0105ga wzrok dziecka, ale r\u00f3wnie\u017c przynosi ulg\u0119 w bolesnych miejscach dzi\u0105se\u0142 dzi\u0119ki wypustkom na powierzchni. Ergonomiczny kszta\u0142t oraz praktyczny otw\u00f3r u\u0142atwiaj\u0105 chwytanie gryzaka przez ma\u0142e r\u0105czki.<\/p>\n<p>Cechy produktu:<\/p>\n<p>Bezpieczny silikon \u2013 mi\u0119kki, wolny od BPA, \u0142atwy w czyszczeniu.<\/p>\n<p>Stymulacja sensoryczna \u2013 wypustki i zr\u00f3\u017cnicowane faktury delikatnie masuj\u0105 dzi\u0105s\u0142a i wspieraj\u0105 rozw\u00f3j dotyku.<\/p>\n<p>Dostosowany do ma\u0142ych d\u0142oni \u2013 ergonomiczny kszta\u0142t i otw\u00f3r u\u0142atwiaj\u0105 chwytanie.<\/p>\n<p>Atrakcyjny design \u2013 przyjemny kolor i kszta\u0142t jab\u0142uszka przyci\u0105gaj\u0105 wzrok dziecka.<\/p>\n<p>Dane techniczne:<\/p>\n<p>Materia\u0142: silikon bez BPA<\/p>\n<p>Wiek dziecka: od 3 miesi\u0105ca \u017cycia<\/p>\n","protected":false},"excerpt":{"rendered":"<p>Gryzak jab\u0142ko GILIGUMS to atrakcyjna i funkcjonalna zabawka dla niemowl\u0105t w fazie z\u0105bkowania. Stylowe, silikonowe jab\u0142uszko nie tylko przyci\u0105ga wzrok dziecka, ale r\u00f3wnie\u017c przynosi ulg\u0119 w bolesnych miejscach dzi\u0105se\u0142 dzi\u0119ki wypustkom na powierzchni. Ergonomiczny kszta\u0142t oraz praktyczny otw\u00f3r u\u0142atwiaj\u0105 chwytanie gryzaka przez ma\u0142e r\u0105czki. Cechy produktu: Bezpieczny silikon \u2013 mi\u0119kki, wolny od BPA, \u0142atwy w [&hellip;]<\/p>\n","protected":false},"featured_media":9627,"comment_status":"open","ping_status":"closed","template":"","meta":[],"product_brand":[],"product_cat":[65,70,61],"product_tag":[],"class_list":{"0":"post-9629","1":"product","2":"type-product","3":"status-publish","4":"has-post-thumbnail","6":"product_cat-gryzaki","7":"product_cat-sensoryczne-i-montessori","8":"product_cat-zabawki","10":"first","11":"instock","12":"taxable","13":"shipping-taxable","14":"purchasable","15":"product-type-simple"},"_links":{"self":[{"href":"https:\/\/www.bobooaza.pl\/index.php\/wp-json\/wp\/v2\/product\/9629","targetHints":{"allow":["GET"]}}],"collection":[{"href":"https:\/\/www.bobooaza.pl\/index.php\/wp-json\/wp\/v2\/product"}],"about":[{"href":"https:\/\/www.bobooaza.pl\/index.php\/wp-json\/wp\/v2\/types\/product"}],"replies":[{"embeddable":true,"href":"https:\/\/www.bobooaza.pl\/index.php\/wp-json\/wp\/v2\/comments?post=9629"}],"wp:featuredmedia":[{"embeddable":true,"href":"https:\/\/www.bobooaza.pl\/index.php\/wp-json\/wp\/v2\/media\/9627"}],"wp:attachment":[{"href":"https:\/\/www.bobooaza.pl\/index.php\/wp-json\/wp\/v2\/media?parent=9629"}],"wp:term":[{"taxonomy":"product_brand","embeddable":true,"href":"https:\/\/www.bobooaza.pl\/index.php\/wp-json\/wp\/v2\/product_brand?post=9629"},{"taxonomy":"product_cat","embeddable":true,"href":"https:\/\/www.bobooaza.pl\/index.php\/wp-json\/wp\/v2\/product_cat?post=9629"},{"taxonomy":"product_tag","embeddable":true,"href":"https:\/\/www.bobooaza.pl\/index.php\/wp-json\/wp\/v2\/product_tag?post=9629"}],"curies":[{"name":"wp","href":"https:\/\/api.w.org\/{rel}","templated":true}]}}