{"id":9642,"date":"2026-01-01T23:52:02","date_gmt":"2026-01-01T22:52:02","guid":{"rendered":"https:\/\/bobooaza.pl\/index.php\/produkt\/tuli-fun-tf-30100-osmiornica-z-gryzakami\/"},"modified":"2026-01-01T23:55:14","modified_gmt":"2026-01-01T22:55:14","slug":"tuli-fun-tf-30100-osmiornica-z-gryzakami","status":"publish","type":"product","link":"https:\/\/www.bobooaza.pl\/index.php\/produkt\/tuli-fun-tf-30100-osmiornica-z-gryzakami\/","title":{"rendered":"TULI FUN TF 30100 O\u015bmiornica z gryzakami"},"content":{"rendered":"<p>O\u015bmiornica z gryzakami to zabawka sensoryczna i gryzak w jednym, stworzona z my\u015bl\u0105 o maluchach w trakcie z\u0105bkowania. Kolorowe, odczepiane gryzaki masuj\u0105 obola\u0142e dzi\u0105s\u0142a, a ciekawa konstrukcja wspiera rozw\u00f3j sensoryczny i motoryczny dziecka.<\/p>\n<p>Cechy produktu:<\/p>\n<p>5 odczepianych gryzak\u00f3w \u2013 r\u00f3\u017cne kolory, kszta\u0142ty i faktury masuj\u0105 dzi\u0105s\u0142a podczas gryzienia.<\/p>\n<p>Praktyczny uchwyt \u2013 umo\u017cliwia \u0142atwe przenoszenie zabawki w dowolne miejsce.<\/p>\n<p>Zr\u00f3\u017cnicowane wypustki \u2013 wspomagaj\u0105 masa\u017c dzi\u0105se\u0142 i stymulacj\u0119 dotykow\u0105.<\/p>\n<p>Ruchome oczka \u2013 dodatkowa atrakcja wizualna dla dziecka.<\/p>\n<p>Bezpieczne materia\u0142y \u2013 odpowiednie dla niemowl\u0105t od 3 miesi\u0105ca \u017cycia.<\/p>\n<p>Dane techniczne:<\/p>\n<p>Wiek dziecka: 3m+<\/p>\n<p>Liczba gryzak\u00f3w w zestawie: 5<\/p>\n","protected":false},"excerpt":{"rendered":"<p>O\u015bmiornica z gryzakami to zabawka sensoryczna i gryzak w jednym, stworzona z my\u015bl\u0105 o maluchach w trakcie z\u0105bkowania. Kolorowe, odczepiane gryzaki masuj\u0105 obola\u0142e dzi\u0105s\u0142a, a ciekawa konstrukcja wspiera rozw\u00f3j sensoryczny i motoryczny dziecka. Cechy produktu: 5 odczepianych gryzak\u00f3w \u2013 r\u00f3\u017cne kolory, kszta\u0142ty i faktury masuj\u0105 dzi\u0105s\u0142a podczas gryzienia. Praktyczny uchwyt \u2013 umo\u017cliwia \u0142atwe przenoszenie zabawki [&hellip;]<\/p>\n","protected":false},"featured_media":9640,"comment_status":"open","ping_status":"closed","template":"","meta":[],"product_brand":[],"product_cat":[65,70,61],"product_tag":[],"class_list":{"0":"post-9642","1":"product","2":"type-product","3":"status-publish","4":"has-post-thumbnail","6":"product_cat-gryzaki","7":"product_cat-sensoryczne-i-montessori","8":"product_cat-zabawki","10":"first","11":"instock","12":"taxable","13":"shipping-taxable","14":"purchasable","15":"product-type-simple"},"_links":{"self":[{"href":"https:\/\/www.bobooaza.pl\/index.php\/wp-json\/wp\/v2\/product\/9642","targetHints":{"allow":["GET"]}}],"collection":[{"href":"https:\/\/www.bobooaza.pl\/index.php\/wp-json\/wp\/v2\/product"}],"about":[{"href":"https:\/\/www.bobooaza.pl\/index.php\/wp-json\/wp\/v2\/types\/product"}],"replies":[{"embeddable":true,"href":"https:\/\/www.bobooaza.pl\/index.php\/wp-json\/wp\/v2\/comments?post=9642"}],"wp:featuredmedia":[{"embeddable":true,"href":"https:\/\/www.bobooaza.pl\/index.php\/wp-json\/wp\/v2\/media\/9640"}],"wp:attachment":[{"href":"https:\/\/www.bobooaza.pl\/index.php\/wp-json\/wp\/v2\/media?parent=9642"}],"wp:term":[{"taxonomy":"product_brand","embeddable":true,"href":"https:\/\/www.bobooaza.pl\/index.php\/wp-json\/wp\/v2\/product_brand?post=9642"},{"taxonomy":"product_cat","embeddable":true,"href":"https:\/\/www.bobooaza.pl\/index.php\/wp-json\/wp\/v2\/product_cat?post=9642"},{"taxonomy":"product_tag","embeddable":true,"href":"https:\/\/www.bobooaza.pl\/index.php\/wp-json\/wp\/v2\/product_tag?post=9642"}],"curies":[{"name":"wp","href":"https:\/\/api.w.org\/{rel}","templated":true}]}}