{"id":9645,"date":"2026-01-01T23:52:03","date_gmt":"2026-01-01T22:52:03","guid":{"rendered":"https:\/\/bobooaza.pl\/index.php\/produkt\/b-o-1585-gryzak-sensoryczny-star-ball\/"},"modified":"2026-01-01T23:55:14","modified_gmt":"2026-01-01T22:55:14","slug":"b-o-1585-gryzak-sensoryczny-star-ball","status":"publish","type":"product","link":"https:\/\/www.bobooaza.pl\/index.php\/produkt\/b-o-1585-gryzak-sensoryczny-star-ball\/","title":{"rendered":"B.O.1585 Gryzak sensoryczny STAR BALL"},"content":{"rendered":"<p>Gryzak sensoryczny STAR BALL to wszechstronna zabawka dla niemowl\u0105t, kt\u00f3ra \u0142\u0105czy funkcj\u0119 gryzaka z elementami stymulacji sensorycznej.<\/p>\n<p>Cechy produktu:<\/p>\n<p>Bezpieczny silikon \u2013 przyjemny w dotyku, delikatnie masuje dzi\u0105s\u0142a, \u0142agodz\u0105c b\u00f3l podczas z\u0105bkowania.<\/p>\n<p>Stymulacja sensoryczna i motoryczna \u2013 zintegrowany obracaj\u0105cy si\u0119 pier\u015bcie\u0144 przyci\u0105ga uwag\u0119 dziecka, rozwija zr\u0119czno\u015b\u0107 r\u0119ki i stymuluje percepcj\u0119 ruchu.<\/p>\n<p>Rozw\u00f3j zmys\u0142\u00f3w \u2013 pier\u015bcie\u0144 wydaje delikatne d\u017awi\u0119ki, wspieraj\u0105c rozw\u00f3j s\u0142uchu malucha.<\/p>\n<p>Bezpieczne materia\u0142y \u2013 w 100% odpowiedni dla niemowl\u0105t, wolny od szkodliwych substancji.<\/p>\n<p>Dane techniczne:<\/p>\n<p>Wiek dziecka: 0 m+<\/p>\n<p>Wymiary: \u015brednica 11 cm<\/p>\n","protected":false},"excerpt":{"rendered":"<p>Gryzak sensoryczny STAR BALL to wszechstronna zabawka dla niemowl\u0105t, kt\u00f3ra \u0142\u0105czy funkcj\u0119 gryzaka z elementami stymulacji sensorycznej. Cechy produktu: Bezpieczny silikon \u2013 przyjemny w dotyku, delikatnie masuje dzi\u0105s\u0142a, \u0142agodz\u0105c b\u00f3l podczas z\u0105bkowania. Stymulacja sensoryczna i motoryczna \u2013 zintegrowany obracaj\u0105cy si\u0119 pier\u015bcie\u0144 przyci\u0105ga uwag\u0119 dziecka, rozwija zr\u0119czno\u015b\u0107 r\u0119ki i stymuluje percepcj\u0119 ruchu. Rozw\u00f3j zmys\u0142\u00f3w \u2013 pier\u015bcie\u0144 [&hellip;]<\/p>\n","protected":false},"featured_media":9643,"comment_status":"open","ping_status":"closed","template":"","meta":[],"product_brand":[],"product_cat":[65,70,61],"product_tag":[],"class_list":{"0":"post-9645","1":"product","2":"type-product","3":"status-publish","4":"has-post-thumbnail","6":"product_cat-gryzaki","7":"product_cat-sensoryczne-i-montessori","8":"product_cat-zabawki","10":"first","11":"instock","12":"taxable","13":"shipping-taxable","14":"purchasable","15":"product-type-simple"},"_links":{"self":[{"href":"https:\/\/www.bobooaza.pl\/index.php\/wp-json\/wp\/v2\/product\/9645","targetHints":{"allow":["GET"]}}],"collection":[{"href":"https:\/\/www.bobooaza.pl\/index.php\/wp-json\/wp\/v2\/product"}],"about":[{"href":"https:\/\/www.bobooaza.pl\/index.php\/wp-json\/wp\/v2\/types\/product"}],"replies":[{"embeddable":true,"href":"https:\/\/www.bobooaza.pl\/index.php\/wp-json\/wp\/v2\/comments?post=9645"}],"wp:featuredmedia":[{"embeddable":true,"href":"https:\/\/www.bobooaza.pl\/index.php\/wp-json\/wp\/v2\/media\/9643"}],"wp:attachment":[{"href":"https:\/\/www.bobooaza.pl\/index.php\/wp-json\/wp\/v2\/media?parent=9645"}],"wp:term":[{"taxonomy":"product_brand","embeddable":true,"href":"https:\/\/www.bobooaza.pl\/index.php\/wp-json\/wp\/v2\/product_brand?post=9645"},{"taxonomy":"product_cat","embeddable":true,"href":"https:\/\/www.bobooaza.pl\/index.php\/wp-json\/wp\/v2\/product_cat?post=9645"},{"taxonomy":"product_tag","embeddable":true,"href":"https:\/\/www.bobooaza.pl\/index.php\/wp-json\/wp\/v2\/product_tag?post=9645"}],"curies":[{"name":"wp","href":"https:\/\/api.w.org\/{rel}","templated":true}]}}