{"id":9647,"date":"2026-01-01T23:52:05","date_gmt":"2026-01-01T22:52:05","guid":{"rendered":"https:\/\/bobooaza.pl\/index.php\/produkt\/mam-854347-gryzak-biterelaks-faza-1\/"},"modified":"2026-01-19T21:52:57","modified_gmt":"2026-01-19T20:52:57","slug":"mam-854347-gryzak-biterelaks-faza-1","status":"publish","type":"product","link":"https:\/\/www.bobooaza.pl\/index.php\/produkt\/mam-854347-gryzak-biterelaks-faza-1\/","title":{"rendered":"MAM 854347 Gryzak Bite&amp;Relaks faza 1"},"content":{"rendered":"<p>Minigryzak Bite&amp;Relaks faza 1 zosta\u0142 zaprojektowany specjalnie dla niemowl\u0105t w pierwszej fazie z\u0105bkowania, zapewniaj\u0105c szybk\u0105 ulg\u0119 w okolicy przednich z\u0119b\u00f3w.<\/p>\n<p>Cechy produktu:<\/p>\n<p>4 struktury powierzchni i 2 rodzaje materia\u0142u \u2013 urozmaicenie podczas gryzienia, skutecznie \u0142agodzi dyskomfort dzi\u0105se\u0142.<\/p>\n<p>Ultralekki i kompaktowy \u2013 idealny do trzymania przez ma\u0142e dzieci oraz wygodny w podr\u00f3\u017cy.<\/p>\n<p>Specjalny kszta\u0142t \u2013 wspiera rozw\u00f3j zdolno\u015bci manualnych dziecka.<\/p>\n<p>\u0141atwy w u\u017cyciu \u2013 odpowiedni nawet dla niemowl\u0105t od 2 miesi\u0105ca \u017cycia.<\/p>\n<p>Bezpieczne materia\u0142y \u2013 wolny od BPA i BPS, bezpieczny dla malucha.<\/p>\n<p>Wskaz\u00f3wki rozwojowe:<\/p>\n<p>2m+ \u2013 pomaga w \u0142agodzeniu dyskomfortu podczas z\u0105bkowania oraz wspiera rozw\u00f3j chwytu i koordynacji r\u0119ka-oko.<\/p>\n","protected":false},"excerpt":{"rendered":"<p>Minigryzak Bite&amp;Relaks faza 1 zosta\u0142 zaprojektowany specjalnie dla niemowl\u0105t w pierwszej fazie z\u0105bkowania, zapewniaj\u0105c szybk\u0105 ulg\u0119 w okolicy przednich z\u0119b\u00f3w. Cechy produktu: 4 struktury powierzchni i 2 rodzaje materia\u0142u \u2013 urozmaicenie podczas gryzienia, skutecznie \u0142agodzi dyskomfort dzi\u0105se\u0142. Ultralekki i kompaktowy \u2013 idealny do trzymania przez ma\u0142e dzieci oraz wygodny w podr\u00f3\u017cy. Specjalny kszta\u0142t \u2013 wspiera [&hellip;]<\/p>\n","protected":false},"featured_media":9646,"comment_status":"open","ping_status":"closed","template":"","meta":[],"product_brand":[],"product_cat":[65,70,61],"product_tag":[],"class_list":{"0":"post-9647","1":"product","2":"type-product","3":"status-publish","4":"has-post-thumbnail","6":"product_cat-gryzaki","7":"product_cat-sensoryczne-i-montessori","8":"product_cat-zabawki","10":"first","11":"instock","12":"taxable","13":"shipping-taxable","14":"purchasable","15":"product-type-simple"},"_links":{"self":[{"href":"https:\/\/www.bobooaza.pl\/index.php\/wp-json\/wp\/v2\/product\/9647","targetHints":{"allow":["GET"]}}],"collection":[{"href":"https:\/\/www.bobooaza.pl\/index.php\/wp-json\/wp\/v2\/product"}],"about":[{"href":"https:\/\/www.bobooaza.pl\/index.php\/wp-json\/wp\/v2\/types\/product"}],"replies":[{"embeddable":true,"href":"https:\/\/www.bobooaza.pl\/index.php\/wp-json\/wp\/v2\/comments?post=9647"}],"wp:featuredmedia":[{"embeddable":true,"href":"https:\/\/www.bobooaza.pl\/index.php\/wp-json\/wp\/v2\/media\/9646"}],"wp:attachment":[{"href":"https:\/\/www.bobooaza.pl\/index.php\/wp-json\/wp\/v2\/media?parent=9647"}],"wp:term":[{"taxonomy":"product_brand","embeddable":true,"href":"https:\/\/www.bobooaza.pl\/index.php\/wp-json\/wp\/v2\/product_brand?post=9647"},{"taxonomy":"product_cat","embeddable":true,"href":"https:\/\/www.bobooaza.pl\/index.php\/wp-json\/wp\/v2\/product_cat?post=9647"},{"taxonomy":"product_tag","embeddable":true,"href":"https:\/\/www.bobooaza.pl\/index.php\/wp-json\/wp\/v2\/product_tag?post=9647"}],"curies":[{"name":"wp","href":"https:\/\/api.w.org\/{rel}","templated":true}]}}