{"id":9667,"date":"2026-01-02T00:09:21","date_gmt":"2026-01-01T23:09:21","guid":{"rendered":"https:\/\/bobooaza.pl\/index.php\/produkt\/mombella-gryzak-zabawka-squirrel-red\/"},"modified":"2026-01-19T21:53:01","modified_gmt":"2026-01-19T20:53:01","slug":"mombella-gryzak-zabawka-squirrel-red","status":"publish","type":"product","link":"https:\/\/www.bobooaza.pl\/index.php\/produkt\/mombella-gryzak-zabawka-squirrel-red\/","title":{"rendered":"Mombella Gryzak Zabawka Squirrel Red"},"content":{"rendered":"<p>Mi\u0119kki, silikonowy gryzak dla niemowl\u0105t w kszta\u0142cie weso\u0142ej wiewi\u00f3rki w formie literki \u201eS\u201d. Ergonomiczny kszta\u0142t zapewnia bezpiecze\u0144stwo, chroni\u0105c maluszka przed zad\u0142awieniem. R\u00f3\u017cnorodne tekstury gryzaka delikatnie masuj\u0105 dzi\u0105se\u0142ka, przynosz\u0105c ulg\u0119 podczas z\u0105bkowania. Gryzak zosta\u0142 zaprojektowany tak, aby idealnie pasowa\u0142 do ma\u0142ych r\u0105czek dziecka i rozwija\u0142 zdolno\u015bci manualne. Mo\u017ce pe\u0142ni\u0107 tak\u017ce funkcj\u0119 praktycznej pomocy przy podawaniu kaszek czy przecier\u00f3w. Atrakcyjny design i \u017cywe kolory zach\u0119caj\u0105 do zabawy. Gryzak jest bezpieczny, \u0142atwy do gryzienia i mo\u017cna go och\u0142odzi\u0107 w zamra\u017carce dla dodatkowego ukojenia.<\/p>\n<p>Produkt mo\u017cna my\u0107 w zmywarce oraz u\u017cywa\u0107 w mikrofal\u00f3wce i zamra\u017carce.<\/p>\n<p>Cechy produktu:<\/p>\n<p>Mi\u0119kki i elastyczny \u2013 \u0142agodzi b\u00f3l dzi\u0105se\u0142<\/p>\n<p>Bezpieczny kszta\u0142t literki \u201eS\u201d zapobiega zad\u0142awieniu<\/p>\n<p>R\u00f3\u017cnorodne struktury powierzchni stymuluj\u0105 sensorycznie<\/p>\n<p>Idealny kszta\u0142t i rozmiar dla ma\u0142ych r\u0105czek<\/p>\n<p>Mo\u017ce by\u0107 u\u017cywany do podawania kaszek i przecier\u00f3w<\/p>\n<p>Atrakcyjny wygl\u0105d i \u017cywe kolory zach\u0119caj\u0105 do zabawy<\/p>\n<p>Mo\u017cliwo\u015b\u0107 mycia w zmywarce i przechowywania w zamra\u017carce<\/p>\n<p>Wolny od BPA i ftalan\u00f3w<\/p>\n<p>Dane techniczne:<\/p>\n<p>Materia\u0142: silikon spo\u017cywczy<\/p>\n<p>Wiek dziecka: 0 m+<\/p>\n<p>Wymiary:<\/p>\n<p>Szeroko\u015b\u0107: 5,7 cm<\/p>\n<p>Wysoko\u015b\u0107: 11,5 cm<\/p>\n<p>Grubo\u015b\u0107: 1 cm<\/p>\n","protected":false},"excerpt":{"rendered":"<p>Mi\u0119kki, silikonowy gryzak dla niemowl\u0105t w kszta\u0142cie weso\u0142ej wiewi\u00f3rki w formie literki \u201eS\u201d. Ergonomiczny kszta\u0142t zapewnia bezpiecze\u0144stwo, chroni\u0105c maluszka przed zad\u0142awieniem. R\u00f3\u017cnorodne tekstury gryzaka delikatnie masuj\u0105 dzi\u0105se\u0142ka, przynosz\u0105c ulg\u0119 podczas z\u0105bkowania. Gryzak zosta\u0142 zaprojektowany tak, aby idealnie pasowa\u0142 do ma\u0142ych r\u0105czek dziecka i rozwija\u0142 zdolno\u015bci manualne. Mo\u017ce pe\u0142ni\u0107 tak\u017ce funkcj\u0119 praktycznej pomocy przy podawaniu kaszek [&hellip;]<\/p>\n","protected":false},"featured_media":9664,"comment_status":"open","ping_status":"closed","template":"","meta":[],"product_brand":[],"product_cat":[65,70,61],"product_tag":[],"class_list":{"0":"post-9667","1":"product","2":"type-product","3":"status-publish","4":"has-post-thumbnail","6":"product_cat-gryzaki","7":"product_cat-sensoryczne-i-montessori","8":"product_cat-zabawki","10":"first","11":"instock","12":"taxable","13":"shipping-taxable","14":"purchasable","15":"product-type-simple"},"_links":{"self":[{"href":"https:\/\/www.bobooaza.pl\/index.php\/wp-json\/wp\/v2\/product\/9667","targetHints":{"allow":["GET"]}}],"collection":[{"href":"https:\/\/www.bobooaza.pl\/index.php\/wp-json\/wp\/v2\/product"}],"about":[{"href":"https:\/\/www.bobooaza.pl\/index.php\/wp-json\/wp\/v2\/types\/product"}],"replies":[{"embeddable":true,"href":"https:\/\/www.bobooaza.pl\/index.php\/wp-json\/wp\/v2\/comments?post=9667"}],"wp:featuredmedia":[{"embeddable":true,"href":"https:\/\/www.bobooaza.pl\/index.php\/wp-json\/wp\/v2\/media\/9664"}],"wp:attachment":[{"href":"https:\/\/www.bobooaza.pl\/index.php\/wp-json\/wp\/v2\/media?parent=9667"}],"wp:term":[{"taxonomy":"product_brand","embeddable":true,"href":"https:\/\/www.bobooaza.pl\/index.php\/wp-json\/wp\/v2\/product_brand?post=9667"},{"taxonomy":"product_cat","embeddable":true,"href":"https:\/\/www.bobooaza.pl\/index.php\/wp-json\/wp\/v2\/product_cat?post=9667"},{"taxonomy":"product_tag","embeddable":true,"href":"https:\/\/www.bobooaza.pl\/index.php\/wp-json\/wp\/v2\/product_tag?post=9667"}],"curies":[{"name":"wp","href":"https:\/\/api.w.org\/{rel}","templated":true}]}}