{"id":9671,"date":"2026-01-02T00:09:25","date_gmt":"2026-01-01T23:09:25","guid":{"rendered":"https:\/\/bobooaza.pl\/index.php\/produkt\/mombella-gryzak-dancing-elephant-purple\/"},"modified":"2026-01-19T21:53:02","modified_gmt":"2026-01-19T20:53:02","slug":"mombella-gryzak-dancing-elephant-purple","status":"publish","type":"product","link":"https:\/\/www.bobooaza.pl\/index.php\/produkt\/mombella-gryzak-dancing-elephant-purple\/","title":{"rendered":"Mombella Gryzak Dancing Elephant Purple"},"content":{"rendered":"<p>Mi\u0119kki, ta\u0144cz\u0105cy s\u0142onik zosta\u0142 stworzony z my\u015bl\u0105 o najm\u0142odszych dzieciach. Gryzak zosta\u0142 zaprojektowany tak, aby jego ko\u0144c\u00f3wka z wypustkami delikatnie masowa\u0142a dzi\u0105se\u0142ka i \u0142agodzi\u0142a b\u00f3l podczas z\u0105bkowania. Ergonomiczny kszta\u0142t i rozmiar u\u0142atwiaj\u0105 dziecku chwytanie. Produkt mo\u017ce pe\u0142ni\u0107 r\u00f3wnie\u017c funkcj\u0119 szczoteczki do z\u0119b\u00f3w \u2013 w pe\u0142ni bezpiecznej i zapobiegaj\u0105cej zad\u0142awieniu. Kolorystyka i kszta\u0142t s\u0142onika zach\u0119caj\u0105 Malucha do zabawy i wspieraj\u0105 rozw\u00f3j zdolno\u015bci motorycznych.<\/p>\n<p>Produkt mo\u017cna my\u0107 w zmywarce, przechowywa\u0107 w zamra\u017carce, a tak\u017ce u\u017cywa\u0107 w mikrofal\u00f3wce.<\/p>\n<p>Cechy produktu:<\/p>\n<p>Mi\u0119kki i elastyczny \u2013 \u0142agodzi b\u00f3l dzi\u0105se\u0142<\/p>\n<p>Ergonomiczny kszta\u0142t i rozmiar dla ma\u0142ych r\u0105czek<\/p>\n<p>Mo\u017ce s\u0142u\u017cy\u0107 jako bezpieczna szczoteczka do z\u0119b\u00f3w<\/p>\n<p>Atrakcyjny, kolorowy design zach\u0119caj\u0105cy do zabawy<\/p>\n<p>Mo\u017cliwo\u015b\u0107 mycia w zmywarce i przechowywania w zamra\u017carce<\/p>\n<p>Wolny od BPA i ftalan\u00f3w<\/p>\n<p>Dane techniczne:<\/p>\n<p>Materia\u0142: bezpieczny silikon spo\u017cywczy<\/p>\n<p>Wiek dziecka: 0 m+<\/p>\n<p>Wymiary:<\/p>\n<p>Szeroko\u015b\u0107: 5,8 cm<\/p>\n<p>Wysoko\u015b\u0107: 10,6 cm<\/p>\n<p>Grubo\u015b\u0107: 5 cm<\/p>\n","protected":false},"excerpt":{"rendered":"<p>Mi\u0119kki, ta\u0144cz\u0105cy s\u0142onik zosta\u0142 stworzony z my\u015bl\u0105 o najm\u0142odszych dzieciach. Gryzak zosta\u0142 zaprojektowany tak, aby jego ko\u0144c\u00f3wka z wypustkami delikatnie masowa\u0142a dzi\u0105se\u0142ka i \u0142agodzi\u0142a b\u00f3l podczas z\u0105bkowania. Ergonomiczny kszta\u0142t i rozmiar u\u0142atwiaj\u0105 dziecku chwytanie. Produkt mo\u017ce pe\u0142ni\u0107 r\u00f3wnie\u017c funkcj\u0119 szczoteczki do z\u0119b\u00f3w \u2013 w pe\u0142ni bezpiecznej i zapobiegaj\u0105cej zad\u0142awieniu. Kolorystyka i kszta\u0142t s\u0142onika zach\u0119caj\u0105 Malucha [&hellip;]<\/p>\n","protected":false},"featured_media":9670,"comment_status":"open","ping_status":"closed","template":"","meta":[],"product_brand":[],"product_cat":[65,70,61],"product_tag":[],"class_list":{"0":"post-9671","1":"product","2":"type-product","3":"status-publish","4":"has-post-thumbnail","6":"product_cat-gryzaki","7":"product_cat-sensoryczne-i-montessori","8":"product_cat-zabawki","10":"first","11":"instock","12":"taxable","13":"shipping-taxable","14":"purchasable","15":"product-type-simple"},"_links":{"self":[{"href":"https:\/\/www.bobooaza.pl\/index.php\/wp-json\/wp\/v2\/product\/9671","targetHints":{"allow":["GET"]}}],"collection":[{"href":"https:\/\/www.bobooaza.pl\/index.php\/wp-json\/wp\/v2\/product"}],"about":[{"href":"https:\/\/www.bobooaza.pl\/index.php\/wp-json\/wp\/v2\/types\/product"}],"replies":[{"embeddable":true,"href":"https:\/\/www.bobooaza.pl\/index.php\/wp-json\/wp\/v2\/comments?post=9671"}],"wp:featuredmedia":[{"embeddable":true,"href":"https:\/\/www.bobooaza.pl\/index.php\/wp-json\/wp\/v2\/media\/9670"}],"wp:attachment":[{"href":"https:\/\/www.bobooaza.pl\/index.php\/wp-json\/wp\/v2\/media?parent=9671"}],"wp:term":[{"taxonomy":"product_brand","embeddable":true,"href":"https:\/\/www.bobooaza.pl\/index.php\/wp-json\/wp\/v2\/product_brand?post=9671"},{"taxonomy":"product_cat","embeddable":true,"href":"https:\/\/www.bobooaza.pl\/index.php\/wp-json\/wp\/v2\/product_cat?post=9671"},{"taxonomy":"product_tag","embeddable":true,"href":"https:\/\/www.bobooaza.pl\/index.php\/wp-json\/wp\/v2\/product_tag?post=9671"}],"curies":[{"name":"wp","href":"https:\/\/api.w.org\/{rel}","templated":true}]}}