{"id":9673,"date":"2026-01-02T00:09:26","date_gmt":"2026-01-01T23:09:26","guid":{"rendered":"https:\/\/bobooaza.pl\/index.php\/produkt\/mombella-8131-gryzak-zabawka-malpka-chimney-red\/"},"modified":"2026-01-02T00:17:53","modified_gmt":"2026-01-01T23:17:53","slug":"mombella-8131-gryzak-zabawka-malpka-chimney-red","status":"publish","type":"product","link":"https:\/\/www.bobooaza.pl\/index.php\/produkt\/mombella-8131-gryzak-zabawka-malpka-chimney-red\/","title":{"rendered":"Mombella 8131 Gryzak Zabawka Ma\u0142pka Chimney Red"},"content":{"rendered":"<p>Wielofunkcyjny gryzak w kszta\u0142cie ma\u0142pki zosta\u0142 stworzony z my\u015bl\u0105 o najm\u0142odszych dzieciach. Produkt pe\u0142ni rol\u0119 gryzaka, zabawki oraz uchwytu na kubek. D\u0142ugie ramiona ma\u0142pki oferuj\u0105 ponad 20 mo\u017cliwo\u015bci zabawy, rozwijaj\u0105c zdolno\u015bci motoryczne i wspieraj\u0105c kreatywn\u0105 interakcj\u0119 dziecka. Mi\u0119kka, elastyczna konstrukcja idealnie dopasowuje si\u0119 do ma\u0142ych r\u0105czek, \u0142agodz\u0105c b\u00f3l podczas z\u0105bkowania. Kolorystyka i atrakcyjny kszta\u0142t zach\u0119caj\u0105 Malucha do samodzielnej zabawy.<\/p>\n<p>Produkt jest bezpieczny, \u0142atwy do gryzienia nawet po och\u0142odzeniu oraz przystosowany do sterylizacji.<\/p>\n<p>Cechy produktu:<\/p>\n<p>Wielofunkcyjny: gryzak, zabawka i uchwyt na kubek<\/p>\n<p>Ponad 20 mo\u017cliwo\u015bci zabawy<\/p>\n<p>Mi\u0119kki i elastyczny \u2013 \u0142agodzi b\u00f3l dzi\u0105se\u0142<\/p>\n<p>Ergonomiczny kszta\u0142t i rozmiar u\u0142atwiaj\u0105 chwytanie<\/p>\n<p>Bezpieczny kszta\u0142t \u2013 uniemo\u017cliwia zad\u0142awienie<\/p>\n<p>Wysokiej jako\u015bci silikon spo\u017cywczy<\/p>\n<p>Mo\u017cliwo\u015b\u0107 sterylizacji<\/p>\n<p>Wolny od BPA, ftalan\u00f3w i metali ci\u0119\u017ckich<\/p>\n<p>Dane techniczne:<\/p>\n<p>Materia\u0142: bezpieczny silikon spo\u017cywczy<\/p>\n<p>Wiek dziecka: 0 m+<\/p>\n<p>Wymiary:<\/p>\n<p>Szeroko\u015b\u0107: 10 cm<\/p>\n<p>Wysoko\u015b\u0107: 10 cm<\/p>\n<p>Grubo\u015b\u0107: 5 cm<\/p>\n","protected":false},"excerpt":{"rendered":"<p>Wielofunkcyjny gryzak w kszta\u0142cie ma\u0142pki zosta\u0142 stworzony z my\u015bl\u0105 o najm\u0142odszych dzieciach. Produkt pe\u0142ni rol\u0119 gryzaka, zabawki oraz uchwytu na kubek. D\u0142ugie ramiona ma\u0142pki oferuj\u0105 ponad 20 mo\u017cliwo\u015bci zabawy, rozwijaj\u0105c zdolno\u015bci motoryczne i wspieraj\u0105c kreatywn\u0105 interakcj\u0119 dziecka. Mi\u0119kka, elastyczna konstrukcja idealnie dopasowuje si\u0119 do ma\u0142ych r\u0105czek, \u0142agodz\u0105c b\u00f3l podczas z\u0105bkowania. Kolorystyka i atrakcyjny kszta\u0142t zach\u0119caj\u0105 [&hellip;]<\/p>\n","protected":false},"featured_media":9672,"comment_status":"open","ping_status":"closed","template":"","meta":[],"product_brand":[],"product_cat":[65,70,61],"product_tag":[],"class_list":{"0":"post-9673","1":"product","2":"type-product","3":"status-publish","4":"has-post-thumbnail","6":"product_cat-gryzaki","7":"product_cat-sensoryczne-i-montessori","8":"product_cat-zabawki","10":"first","11":"instock","12":"taxable","13":"shipping-taxable","14":"purchasable","15":"product-type-simple"},"_links":{"self":[{"href":"https:\/\/www.bobooaza.pl\/index.php\/wp-json\/wp\/v2\/product\/9673","targetHints":{"allow":["GET"]}}],"collection":[{"href":"https:\/\/www.bobooaza.pl\/index.php\/wp-json\/wp\/v2\/product"}],"about":[{"href":"https:\/\/www.bobooaza.pl\/index.php\/wp-json\/wp\/v2\/types\/product"}],"replies":[{"embeddable":true,"href":"https:\/\/www.bobooaza.pl\/index.php\/wp-json\/wp\/v2\/comments?post=9673"}],"wp:featuredmedia":[{"embeddable":true,"href":"https:\/\/www.bobooaza.pl\/index.php\/wp-json\/wp\/v2\/media\/9672"}],"wp:attachment":[{"href":"https:\/\/www.bobooaza.pl\/index.php\/wp-json\/wp\/v2\/media?parent=9673"}],"wp:term":[{"taxonomy":"product_brand","embeddable":true,"href":"https:\/\/www.bobooaza.pl\/index.php\/wp-json\/wp\/v2\/product_brand?post=9673"},{"taxonomy":"product_cat","embeddable":true,"href":"https:\/\/www.bobooaza.pl\/index.php\/wp-json\/wp\/v2\/product_cat?post=9673"},{"taxonomy":"product_tag","embeddable":true,"href":"https:\/\/www.bobooaza.pl\/index.php\/wp-json\/wp\/v2\/product_tag?post=9673"}],"curies":[{"name":"wp","href":"https:\/\/api.w.org\/{rel}","templated":true}]}}